{"id":8166,"date":"2015-12-10T21:22:13","date_gmt":"2015-12-10T21:22:13","guid":{"rendered":"https:\/\/gracious-dewdney.138-201-221-2.plesk.page\/?page_id=8166"},"modified":"2015-12-10T21:22:13","modified_gmt":"2015-12-10T21:22:13","slug":"eloimadkozoink","status":"publish","type":"page","link":"https:\/\/stuttgarti-katolikusok.de\/index.php\/eloimadkozoink\/","title":{"rendered":"El\u0151im\u00e1dkoz\u00f3ink"},"content":{"rendered":"<p><strong>\u00a0<\/strong><\/p>\n<table>\n<tbody>\n<tr>\n<td width=\"108\">Balingen-Frommern:<\/td>\n<td width=\"216\">&#8211;<\/td>\n<\/tr>\n<tr>\n<td width=\"108\">Biberach:<\/td>\n<td width=\"216\">Schreppler Judit&amp;Josef, Schreppler Ilona<\/td>\n<\/tr>\n<tr>\n<td width=\"108\">B\u00f6blingen:<\/td>\n<td width=\"216\">&#8211;<\/td>\n<\/tr>\n<tr>\n<td width=\"108\">Eislingen:<\/td>\n<td width=\"216\">Kinczel L\u00e1szl\u00f3&amp;Monika<\/td>\n<\/tr>\n<tr>\n<td width=\"108\">Friedrichshafen:<\/td>\n<td width=\"216\">&#8211;<\/td>\n<\/tr>\n<tr>\n<td width=\"108\">Heidenheim:<\/td>\n<td width=\"216\">&#8211;<\/td>\n<\/tr>\n<tr>\n<td width=\"108\">Heilbronn-Horkheim:<\/td>\n<td width=\"216\">&#8211;<\/td>\n<\/tr>\n<tr>\n<td width=\"108\">Ludwigsburg:<\/td>\n<td width=\"216\">Geiger Erika<\/td>\n<\/tr>\n<tr>\n<td width=\"108\">Munderkingen:<\/td>\n<td width=\"216\">&#8211;<\/td>\n<\/tr>\n<tr>\n<td width=\"108\">Reutlingen:<\/td>\n<td width=\"216\">Wieser Rita<\/td>\n<\/tr>\n<tr>\n<td width=\"108\">Schw\u00e4bisch Gm\u00fcnd:<\/td>\n<td width=\"216\">Korn M\u00e1ria<\/td>\n<\/tr>\n<tr>\n<td width=\"108\">Stuttgart:<\/td>\n<td width=\"216\">Sebescen Eszter<\/td>\n<\/tr>\n<tr>\n<td width=\"108\">Ulm:<\/td>\n<td width=\"216\">&#8211;<\/td>\n<\/tr>\n<tr>\n<td width=\"108\">Weingartenben:<\/td>\n<td width=\"216\">Kreiter Ter\u00e9zia, Nabholz Maria<\/td>\n<\/tr>\n<\/tbody>\n<\/table>\n<p><strong>\u00a0<\/strong><\/p>\n<p><strong>\u00a0<\/strong><\/p>\n<p><strong>\u00a0<\/strong><\/p>\n<p><strong>\u00a0<\/strong><\/p>\n","protected":false},"excerpt":{"rendered":"<p>\u00a0 Balingen-Frommern: &#8211; Biberach: Schreppler Judit&amp;Josef, Schreppler Ilona B\u00f6blingen: &#8211; Eislingen: Kinczel L\u00e1szl\u00f3&amp;Monika Friedrichshafen: &#8211; Heidenheim: &#8211; Heilbronn-Horkheim: &#8211; Ludwigsburg: Geiger Erika Munderkingen: &#8211; Reutlingen: Wieser Rita Schw\u00e4bisch Gm\u00fcnd: Korn M\u00e1ria Stuttgart: Sebescen Eszter Ulm: &#8211; Weingartenben: Kreiter Ter\u00e9zia, Nabholz Maria \u00a0 \u00a0 \u00a0 \u00a0<\/p>\n","protected":false},"author":7,"featured_media":0,"parent":0,"menu_order":0,"comment_status":"closed","ping_status":"closed","template":"","meta":{"footnotes":""},"class_list":["post-8166","page","type-page","status-publish","hentry"],"yoast_head":"<!-- This site is optimized with the Yoast SEO plugin v27.3 - https:\/\/yoast.com\/product\/yoast-seo-wordpress\/ -->\n<title>El\u0151im\u00e1dkoz\u00f3ink - Stuttgarti Katolikusok<\/title>\n<meta name=\"robots\" content=\"index, follow, max-snippet:-1, max-image-preview:large, max-video-preview:-1\" \/>\n<link rel=\"canonical\" href=\"https:\/\/stuttgarti-katolikusok.de\/index.php\/eloimadkozoink\/\" \/>\n<meta property=\"og:locale\" content=\"hu_HU\" \/>\n<meta property=\"og:type\" content=\"article\" \/>\n<meta property=\"og:title\" content=\"El\u0151im\u00e1dkoz\u00f3ink - Stuttgarti Katolikusok\" \/>\n<meta property=\"og:description\" content=\"\u00a0 Balingen-Frommern: &#8211; Biberach: Schreppler Judit&amp;Josef, Schreppler Ilona B\u00f6blingen: &#8211; Eislingen: Kinczel L\u00e1szl\u00f3&amp;Monika Friedrichshafen: &#8211; Heidenheim: &#8211; Heilbronn-Horkheim: &#8211; Ludwigsburg: Geiger Erika Munderkingen: &#8211; Reutlingen: Wieser Rita Schw\u00e4bisch Gm\u00fcnd: Korn M\u00e1ria Stuttgart: Sebescen Eszter Ulm: &#8211; Weingartenben: Kreiter Ter\u00e9zia, Nabholz Maria \u00a0 \u00a0 \u00a0 \u00a0\" \/>\n<meta property=\"og:url\" content=\"https:\/\/stuttgarti-katolikusok.de\/index.php\/eloimadkozoink\/\" \/>\n<meta property=\"og:site_name\" content=\"Stuttgarti Katolikusok\" \/>\n<meta name=\"twitter:card\" content=\"summary_large_image\" \/>\n<script type=\"application\/ld+json\" class=\"yoast-schema-graph\">{\"@context\":\"https:\\\/\\\/schema.org\",\"@graph\":[{\"@type\":\"WebPage\",\"@id\":\"https:\\\/\\\/stuttgarti-katolikusok.de\\\/index.php\\\/eloimadkozoink\\\/\",\"url\":\"https:\\\/\\\/stuttgarti-katolikusok.de\\\/index.php\\\/eloimadkozoink\\\/\",\"name\":\"El\u0151im\u00e1dkoz\u00f3ink - Stuttgarti Katolikusok\",\"isPartOf\":{\"@id\":\"https:\\\/\\\/stuttgarti-katolikusok.de\\\/#website\"},\"datePublished\":\"2015-12-10T21:22:13+00:00\",\"breadcrumb\":{\"@id\":\"https:\\\/\\\/stuttgarti-katolikusok.de\\\/index.php\\\/eloimadkozoink\\\/#breadcrumb\"},\"inLanguage\":\"hu\",\"potentialAction\":[{\"@type\":\"ReadAction\",\"target\":[\"https:\\\/\\\/stuttgarti-katolikusok.de\\\/index.php\\\/eloimadkozoink\\\/\"]}]},{\"@type\":\"BreadcrumbList\",\"@id\":\"https:\\\/\\\/stuttgarti-katolikusok.de\\\/index.php\\\/eloimadkozoink\\\/#breadcrumb\",\"itemListElement\":[{\"@type\":\"ListItem\",\"position\":1,\"name\":\"Kezd\u0151lap\",\"item\":\"https:\\\/\\\/stuttgarti-katolikusok.de\\\/\"},{\"@type\":\"ListItem\",\"position\":2,\"name\":\"El\u0151im\u00e1dkoz\u00f3ink\"}]},{\"@type\":\"WebSite\",\"@id\":\"https:\\\/\\\/stuttgarti-katolikusok.de\\\/#website\",\"url\":\"https:\\\/\\\/stuttgarti-katolikusok.de\\\/\",\"name\":\"Stuttgarti Katolikusok\",\"description\":\"\",\"potentialAction\":[{\"@type\":\"SearchAction\",\"target\":{\"@type\":\"EntryPoint\",\"urlTemplate\":\"https:\\\/\\\/stuttgarti-katolikusok.de\\\/?s={search_term_string}\"},\"query-input\":{\"@type\":\"PropertyValueSpecification\",\"valueRequired\":true,\"valueName\":\"search_term_string\"}}],\"inLanguage\":\"hu\"}]}<\/script>\n<!-- \/ Yoast SEO plugin. -->","yoast_head_json":{"title":"El\u0151im\u00e1dkoz\u00f3ink - Stuttgarti Katolikusok","robots":{"index":"index","follow":"follow","max-snippet":"max-snippet:-1","max-image-preview":"max-image-preview:large","max-video-preview":"max-video-preview:-1"},"canonical":"https:\/\/stuttgarti-katolikusok.de\/index.php\/eloimadkozoink\/","og_locale":"hu_HU","og_type":"article","og_title":"El\u0151im\u00e1dkoz\u00f3ink - Stuttgarti Katolikusok","og_description":"\u00a0 Balingen-Frommern: &#8211; Biberach: Schreppler Judit&amp;Josef, Schreppler Ilona B\u00f6blingen: &#8211; Eislingen: Kinczel L\u00e1szl\u00f3&amp;Monika Friedrichshafen: &#8211; Heidenheim: &#8211; Heilbronn-Horkheim: &#8211; Ludwigsburg: Geiger Erika Munderkingen: &#8211; Reutlingen: Wieser Rita Schw\u00e4bisch Gm\u00fcnd: Korn M\u00e1ria Stuttgart: Sebescen Eszter Ulm: &#8211; Weingartenben: Kreiter Ter\u00e9zia, Nabholz Maria \u00a0 \u00a0 \u00a0 \u00a0","og_url":"https:\/\/stuttgarti-katolikusok.de\/index.php\/eloimadkozoink\/","og_site_name":"Stuttgarti Katolikusok","twitter_card":"summary_large_image","schema":{"@context":"https:\/\/schema.org","@graph":[{"@type":"WebPage","@id":"https:\/\/stuttgarti-katolikusok.de\/index.php\/eloimadkozoink\/","url":"https:\/\/stuttgarti-katolikusok.de\/index.php\/eloimadkozoink\/","name":"El\u0151im\u00e1dkoz\u00f3ink - Stuttgarti Katolikusok","isPartOf":{"@id":"https:\/\/stuttgarti-katolikusok.de\/#website"},"datePublished":"2015-12-10T21:22:13+00:00","breadcrumb":{"@id":"https:\/\/stuttgarti-katolikusok.de\/index.php\/eloimadkozoink\/#breadcrumb"},"inLanguage":"hu","potentialAction":[{"@type":"ReadAction","target":["https:\/\/stuttgarti-katolikusok.de\/index.php\/eloimadkozoink\/"]}]},{"@type":"BreadcrumbList","@id":"https:\/\/stuttgarti-katolikusok.de\/index.php\/eloimadkozoink\/#breadcrumb","itemListElement":[{"@type":"ListItem","position":1,"name":"Kezd\u0151lap","item":"https:\/\/stuttgarti-katolikusok.de\/"},{"@type":"ListItem","position":2,"name":"El\u0151im\u00e1dkoz\u00f3ink"}]},{"@type":"WebSite","@id":"https:\/\/stuttgarti-katolikusok.de\/#website","url":"https:\/\/stuttgarti-katolikusok.de\/","name":"Stuttgarti Katolikusok","description":"","potentialAction":[{"@type":"SearchAction","target":{"@type":"EntryPoint","urlTemplate":"https:\/\/stuttgarti-katolikusok.de\/?s={search_term_string}"},"query-input":{"@type":"PropertyValueSpecification","valueRequired":true,"valueName":"search_term_string"}}],"inLanguage":"hu"}]}},"_links":{"self":[{"href":"https:\/\/stuttgarti-katolikusok.de\/index.php\/wp-json\/wp\/v2\/pages\/8166","targetHints":{"allow":["GET"]}}],"collection":[{"href":"https:\/\/stuttgarti-katolikusok.de\/index.php\/wp-json\/wp\/v2\/pages"}],"about":[{"href":"https:\/\/stuttgarti-katolikusok.de\/index.php\/wp-json\/wp\/v2\/types\/page"}],"author":[{"embeddable":true,"href":"https:\/\/stuttgarti-katolikusok.de\/index.php\/wp-json\/wp\/v2\/users\/7"}],"replies":[{"embeddable":true,"href":"https:\/\/stuttgarti-katolikusok.de\/index.php\/wp-json\/wp\/v2\/comments?post=8166"}],"version-history":[{"count":1,"href":"https:\/\/stuttgarti-katolikusok.de\/index.php\/wp-json\/wp\/v2\/pages\/8166\/revisions"}],"predecessor-version":[{"id":8167,"href":"https:\/\/stuttgarti-katolikusok.de\/index.php\/wp-json\/wp\/v2\/pages\/8166\/revisions\/8167"}],"wp:attachment":[{"href":"https:\/\/stuttgarti-katolikusok.de\/index.php\/wp-json\/wp\/v2\/media?parent=8166"}],"curies":[{"name":"wp","href":"https:\/\/api.w.org\/{rel}","templated":true}]}}