{"id":8158,"date":"2015-12-10T21:18:29","date_gmt":"2015-12-10T21:18:29","guid":{"rendered":"https:\/\/gracious-dewdney.138-201-221-2.plesk.page\/?page_id=8158"},"modified":"2022-11-18T11:18:58","modified_gmt":"2022-11-18T10:18:58","slug":"orgonistaink","status":"publish","type":"page","link":"https:\/\/stuttgarti-katolikusok.de\/index.php\/orgonistaink\/","title":{"rendered":"Orgonist\u00e1ink"},"content":{"rendered":"<p><strong>\u00a0<\/strong><\/p>\n<table style=\"height: 592px;\" width=\"536\">\n<tbody>\n<tr>\n<td width=\"72\">Balingen-Frommern<\/td>\n<td width=\"225\">B\u00f6hm Timea<\/td>\n<\/tr>\n<tr>\n<td width=\"72\">Biberach<\/td>\n<td width=\"225\">Merker Ferenc<\/td>\n<\/tr>\n<tr>\n<td width=\"72\">B\u00f6blingen<\/td>\n<td width=\"225\">Andree Brigitta &amp; P\u00e1l Ram\u00f3na<\/td>\n<\/tr>\n<tr>\n<td width=\"72\">Eislingen<\/td>\n<td width=\"225\">Schirak Maria<\/td>\n<\/tr>\n<tr>\n<td width=\"72\">Friedrichshafen<\/td>\n<td width=\"225\"><\/td>\n<\/tr>\n<tr>\n<td width=\"72\">Heidenheim<\/td>\n<td width=\"225\">P\u00e1l Ram\u00f3na<\/td>\n<\/tr>\n<tr>\n<td width=\"72\">Heilbronn-Horkheim<\/td>\n<td width=\"225\">P\u00e1l Ram\u00f3na<\/td>\n<\/tr>\n<tr>\n<td width=\"72\">Ludwigsburg<\/td>\n<td width=\"225\">Andree Brigitta &amp; P\u00e1l Ram\u00f3na<\/td>\n<\/tr>\n<tr>\n<td width=\"72\">Mundkingen<\/td>\n<td width=\"225\">P\u00e1l Ram\u00f3na<\/td>\n<\/tr>\n<tr>\n<td width=\"72\">Reutlingen<\/td>\n<td width=\"225\">Wieser J\u00f3zsef &amp; P\u00e1l Ram\u00f3na<\/td>\n<\/tr>\n<tr>\n<td width=\"72\">Sch-Gm\u00fcnd<\/td>\n<td width=\"225\">P\u00e1l Ram\u00f3na<\/td>\n<\/tr>\n<tr>\n<td width=\"72\">Stuttgart<\/td>\n<td width=\"225\">Andree Brigitta &amp; P\u00e1l Ram\u00f3na<\/td>\n<\/tr>\n<tr>\n<td width=\"72\">Ulm<\/td>\n<td width=\"225\">Kelemen J\u00f3zsef<\/td>\n<\/tr>\n<tr>\n<td width=\"72\">Weingarten<\/td>\n<td width=\"225\">P\u00e1l Ram\u00f3na &amp; Merker Ferenc<\/td>\n<\/tr>\n<\/tbody>\n<\/table>\n<p><em>\u00a0<\/em><\/p>\n<p><em>\u00a0<\/em><\/p>\n","protected":false},"excerpt":{"rendered":"<p>\u00a0 Balingen-Frommern B\u00f6hm Timea Biberach Merker Ferenc B\u00f6blingen Andree Brigitta &amp; P\u00e1l Ram\u00f3na Eislingen Schirak Maria Friedrichshafen Heidenheim P\u00e1l Ram\u00f3na Heilbronn-Horkheim P\u00e1l Ram\u00f3na Ludwigsburg Andree Brigitta &amp; P\u00e1l Ram\u00f3na Mundkingen P\u00e1l Ram\u00f3na Reutlingen Wieser J\u00f3zsef &amp; P\u00e1l Ram\u00f3na Sch-Gm\u00fcnd P\u00e1l Ram\u00f3na Stuttgart Andree Brigitta &amp; P\u00e1l Ram\u00f3na Ulm Kelemen J\u00f3zsef Weingarten P\u00e1l Ram\u00f3na &amp; Merker Ferenc \u00a0 \u00a0<\/p>\n","protected":false},"author":7,"featured_media":0,"parent":0,"menu_order":0,"comment_status":"closed","ping_status":"closed","template":"","meta":{"footnotes":""},"class_list":["post-8158","page","type-page","status-publish","hentry"],"yoast_head":"<!-- This site is optimized with the Yoast SEO plugin v27.3 - https:\/\/yoast.com\/product\/yoast-seo-wordpress\/ -->\n<title>Orgonist\u00e1ink - Stuttgarti Katolikusok<\/title>\n<meta name=\"robots\" content=\"index, follow, max-snippet:-1, max-image-preview:large, max-video-preview:-1\" \/>\n<link rel=\"canonical\" href=\"https:\/\/stuttgarti-katolikusok.de\/index.php\/orgonistaink\/\" \/>\n<meta property=\"og:locale\" content=\"hu_HU\" \/>\n<meta property=\"og:type\" content=\"article\" \/>\n<meta property=\"og:title\" content=\"Orgonist\u00e1ink - Stuttgarti Katolikusok\" \/>\n<meta property=\"og:description\" content=\"\u00a0 Balingen-Frommern B\u00f6hm Timea Biberach Merker Ferenc B\u00f6blingen Andree Brigitta &amp; P\u00e1l Ram\u00f3na Eislingen Schirak Maria Friedrichshafen Heidenheim P\u00e1l Ram\u00f3na Heilbronn-Horkheim P\u00e1l Ram\u00f3na Ludwigsburg Andree Brigitta &amp; P\u00e1l Ram\u00f3na Mundkingen P\u00e1l Ram\u00f3na Reutlingen Wieser J\u00f3zsef &amp; P\u00e1l Ram\u00f3na Sch-Gm\u00fcnd P\u00e1l Ram\u00f3na Stuttgart Andree Brigitta &amp; P\u00e1l Ram\u00f3na Ulm Kelemen J\u00f3zsef Weingarten P\u00e1l Ram\u00f3na &amp; Merker Ferenc \u00a0 \u00a0\" \/>\n<meta property=\"og:url\" content=\"https:\/\/stuttgarti-katolikusok.de\/index.php\/orgonistaink\/\" \/>\n<meta property=\"og:site_name\" content=\"Stuttgarti Katolikusok\" \/>\n<meta property=\"article:modified_time\" content=\"2022-11-18T10:18:58+00:00\" \/>\n<meta name=\"twitter:card\" content=\"summary_large_image\" \/>\n<meta name=\"twitter:label1\" content=\"Becs\u00fclt olvas\u00e1si id\u0151\" \/>\n\t<meta name=\"twitter:data1\" content=\"1 perc\" \/>\n<script type=\"application\/ld+json\" class=\"yoast-schema-graph\">{\"@context\":\"https:\\\/\\\/schema.org\",\"@graph\":[{\"@type\":\"WebPage\",\"@id\":\"https:\\\/\\\/stuttgarti-katolikusok.de\\\/index.php\\\/orgonistaink\\\/\",\"url\":\"https:\\\/\\\/stuttgarti-katolikusok.de\\\/index.php\\\/orgonistaink\\\/\",\"name\":\"Orgonist\u00e1ink - Stuttgarti Katolikusok\",\"isPartOf\":{\"@id\":\"https:\\\/\\\/stuttgarti-katolikusok.de\\\/#website\"},\"datePublished\":\"2015-12-10T21:18:29+00:00\",\"dateModified\":\"2022-11-18T10:18:58+00:00\",\"breadcrumb\":{\"@id\":\"https:\\\/\\\/stuttgarti-katolikusok.de\\\/index.php\\\/orgonistaink\\\/#breadcrumb\"},\"inLanguage\":\"hu\",\"potentialAction\":[{\"@type\":\"ReadAction\",\"target\":[\"https:\\\/\\\/stuttgarti-katolikusok.de\\\/index.php\\\/orgonistaink\\\/\"]}]},{\"@type\":\"BreadcrumbList\",\"@id\":\"https:\\\/\\\/stuttgarti-katolikusok.de\\\/index.php\\\/orgonistaink\\\/#breadcrumb\",\"itemListElement\":[{\"@type\":\"ListItem\",\"position\":1,\"name\":\"Kezd\u0151lap\",\"item\":\"https:\\\/\\\/stuttgarti-katolikusok.de\\\/\"},{\"@type\":\"ListItem\",\"position\":2,\"name\":\"Orgonist\u00e1ink\"}]},{\"@type\":\"WebSite\",\"@id\":\"https:\\\/\\\/stuttgarti-katolikusok.de\\\/#website\",\"url\":\"https:\\\/\\\/stuttgarti-katolikusok.de\\\/\",\"name\":\"Stuttgarti Katolikusok\",\"description\":\"\",\"potentialAction\":[{\"@type\":\"SearchAction\",\"target\":{\"@type\":\"EntryPoint\",\"urlTemplate\":\"https:\\\/\\\/stuttgarti-katolikusok.de\\\/?s={search_term_string}\"},\"query-input\":{\"@type\":\"PropertyValueSpecification\",\"valueRequired\":true,\"valueName\":\"search_term_string\"}}],\"inLanguage\":\"hu\"}]}<\/script>\n<!-- \/ Yoast SEO plugin. -->","yoast_head_json":{"title":"Orgonist\u00e1ink - Stuttgarti Katolikusok","robots":{"index":"index","follow":"follow","max-snippet":"max-snippet:-1","max-image-preview":"max-image-preview:large","max-video-preview":"max-video-preview:-1"},"canonical":"https:\/\/stuttgarti-katolikusok.de\/index.php\/orgonistaink\/","og_locale":"hu_HU","og_type":"article","og_title":"Orgonist\u00e1ink - Stuttgarti Katolikusok","og_description":"\u00a0 Balingen-Frommern B\u00f6hm Timea Biberach Merker Ferenc B\u00f6blingen Andree Brigitta &amp; P\u00e1l Ram\u00f3na Eislingen Schirak Maria Friedrichshafen Heidenheim P\u00e1l Ram\u00f3na Heilbronn-Horkheim P\u00e1l Ram\u00f3na Ludwigsburg Andree Brigitta &amp; P\u00e1l Ram\u00f3na Mundkingen P\u00e1l Ram\u00f3na Reutlingen Wieser J\u00f3zsef &amp; P\u00e1l Ram\u00f3na Sch-Gm\u00fcnd P\u00e1l Ram\u00f3na Stuttgart Andree Brigitta &amp; P\u00e1l Ram\u00f3na Ulm Kelemen J\u00f3zsef Weingarten P\u00e1l Ram\u00f3na &amp; Merker Ferenc \u00a0 \u00a0","og_url":"https:\/\/stuttgarti-katolikusok.de\/index.php\/orgonistaink\/","og_site_name":"Stuttgarti Katolikusok","article_modified_time":"2022-11-18T10:18:58+00:00","twitter_card":"summary_large_image","twitter_misc":{"Becs\u00fclt olvas\u00e1si id\u0151":"1 perc"},"schema":{"@context":"https:\/\/schema.org","@graph":[{"@type":"WebPage","@id":"https:\/\/stuttgarti-katolikusok.de\/index.php\/orgonistaink\/","url":"https:\/\/stuttgarti-katolikusok.de\/index.php\/orgonistaink\/","name":"Orgonist\u00e1ink - Stuttgarti Katolikusok","isPartOf":{"@id":"https:\/\/stuttgarti-katolikusok.de\/#website"},"datePublished":"2015-12-10T21:18:29+00:00","dateModified":"2022-11-18T10:18:58+00:00","breadcrumb":{"@id":"https:\/\/stuttgarti-katolikusok.de\/index.php\/orgonistaink\/#breadcrumb"},"inLanguage":"hu","potentialAction":[{"@type":"ReadAction","target":["https:\/\/stuttgarti-katolikusok.de\/index.php\/orgonistaink\/"]}]},{"@type":"BreadcrumbList","@id":"https:\/\/stuttgarti-katolikusok.de\/index.php\/orgonistaink\/#breadcrumb","itemListElement":[{"@type":"ListItem","position":1,"name":"Kezd\u0151lap","item":"https:\/\/stuttgarti-katolikusok.de\/"},{"@type":"ListItem","position":2,"name":"Orgonist\u00e1ink"}]},{"@type":"WebSite","@id":"https:\/\/stuttgarti-katolikusok.de\/#website","url":"https:\/\/stuttgarti-katolikusok.de\/","name":"Stuttgarti Katolikusok","description":"","potentialAction":[{"@type":"SearchAction","target":{"@type":"EntryPoint","urlTemplate":"https:\/\/stuttgarti-katolikusok.de\/?s={search_term_string}"},"query-input":{"@type":"PropertyValueSpecification","valueRequired":true,"valueName":"search_term_string"}}],"inLanguage":"hu"}]}},"_links":{"self":[{"href":"https:\/\/stuttgarti-katolikusok.de\/index.php\/wp-json\/wp\/v2\/pages\/8158","targetHints":{"allow":["GET"]}}],"collection":[{"href":"https:\/\/stuttgarti-katolikusok.de\/index.php\/wp-json\/wp\/v2\/pages"}],"about":[{"href":"https:\/\/stuttgarti-katolikusok.de\/index.php\/wp-json\/wp\/v2\/types\/page"}],"author":[{"embeddable":true,"href":"https:\/\/stuttgarti-katolikusok.de\/index.php\/wp-json\/wp\/v2\/users\/7"}],"replies":[{"embeddable":true,"href":"https:\/\/stuttgarti-katolikusok.de\/index.php\/wp-json\/wp\/v2\/comments?post=8158"}],"version-history":[{"count":5,"href":"https:\/\/stuttgarti-katolikusok.de\/index.php\/wp-json\/wp\/v2\/pages\/8158\/revisions"}],"predecessor-version":[{"id":23948,"href":"https:\/\/stuttgarti-katolikusok.de\/index.php\/wp-json\/wp\/v2\/pages\/8158\/revisions\/23948"}],"wp:attachment":[{"href":"https:\/\/stuttgarti-katolikusok.de\/index.php\/wp-json\/wp\/v2\/media?parent=8158"}],"curies":[{"name":"wp","href":"https:\/\/api.w.org\/{rel}","templated":true}]}}