{"id":8153,"date":"2015-12-10T21:14:18","date_gmt":"2015-12-10T21:14:18","guid":{"rendered":"https:\/\/gracious-dewdney.138-201-221-2.plesk.page\/?page_id=8153"},"modified":"2021-03-19T10:49:37","modified_gmt":"2021-03-19T10:49:37","slug":"orarenden-kivuli-lelkipasztori-szolgaltatasok","status":"publish","type":"page","link":"https:\/\/stuttgarti-katolikusok.de\/index.php\/orarenden-kivuli-lelkipasztori-szolgaltatasok\/","title":{"rendered":"\u00d3rarenden k\u00edv\u00fcli lelkip\u00e1sztori szolg\u00e1ltat\u00e1sok"},"content":{"rendered":"<div class=\"wpb-content-wrapper\">[vc_row][vc_column width=&#8221;1\/2&#8243;][vc_column_text]S z e n t s \u00e9 g e k<\/p>\n<p>Keresztel\u00e9si oktat\u00e1s, b\u00e9rm\u00e1l\u00e1si el\u0151k\u00e9sz\u00edt\u0151: amikor sz\u00fcks\u00e9g van r\u00e1.<\/p>\n<p>Szentmise-sz\u00e1nd\u00e9kok bejelent\u00e9se, elmondat\u00e1sa: b\u00e1rmikor. Telefonon is.<\/p>\n<p>Gy\u00f3ntat\u00e1s: minden szentmise el\u0151tt. M\u00e1s alkalmakkor megegyez\u00e9s szerint.<\/p>\n<p>H\u00e1zass\u00e1gi oktat\u00e1s: amikor sz\u00fcks\u00e9g van r\u00e1.<\/p>\n<p>H\u00e1zass\u00e1gk\u00f6t\u00e9s: amikor kell.<\/p>\n<p>Betegl\u00e1togat\u00e1sok: amikor h\u00edvnak.<\/p>\n<p>Betegek kenete: ah\u00e1nyszor csak k\u00e9rik.<\/p>\n<p>Temet\u00e9s: ha sz\u00fcks\u00e9g van r\u00e1.<\/p>\n<p>&nbsp;<\/p>\n<p>S z e n t e l m \u00e9 n y e k<\/p>\n<p>H\u00e1zszentel\u00e9s: V\u00edzkereszt t\u00e1j\u00e1n, de csal\u00e1dl\u00e1togat\u00e1s keret\u00e9ben, eg\u00e9sz \u00e9ven \u00e1t, b\u00e1rmikor.<\/p>\n<p>K\u00fcl\u00f6nb\u00f6z\u0151 kegyt\u00e1rgyak \u00e9s szem\u00e9lyek\/dolgok (aut\u00f3, pl.) meg\u00e1ld\u00e1sa: ah\u00e1nyszor ig\u00e9ny van r\u00e1.<\/p>\n<p>Csal\u00e1dl\u00e1togat\u00e1sok: el\u0151zetes megegyez\u00e9s szerint ah\u00e1nyszor k\u00e9rik.[\/vc_column_text][vc_column_text]<strong>A TEMPLOMB\u00daCS\u00daK IDEJE<\/strong><\/p>\n<p>&nbsp;<\/p>\n<p>Balingen \u2013 febru\u00e1r 10.\u00a0 Magyar Boldog P\u00e1l<\/p>\n<p>B\u00f6blingen \u2013 m\u00e1jus 17.\u00a0 Boldog Scheffler J\u00e1nos \u00e9s Bogd\u00e1nffy Szil\u00e1rd p\u00fcsp\u00f6k\u00f6k<\/p>\n<p>Biberach \u2013 j\u00falius 24.\u00a0 \u00c1rp\u00e1dh\u00e1zi Szent Kinga<\/p>\n<p>Eislingen \u2013 november 16.\u00a0 Sk\u00f3ciai Szent Margit<\/p>\n<p>Friedrichshafen \u2013<\/p>\n<p>Heidenheim \u2013 augusztus 20. Szent Istv\u00e1n kir\u00e1ly<\/p>\n<p>Heilbronn \u2013 \u00e1prilis 23.\u00a0 Pr\u00e1gai Szent Adalbert<\/p>\n<p>Ludwigsburg \u2013 j\u00fanius 27.\u00a0 Szent L\u00e1szl\u00f3<\/p>\n<p>Reutlingen \u2013 november 19.\u00a0 \u00c1rp\u00e1dh\u00e1zi Szent Erzs\u00e9bet<\/p>\n<p>Schw\u00e4bisch-Gm\u00fcnd \u2013 m\u00e1jus 7.\u00a0 Boldog Gizella<\/p>\n<p>Stuttgart \u2013 szeptember 24.\u00a0 Szent Gell\u00e9rt<\/p>\n<p>Ulm \u2013 okt\u00f3ber 8.\u00a0 Magyarok Nagyasszonya<\/p>\n<p>Weingarten \u2013 november 5.\u00a0 Szent Imre<\/p>\n<p>&nbsp;<\/p>\n<p>M \u00e1 s\u00a0\u00a0 h e l y e k e n,\u00a0 d e\u00a0\u00a0 \u00e9 g i s z \u00fc n k\u00a0\u00a0 a l a t t<\/p>\n<p>Janu\u00e1r m\u00e1sodik vas\u00e1rnapj\u00e1n Ulmban \u00f6kumenikus istentisztelet<\/p>\n<p>Janu\u00e1r utols\u00f3 szombatj\u00e1n Magyar B\u00e1l, a Fellbach-i Schwabenhalle-ban<\/p>\n<p>M\u00e1rcius 15-\u00e9n Nemzeti \u00dcnnep, \u00f6kumenikus istentisztelettel egybek\u00f6tve a Bad Cannstatti Luther-templomban<\/p>\n<p>Okt\u00f3ber 23-\u00e1n Nemzeti \u00dcnnep, \u00f6kumenikus istentisztelettel egybek\u00f6tve a Bruder Klaus-templomban[\/vc_column_text][\/vc_column][vc_column width=&#8221;1\/2&#8243;][vc_column_text]\n<p style=\"text-align: center;\"><em>Tev\u00e9kenys\u00e9geink az Egyh\u00e1zk\u00f6zs\u00e9g K\u00f6zpontjaiban<\/em><\/p>\n<p>H e t e n t e<\/p>\n<p>A h\u00f3nap els\u0151 \u00e9s harmadik szerd\u00e1j\u00e1n 17.30 \u00f3rakor szentmise \u00e9s Bibliak\u00f6r (WG)<\/p>\n<p>A h\u00f3nap els\u0151 \u00e9s harmadik cs\u00fct\u00f6rt\u00f6k\u00e9n 17.30 \u00f3rakor szentmise \u00e9s Bibliak\u00f6r (UL)<\/p>\n<p>Minden p\u00e9nteken 15.30-18.00 \u00f3ra k\u00f6z\u00f6tt Bar\u00e1ts\u00e1g Klub (S) &#8211;<span style=\"color: #ff6600;\">\u00a0<\/span><span style=\"color: #ff6600;\">egyenl\u0151re sz\u00fcnetel!!!<\/span><\/p>\n<p>Minden p\u00e9nteken 15.30-18.00 \u00f3ra k\u00f6z\u00f6tt, illetve a vas\u00e1rnapi szentmis\u00e9k el\u0151tt \u00e9s ut\u00e1n K\u00f6nyvt\u00e1r (S) &#8211; <span style=\"color: #ff6600;\">egyenl\u0151re sz\u00fcnetel!!!<\/span><\/p>\n<p>Minden p\u00e9nteken este 18.00 \u00f3rakor magyar nyelv\u0171 szentmise, k\u00f6zben K\u00e1T\u00e9 (Feln\u0151ttek hitoktat\u00e1sa) (S)<\/p>\n<p>&nbsp;<\/p>\n<p>H a v o n t a<\/p>\n<p>Minden els\u0151p\u00e9nteken Imak\u00f6r.<\/p>\n<p>Minden m\u00e1sodik \u00e9s negyedik p\u00e9nteken K\u00f3rus.<\/p>\n<p>Minden m\u00e1sodik \u00e9s negyedik p\u00e9nteken 19.00-21.00 \u00f3ra k\u00f6z\u00f6tt Sportklub (S). &#8211; <span style=\"color: #ff6600;\">egyenl\u0151re sz\u00fcnetel!!!<\/span><\/p>\n<p>Minden m\u00e1sodik szombaton 14.00-18.00 \u00f3ra k\u00f6z\u00f6tt Cserk\u00e9szet (S). &#8211; <span style=\"color: #ff6600;\">egyenl\u0151re sz\u00fcnetel!!!<\/span><\/p>\n<p>Minden h\u00f3nap harmadik p\u00e9ntek\u00e9n 19.00-21.00 \u00f3ra k\u00f6z\u00f6tt Bibliak\u00f6r &#8211; <span style=\"color: #ff6600;\">egyenl\u0151re sz\u00fcnetel!!!<\/span><\/p>\n<p>&nbsp;<\/p>\n<p>N e g y e d \u00e9 v e n t e<\/p>\n<p>Minden 3. h\u00f3nap utols\u00f3 szerd\u00e1j\u00e1n, este 19.00 \u00f3r\u00e1t\u00f3l ERAK (S). &#8211; <span style=\"color: #ff6600;\">egyenl\u0151re sz\u00fcnetel!!!<\/span><\/p>\n<p>&nbsp;<\/p>\n<p>\u00c9 v e n t e<\/p>\n<p>Adventi \u00dcnneps\u00e9g Cserk\u00e9szekkel \u00e9s a gyerekekkel<\/p>\n<p>Farsang-szombat 14.00-21.00 \u00f3ra k\u00f6z\u00f6tt Farsangi \u00dcnneps\u00e9g &#8211; <span style=\"color: #ff6600;\">egyenl\u0151re sz\u00fcnetel!!!<\/span><\/p>\n<p>Nagyb\u00f6jt egyik h\u00e9tv\u00e9g\u00e9j\u00e9n 09.00-18.00 \u00f3ra k\u00f6z\u00f6tt Lelkigyakorlat<\/p>\n<p>P\u00fcnk\u00f6sd t\u00e1j\u00e1n \u2013 Egyh\u00e1zk\u00f6zs\u00e9gi Nagy-zar\u00e1ndoklat<\/p>\n<p>J\u00falius 1. vas\u00e1rnapj\u00e1n Csal\u00e1di Nap<\/p>\n<p>J\u00falius 2. vas\u00e1rnapj\u00e1n Kis-zar\u00e1ndoklat<\/p>\n<p>Szeptember 24-e t\u00e1j\u00e1n templomb\u00facs\u00fa Szent Gell\u00e9rt, \u00dcnnepe &#8211; Stuttgartban<\/p>\n<p>Minden egyh\u00e1zk\u00f6zs\u00e9g\u00fcnkben templomb\u00facs\u00fa<\/p>\n<p><span style=\"color: #ff6600;\">A pand\u00e9mia sor\u00e1n kialakult helyzet k\u00f6vetkezt\u00e9ben, tervezett programjaink egy r\u00e9sz\u00e9t nem tudjuk megtartani. \u00c9ppen ez\u00e9rt az Egyh\u00e1zk\u00f6zs\u00e9g napt\u00e1r\u00e1ban tal\u00e1ljuk meg az \u00e9ppen aktu\u00e1lis inf\u00f3kat.<\/span>[\/vc_column_text][\/vc_column][\/vc_row]\n<\/div>","protected":false},"excerpt":{"rendered":"<p>[vc_row][vc_column width=&#8221;1\/2&#8243;][vc_column_text]S z e n t s \u00e9 g e k Keresztel\u00e9si oktat\u00e1s, b\u00e9rm\u00e1l\u00e1si el\u0151k\u00e9sz\u00edt\u0151: amikor sz\u00fcks\u00e9g van r\u00e1. Szentmise-sz\u00e1nd\u00e9kok bejelent\u00e9se, elmondat\u00e1sa: b\u00e1rmikor. Telefonon is. Gy\u00f3ntat\u00e1s: minden szentmise el\u0151tt. M\u00e1s alkalmakkor megegyez\u00e9s szerint. H\u00e1zass\u00e1gi oktat\u00e1s: amikor sz\u00fcks\u00e9g van r\u00e1. H\u00e1zass\u00e1gk\u00f6t\u00e9s: amikor kell. Betegl\u00e1togat\u00e1sok: amikor h\u00edvnak. Betegek kenete: ah\u00e1nyszor csak k\u00e9rik. Temet\u00e9s: ha sz\u00fcks\u00e9g van r\u00e1. &nbsp; S z e n t e l m \u00e9 n y e k H\u00e1zszentel\u00e9s: V\u00edzkereszt t\u00e1j\u00e1n, de csal\u00e1dl\u00e1togat\u00e1s keret\u00e9ben, eg\u00e9sz \u00e9ven \u00e1t, b\u00e1rmikor. K\u00fcl\u00f6nb\u00f6z\u0151 kegyt\u00e1rgyak \u00e9s szem\u00e9lyek\/dolgok (aut\u00f3, pl.) meg\u00e1ld\u00e1sa: ah\u00e1nyszor ig\u00e9ny van r\u00e1. Csal\u00e1dl\u00e1togat\u00e1sok: el\u0151zetes megegyez\u00e9s szerint ah\u00e1nyszor k\u00e9rik.[\/vc_column_text][vc_column_text]A TEMPLOMB\u00daCS\u00daK IDEJE &nbsp; Balingen \u2013 febru\u00e1r 10.\u00a0 Magyar Boldog P\u00e1l B\u00f6blingen \u2013 m\u00e1jus 17.\u00a0 Boldog Scheffler J\u00e1nos \u00e9s Bogd\u00e1nffy Szil\u00e1rd p\u00fcsp\u00f6k\u00f6k Biberach \u2013 j\u00falius 24.\u00a0 \u00c1rp\u00e1dh\u00e1zi Szent Kinga Eislingen \u2013 november 16.\u00a0 Sk\u00f3ciai Szent Margit Friedrichshafen \u2013 Heidenheim \u2013 augusztus 20. Szent Istv\u00e1n kir\u00e1ly Heilbronn \u2013 \u00e1prilis 23.\u00a0 Pr\u00e1gai Szent Adalbert Ludwigsburg \u2013 j\u00fanius 27.\u00a0 Szent L\u00e1szl\u00f3 Reutlingen \u2013 november 19.\u00a0 \u00c1rp\u00e1dh\u00e1zi Szent Erzs\u00e9bet Schw\u00e4bisch-Gm\u00fcnd \u2013 m\u00e1jus 7.\u00a0 Boldog Gizella Stuttgart \u2013 szeptember 24.\u00a0 Szent Gell\u00e9rt Ulm \u2013 okt\u00f3ber 8.\u00a0 Magyarok Nagyasszonya Weingarten \u2013 november 5.\u00a0 Szent Imre &nbsp; M \u00e1 s\u00a0\u00a0 h e l y e k e n,\u00a0 d e\u00a0\u00a0 \u00e9 g i s z \u00fc n k\u00a0\u00a0 a l a t t Janu\u00e1r m\u00e1sodik vas\u00e1rnapj\u00e1n Ulmban \u00f6kumenikus istentisztelet Janu\u00e1r utols\u00f3 szombatj\u00e1n Magyar B\u00e1l, a Fellbach-i Schwabenhalle-ban M\u00e1rcius 15-\u00e9n Nemzeti \u00dcnnep, \u00f6kumenikus istentisztelettel egybek\u00f6tve a Bad Cannstatti Luther-templomban Okt\u00f3ber 23-\u00e1n Nemzeti \u00dcnnep, \u00f6kumenikus istentisztelettel egybek\u00f6tve a Bruder Klaus-templomban[\/vc_column_text][\/vc_column][vc_column width=&#8221;1\/2&#8243;][vc_column_text] Tev\u00e9kenys\u00e9geink az Egyh\u00e1zk\u00f6zs\u00e9g K\u00f6zpontjaiban H e t e n t e A h\u00f3nap els\u0151 \u00e9s harmadik szerd\u00e1j\u00e1n 17.30 \u00f3rakor szentmise \u00e9s Bibliak\u00f6r (WG) A h\u00f3nap els\u0151 \u00e9s harmadik cs\u00fct\u00f6rt\u00f6k\u00e9n 17.30 \u00f3rakor szentmise \u00e9s Bibliak\u00f6r (UL) Minden p\u00e9nteken 15.30-18.00 \u00f3ra k\u00f6z\u00f6tt Bar\u00e1ts\u00e1g Klub (S) &#8211;\u00a0egyenl\u0151re sz\u00fcnetel!!! Minden p\u00e9nteken 15.30-18.00 \u00f3ra k\u00f6z\u00f6tt, illetve a vas\u00e1rnapi&#8230; <\/p>\n<p><a class=\"readmore\" href=\"https:\/\/stuttgarti-katolikusok.de\/index.php\/orarenden-kivuli-lelkipasztori-szolgaltatasok\/\">R\u00e9szletek<\/a><\/p>\n","protected":false},"author":7,"featured_media":0,"parent":0,"menu_order":0,"comment_status":"closed","ping_status":"closed","template":"","meta":{"footnotes":""},"class_list":["post-8153","page","type-page","status-publish","hentry"],"yoast_head":"<!-- This site is optimized with the Yoast SEO plugin v27.3 - https:\/\/yoast.com\/product\/yoast-seo-wordpress\/ -->\n<title>\u00d3rarenden k\u00edv\u00fcli lelkip\u00e1sztori szolg\u00e1ltat\u00e1sok - Stuttgarti Katolikusok<\/title>\n<meta name=\"robots\" content=\"index, follow, max-snippet:-1, max-image-preview:large, max-video-preview:-1\" \/>\n<link rel=\"canonical\" href=\"https:\/\/stuttgarti-katolikusok.de\/index.php\/orarenden-kivuli-lelkipasztori-szolgaltatasok\/\" \/>\n<meta property=\"og:locale\" content=\"hu_HU\" \/>\n<meta property=\"og:type\" content=\"article\" \/>\n<meta property=\"og:title\" content=\"\u00d3rarenden k\u00edv\u00fcli lelkip\u00e1sztori szolg\u00e1ltat\u00e1sok - Stuttgarti Katolikusok\" \/>\n<meta property=\"og:description\" content=\"[vc_row][vc_column width=&#8221;1\/2&#8243;][vc_column_text]S z e n t s \u00e9 g e k Keresztel\u00e9si oktat\u00e1s, b\u00e9rm\u00e1l\u00e1si el\u0151k\u00e9sz\u00edt\u0151: amikor sz\u00fcks\u00e9g van r\u00e1. Szentmise-sz\u00e1nd\u00e9kok bejelent\u00e9se, elmondat\u00e1sa: b\u00e1rmikor. Telefonon is. Gy\u00f3ntat\u00e1s: minden szentmise el\u0151tt. M\u00e1s alkalmakkor megegyez\u00e9s szerint. H\u00e1zass\u00e1gi oktat\u00e1s: amikor sz\u00fcks\u00e9g van r\u00e1. H\u00e1zass\u00e1gk\u00f6t\u00e9s: amikor kell. Betegl\u00e1togat\u00e1sok: amikor h\u00edvnak. Betegek kenete: ah\u00e1nyszor csak k\u00e9rik. Temet\u00e9s: ha sz\u00fcks\u00e9g van r\u00e1. &nbsp; S z e n t e l m \u00e9 n y e k H\u00e1zszentel\u00e9s: V\u00edzkereszt t\u00e1j\u00e1n, de csal\u00e1dl\u00e1togat\u00e1s keret\u00e9ben, eg\u00e9sz \u00e9ven \u00e1t, b\u00e1rmikor. K\u00fcl\u00f6nb\u00f6z\u0151 kegyt\u00e1rgyak \u00e9s szem\u00e9lyek\/dolgok (aut\u00f3, pl.) meg\u00e1ld\u00e1sa: ah\u00e1nyszor ig\u00e9ny van r\u00e1. Csal\u00e1dl\u00e1togat\u00e1sok: el\u0151zetes megegyez\u00e9s szerint ah\u00e1nyszor k\u00e9rik.[\/vc_column_text][vc_column_text]A TEMPLOMB\u00daCS\u00daK IDEJE &nbsp; Balingen \u2013 febru\u00e1r 10.\u00a0 Magyar Boldog P\u00e1l B\u00f6blingen \u2013 m\u00e1jus 17.\u00a0 Boldog Scheffler J\u00e1nos \u00e9s Bogd\u00e1nffy Szil\u00e1rd p\u00fcsp\u00f6k\u00f6k Biberach \u2013 j\u00falius 24.\u00a0 \u00c1rp\u00e1dh\u00e1zi Szent Kinga Eislingen \u2013 november 16.\u00a0 Sk\u00f3ciai Szent Margit Friedrichshafen \u2013 Heidenheim \u2013 augusztus 20. Szent Istv\u00e1n kir\u00e1ly Heilbronn \u2013 \u00e1prilis 23.\u00a0 Pr\u00e1gai Szent Adalbert Ludwigsburg \u2013 j\u00fanius 27.\u00a0 Szent L\u00e1szl\u00f3 Reutlingen \u2013 november 19.\u00a0 \u00c1rp\u00e1dh\u00e1zi Szent Erzs\u00e9bet Schw\u00e4bisch-Gm\u00fcnd \u2013 m\u00e1jus 7.\u00a0 Boldog Gizella Stuttgart \u2013 szeptember 24.\u00a0 Szent Gell\u00e9rt Ulm \u2013 okt\u00f3ber 8.\u00a0 Magyarok Nagyasszonya Weingarten \u2013 november 5.\u00a0 Szent Imre &nbsp; M \u00e1 s\u00a0\u00a0 h e l y e k e n,\u00a0 d e\u00a0\u00a0 \u00e9 g i s z \u00fc n k\u00a0\u00a0 a l a t t Janu\u00e1r m\u00e1sodik vas\u00e1rnapj\u00e1n Ulmban \u00f6kumenikus istentisztelet Janu\u00e1r utols\u00f3 szombatj\u00e1n Magyar B\u00e1l, a Fellbach-i Schwabenhalle-ban M\u00e1rcius 15-\u00e9n Nemzeti \u00dcnnep, \u00f6kumenikus istentisztelettel egybek\u00f6tve a Bad Cannstatti Luther-templomban Okt\u00f3ber 23-\u00e1n Nemzeti \u00dcnnep, \u00f6kumenikus istentisztelettel egybek\u00f6tve a Bruder Klaus-templomban[\/vc_column_text][\/vc_column][vc_column width=&#8221;1\/2&#8243;][vc_column_text] Tev\u00e9kenys\u00e9geink az Egyh\u00e1zk\u00f6zs\u00e9g K\u00f6zpontjaiban H e t e n t e A h\u00f3nap els\u0151 \u00e9s harmadik szerd\u00e1j\u00e1n 17.30 \u00f3rakor szentmise \u00e9s Bibliak\u00f6r (WG) A h\u00f3nap els\u0151 \u00e9s harmadik cs\u00fct\u00f6rt\u00f6k\u00e9n 17.30 \u00f3rakor szentmise \u00e9s Bibliak\u00f6r (UL) Minden p\u00e9nteken 15.30-18.00 \u00f3ra k\u00f6z\u00f6tt Bar\u00e1ts\u00e1g Klub (S) &#8211;\u00a0egyenl\u0151re sz\u00fcnetel!!! Minden p\u00e9nteken 15.30-18.00 \u00f3ra k\u00f6z\u00f6tt, illetve a vas\u00e1rnapi... R\u00e9szletek\" \/>\n<meta property=\"og:url\" content=\"https:\/\/stuttgarti-katolikusok.de\/index.php\/orarenden-kivuli-lelkipasztori-szolgaltatasok\/\" \/>\n<meta property=\"og:site_name\" content=\"Stuttgarti Katolikusok\" \/>\n<meta property=\"article:modified_time\" content=\"2021-03-19T10:49:37+00:00\" \/>\n<meta name=\"twitter:card\" content=\"summary_large_image\" \/>\n<meta name=\"twitter:label1\" content=\"Becs\u00fclt olvas\u00e1si id\u0151\" \/>\n\t<meta name=\"twitter:data1\" content=\"4 perc\" \/>\n<script type=\"application\/ld+json\" class=\"yoast-schema-graph\">{\"@context\":\"https:\\\/\\\/schema.org\",\"@graph\":[{\"@type\":\"WebPage\",\"@id\":\"https:\\\/\\\/stuttgarti-katolikusok.de\\\/index.php\\\/orarenden-kivuli-lelkipasztori-szolgaltatasok\\\/\",\"url\":\"https:\\\/\\\/stuttgarti-katolikusok.de\\\/index.php\\\/orarenden-kivuli-lelkipasztori-szolgaltatasok\\\/\",\"name\":\"\u00d3rarenden k\u00edv\u00fcli lelkip\u00e1sztori szolg\u00e1ltat\u00e1sok - Stuttgarti Katolikusok\",\"isPartOf\":{\"@id\":\"https:\\\/\\\/stuttgarti-katolikusok.de\\\/#website\"},\"datePublished\":\"2015-12-10T21:14:18+00:00\",\"dateModified\":\"2021-03-19T10:49:37+00:00\",\"breadcrumb\":{\"@id\":\"https:\\\/\\\/stuttgarti-katolikusok.de\\\/index.php\\\/orarenden-kivuli-lelkipasztori-szolgaltatasok\\\/#breadcrumb\"},\"inLanguage\":\"hu\",\"potentialAction\":[{\"@type\":\"ReadAction\",\"target\":[\"https:\\\/\\\/stuttgarti-katolikusok.de\\\/index.php\\\/orarenden-kivuli-lelkipasztori-szolgaltatasok\\\/\"]}]},{\"@type\":\"BreadcrumbList\",\"@id\":\"https:\\\/\\\/stuttgarti-katolikusok.de\\\/index.php\\\/orarenden-kivuli-lelkipasztori-szolgaltatasok\\\/#breadcrumb\",\"itemListElement\":[{\"@type\":\"ListItem\",\"position\":1,\"name\":\"Kezd\u0151lap\",\"item\":\"https:\\\/\\\/stuttgarti-katolikusok.de\\\/\"},{\"@type\":\"ListItem\",\"position\":2,\"name\":\"\u00d3rarenden k\u00edv\u00fcli lelkip\u00e1sztori szolg\u00e1ltat\u00e1sok\"}]},{\"@type\":\"WebSite\",\"@id\":\"https:\\\/\\\/stuttgarti-katolikusok.de\\\/#website\",\"url\":\"https:\\\/\\\/stuttgarti-katolikusok.de\\\/\",\"name\":\"Stuttgarti Katolikusok\",\"description\":\"\",\"potentialAction\":[{\"@type\":\"SearchAction\",\"target\":{\"@type\":\"EntryPoint\",\"urlTemplate\":\"https:\\\/\\\/stuttgarti-katolikusok.de\\\/?s={search_term_string}\"},\"query-input\":{\"@type\":\"PropertyValueSpecification\",\"valueRequired\":true,\"valueName\":\"search_term_string\"}}],\"inLanguage\":\"hu\"}]}<\/script>\n<!-- \/ Yoast SEO plugin. -->","yoast_head_json":{"title":"\u00d3rarenden k\u00edv\u00fcli lelkip\u00e1sztori szolg\u00e1ltat\u00e1sok - Stuttgarti Katolikusok","robots":{"index":"index","follow":"follow","max-snippet":"max-snippet:-1","max-image-preview":"max-image-preview:large","max-video-preview":"max-video-preview:-1"},"canonical":"https:\/\/stuttgarti-katolikusok.de\/index.php\/orarenden-kivuli-lelkipasztori-szolgaltatasok\/","og_locale":"hu_HU","og_type":"article","og_title":"\u00d3rarenden k\u00edv\u00fcli lelkip\u00e1sztori szolg\u00e1ltat\u00e1sok - Stuttgarti Katolikusok","og_description":"[vc_row][vc_column width=&#8221;1\/2&#8243;][vc_column_text]S z e n t s \u00e9 g e k Keresztel\u00e9si oktat\u00e1s, b\u00e9rm\u00e1l\u00e1si el\u0151k\u00e9sz\u00edt\u0151: amikor sz\u00fcks\u00e9g van r\u00e1. Szentmise-sz\u00e1nd\u00e9kok bejelent\u00e9se, elmondat\u00e1sa: b\u00e1rmikor. Telefonon is. Gy\u00f3ntat\u00e1s: minden szentmise el\u0151tt. M\u00e1s alkalmakkor megegyez\u00e9s szerint. H\u00e1zass\u00e1gi oktat\u00e1s: amikor sz\u00fcks\u00e9g van r\u00e1. H\u00e1zass\u00e1gk\u00f6t\u00e9s: amikor kell. Betegl\u00e1togat\u00e1sok: amikor h\u00edvnak. Betegek kenete: ah\u00e1nyszor csak k\u00e9rik. Temet\u00e9s: ha sz\u00fcks\u00e9g van r\u00e1. &nbsp; S z e n t e l m \u00e9 n y e k H\u00e1zszentel\u00e9s: V\u00edzkereszt t\u00e1j\u00e1n, de csal\u00e1dl\u00e1togat\u00e1s keret\u00e9ben, eg\u00e9sz \u00e9ven \u00e1t, b\u00e1rmikor. K\u00fcl\u00f6nb\u00f6z\u0151 kegyt\u00e1rgyak \u00e9s szem\u00e9lyek\/dolgok (aut\u00f3, pl.) meg\u00e1ld\u00e1sa: ah\u00e1nyszor ig\u00e9ny van r\u00e1. Csal\u00e1dl\u00e1togat\u00e1sok: el\u0151zetes megegyez\u00e9s szerint ah\u00e1nyszor k\u00e9rik.[\/vc_column_text][vc_column_text]A TEMPLOMB\u00daCS\u00daK IDEJE &nbsp; Balingen \u2013 febru\u00e1r 10.\u00a0 Magyar Boldog P\u00e1l B\u00f6blingen \u2013 m\u00e1jus 17.\u00a0 Boldog Scheffler J\u00e1nos \u00e9s Bogd\u00e1nffy Szil\u00e1rd p\u00fcsp\u00f6k\u00f6k Biberach \u2013 j\u00falius 24.\u00a0 \u00c1rp\u00e1dh\u00e1zi Szent Kinga Eislingen \u2013 november 16.\u00a0 Sk\u00f3ciai Szent Margit Friedrichshafen \u2013 Heidenheim \u2013 augusztus 20. Szent Istv\u00e1n kir\u00e1ly Heilbronn \u2013 \u00e1prilis 23.\u00a0 Pr\u00e1gai Szent Adalbert Ludwigsburg \u2013 j\u00fanius 27.\u00a0 Szent L\u00e1szl\u00f3 Reutlingen \u2013 november 19.\u00a0 \u00c1rp\u00e1dh\u00e1zi Szent Erzs\u00e9bet Schw\u00e4bisch-Gm\u00fcnd \u2013 m\u00e1jus 7.\u00a0 Boldog Gizella Stuttgart \u2013 szeptember 24.\u00a0 Szent Gell\u00e9rt Ulm \u2013 okt\u00f3ber 8.\u00a0 Magyarok Nagyasszonya Weingarten \u2013 november 5.\u00a0 Szent Imre &nbsp; M \u00e1 s\u00a0\u00a0 h e l y e k e n,\u00a0 d e\u00a0\u00a0 \u00e9 g i s z \u00fc n k\u00a0\u00a0 a l a t t Janu\u00e1r m\u00e1sodik vas\u00e1rnapj\u00e1n Ulmban \u00f6kumenikus istentisztelet Janu\u00e1r utols\u00f3 szombatj\u00e1n Magyar B\u00e1l, a Fellbach-i Schwabenhalle-ban M\u00e1rcius 15-\u00e9n Nemzeti \u00dcnnep, \u00f6kumenikus istentisztelettel egybek\u00f6tve a Bad Cannstatti Luther-templomban Okt\u00f3ber 23-\u00e1n Nemzeti \u00dcnnep, \u00f6kumenikus istentisztelettel egybek\u00f6tve a Bruder Klaus-templomban[\/vc_column_text][\/vc_column][vc_column width=&#8221;1\/2&#8243;][vc_column_text] Tev\u00e9kenys\u00e9geink az Egyh\u00e1zk\u00f6zs\u00e9g K\u00f6zpontjaiban H e t e n t e A h\u00f3nap els\u0151 \u00e9s harmadik szerd\u00e1j\u00e1n 17.30 \u00f3rakor szentmise \u00e9s Bibliak\u00f6r (WG) A h\u00f3nap els\u0151 \u00e9s harmadik cs\u00fct\u00f6rt\u00f6k\u00e9n 17.30 \u00f3rakor szentmise \u00e9s Bibliak\u00f6r (UL) Minden p\u00e9nteken 15.30-18.00 \u00f3ra k\u00f6z\u00f6tt Bar\u00e1ts\u00e1g Klub (S) &#8211;\u00a0egyenl\u0151re sz\u00fcnetel!!! Minden p\u00e9nteken 15.30-18.00 \u00f3ra k\u00f6z\u00f6tt, illetve a vas\u00e1rnapi... R\u00e9szletek","og_url":"https:\/\/stuttgarti-katolikusok.de\/index.php\/orarenden-kivuli-lelkipasztori-szolgaltatasok\/","og_site_name":"Stuttgarti Katolikusok","article_modified_time":"2021-03-19T10:49:37+00:00","twitter_card":"summary_large_image","twitter_misc":{"Becs\u00fclt olvas\u00e1si id\u0151":"4 perc"},"schema":{"@context":"https:\/\/schema.org","@graph":[{"@type":"WebPage","@id":"https:\/\/stuttgarti-katolikusok.de\/index.php\/orarenden-kivuli-lelkipasztori-szolgaltatasok\/","url":"https:\/\/stuttgarti-katolikusok.de\/index.php\/orarenden-kivuli-lelkipasztori-szolgaltatasok\/","name":"\u00d3rarenden k\u00edv\u00fcli lelkip\u00e1sztori szolg\u00e1ltat\u00e1sok - Stuttgarti Katolikusok","isPartOf":{"@id":"https:\/\/stuttgarti-katolikusok.de\/#website"},"datePublished":"2015-12-10T21:14:18+00:00","dateModified":"2021-03-19T10:49:37+00:00","breadcrumb":{"@id":"https:\/\/stuttgarti-katolikusok.de\/index.php\/orarenden-kivuli-lelkipasztori-szolgaltatasok\/#breadcrumb"},"inLanguage":"hu","potentialAction":[{"@type":"ReadAction","target":["https:\/\/stuttgarti-katolikusok.de\/index.php\/orarenden-kivuli-lelkipasztori-szolgaltatasok\/"]}]},{"@type":"BreadcrumbList","@id":"https:\/\/stuttgarti-katolikusok.de\/index.php\/orarenden-kivuli-lelkipasztori-szolgaltatasok\/#breadcrumb","itemListElement":[{"@type":"ListItem","position":1,"name":"Kezd\u0151lap","item":"https:\/\/stuttgarti-katolikusok.de\/"},{"@type":"ListItem","position":2,"name":"\u00d3rarenden k\u00edv\u00fcli lelkip\u00e1sztori szolg\u00e1ltat\u00e1sok"}]},{"@type":"WebSite","@id":"https:\/\/stuttgarti-katolikusok.de\/#website","url":"https:\/\/stuttgarti-katolikusok.de\/","name":"Stuttgarti Katolikusok","description":"","potentialAction":[{"@type":"SearchAction","target":{"@type":"EntryPoint","urlTemplate":"https:\/\/stuttgarti-katolikusok.de\/?s={search_term_string}"},"query-input":{"@type":"PropertyValueSpecification","valueRequired":true,"valueName":"search_term_string"}}],"inLanguage":"hu"}]}},"_links":{"self":[{"href":"https:\/\/stuttgarti-katolikusok.de\/index.php\/wp-json\/wp\/v2\/pages\/8153","targetHints":{"allow":["GET"]}}],"collection":[{"href":"https:\/\/stuttgarti-katolikusok.de\/index.php\/wp-json\/wp\/v2\/pages"}],"about":[{"href":"https:\/\/stuttgarti-katolikusok.de\/index.php\/wp-json\/wp\/v2\/types\/page"}],"author":[{"embeddable":true,"href":"https:\/\/stuttgarti-katolikusok.de\/index.php\/wp-json\/wp\/v2\/users\/7"}],"replies":[{"embeddable":true,"href":"https:\/\/stuttgarti-katolikusok.de\/index.php\/wp-json\/wp\/v2\/comments?post=8153"}],"version-history":[{"count":7,"href":"https:\/\/stuttgarti-katolikusok.de\/index.php\/wp-json\/wp\/v2\/pages\/8153\/revisions"}],"predecessor-version":[{"id":21458,"href":"https:\/\/stuttgarti-katolikusok.de\/index.php\/wp-json\/wp\/v2\/pages\/8153\/revisions\/21458"}],"wp:attachment":[{"href":"https:\/\/stuttgarti-katolikusok.de\/index.php\/wp-json\/wp\/v2\/media?parent=8153"}],"curies":[{"name":"wp","href":"https:\/\/api.w.org\/{rel}","templated":true}]}}