{"id":8151,"date":"2015-12-10T21:10:07","date_gmt":"2015-12-10T21:10:07","guid":{"rendered":"https:\/\/gracious-dewdney.138-201-221-2.plesk.page\/?page_id=8151"},"modified":"2023-05-19T11:16:23","modified_gmt":"2023-05-19T09:16:23","slug":"sportklub","status":"publish","type":"page","link":"https:\/\/stuttgarti-katolikusok.de\/index.php\/sportklub\/","title":{"rendered":"Sportklub"},"content":{"rendered":"<div class=\"wpb-content-wrapper\">[vc_row][vc_column width=&#8221;3\/4&#8243;][vc_column_text]<strong>\u00a0<\/strong><\/p>\n<p>Sportklubunk tagjai a h\u00f3nap minden m\u00e1sodik p\u00e9ntek est\u00e9j\u00e9n tal\u00e1lkoznak 19.00 \u00f3rakor, \u00e9s mindenkit nagy szeretettel v\u00e1rnak!<\/p>\n<p>Sportkart\u00e1rsi szeretettel<br \/>\nTibor atya<\/p>\n<p><em>Kedves Term\u00e9szetbar\u00e1tok!<\/em><\/p>\n<p><em>S\u00fcdi L\u00e1szl\u00f3 \u00e9s Zita bar\u00e1taim \u00f6tlet\u00e9t tolm\u00e1csolom Nektek: <\/em><\/p>\n<p>Szeretn\u00e9nk minden\u00a0\u00e9vszakban egyet t\u00far\u00e1zni, felfedezni a\u00a0term\u00e9szet sz\u00e9ps\u00e9geit.<\/p>\n<p>Ime az\u00a0\u0151szi kir\u00e1ndul\u00e1s f\u0151bb param\u00e9terei:<\/p>\n<p>Helysz\u00edn: Bad Wildbad \u00e9s k\u00f6rny\u00e9ke.<\/p>\n<p>Id\u0151pont. 2014. okt\u00f3ber 25, szombat.<\/p>\n<p>Tal\u00e1lkoz\u00f3: 10:00 \u00f3rakor a Kurt-Gscheidle-Stra\u00dfe 2, 75323 Bad Wildbad (Lidl parkol\u00f3 a vas\u00fat\u00e1llom\u00e1s mellett).<\/p>\n<p>A t\u00e1v hossza kb.\u00a08-9 km (ha nem t\u00e9ved\u00fcnk el)<\/p>\n<p>Utaz\u00e1s: kocsival (n\u00e1lunk 2 hely van m\u00e9g ha valaki esetleg nem kocsival j\u00f6nne), illetve megk\u00f6zel\u00edthet\u0151 vonattal is.<\/p>\n<p>Bad Wildbadban a\u00a0Bergbahn-nal felmenn\u00e9nk a hegyre, ott egy kijel\u00f6lt \u00fatvonalon t\u00far\u00e1zn\u00e1nk, majd visszamenn\u00e9nk a v\u00e1rosba.<\/p>\n<p>Sok szerettel v\u00e1runk minden\u00a0t\u00far\u00e1zni v\u00e1gy\u00f3t!<\/p>\n<p>Laci \u00e9s Zita<\/p>\n<p>El\u00e9rhet\u0151s\u00e9g: <a href=\"mailto:laszlo.sudi@freemail.hu\">laszlo.sudi@freemail.hu<\/a><\/p>\n<p>Vagy: <a href=\"mailto:mission@gracious-dewdney.138-201-221-2.plesk.page\">mission@gracious-dewdney.138-201-221-2.plesk.page<\/a><\/p>\n<p><em>J\u00f3magam, noha ezen az els\u0151 t\u00far\u00e1n nem vehetek r\u00e9szt, t\u00e1mogatom az \u00f6tletet, s igyekszem a j\u00f6v\u0151ben majd \u00fagy alak\u00edtani a programomat, hogy \u00e9n is Veletek lehessek! <\/em><\/p>\n<p><em>Szeretettel<\/em><\/p>\n<p><em>Imre atya<\/em><\/p>\n<p><em>Stuttgart, 2014-10-08.<\/em><\/p>\n<p>&nbsp;<\/p>\n<p><strong>Esti sporttal\u00e1lkoz\u00f3 december 13-\u00e1n<\/strong><\/p>\n<p>Sportklubunk idei utols\u00f3 tal\u00e1lkoz\u00f3j\u00e1ra Kollmann Gyula, a klub vezet\u0151je, k\u00fcl\u00f6n megh\u00edv\u00f3t k\u00fcld\u00f6tt, amelyben asztalitenisz mellett guly\u00e1slevest is \u00edg\u00e9rt a tagoknak.<\/p>\n<p>\u00d6tlete nyom\u00e1n t\u00f6bb mint 20-an gy\u00fcltek \u00f6ssze \u00e9s am\u00edg a leves teljesen elk\u00e9sz\u00fclt, teniszez\u00e9s folyt majd asztalter\u00edt\u00e9s \u00e9s m\u00e1r hozt\u00e1k ist a g\u0151z\u00f6lg\u00f6 guly\u00e1slevest, aminek olyan sikere volt, hogy a 10 literes faz\u00e9k teljesen ki\u00fcr\u00fclt.<\/p>\n<p>A friss keny\u00e9r, amit Schultheis J\u00f3ska hozott, n\u00f6velte a r\u00e9sztvev\u0151k \u00e9tv\u00e1gy\u00e1t.<\/p>\n<p>Vacsora ut\u00e1n az \u00e1dventi koszor\u00fa gyerty\u00e1i mellett besz\u00e9lgetve Varga Edit finom meggyes s\u00fctem\u00e9ny\u00e9t fogyasztottuk. Majd mi, h\u00f6lgyek, adventi \u00e9nekeket \u00e9nekelt\u00fcnk, m\u00edg \u201ea fi\u00fak\u201d \u2013 szok\u00e1s szerint \u2013 az els\u0151 hely\u00e9rt versengtek az asztaln\u00e1l&#8230;<\/p>\n<p>Imre atya \u00f6tlet\u00e9re a tal\u00e1lkoz\u00f3 nemes c\u00e9lt is szolg\u00e1lt, mert a Sportklub tagjai, a janu\u00e1ri 37. J\u00f3t\u00e9konys\u00e1gi Magyar B\u00e1l v\u00e9dn\u00f6ks\u00e9g\u00e9t v\u00e1llalva, a vacsor\u00e1n \u00f6sszegy\u00fcjt\u00f6tt p\u00e9nz\u00f6sszeget a r\u00e1szorul\u00f3k megseg\u00edt\u00e9s\u00e9re adom\u00e1nyozt\u00e1k.<\/p>\n<p>J\u00f3 volt egy\u00fctt lenni, besz\u00e9lgetni, viccel\u0151dni.<\/p>\n<p>Farsangkor megism\u00e9telj\u00fck!<\/p>\n<p>D\u00e1vid Melinda<\/p>\n<p>2011.12.17.<\/p>\n<p><strong>Kellemes Kar\u00e1csonyi \u00dcnnepeket, valamint \u00e1ld\u00e1sos, b\u00e9k\u00e9s, boldog \u00e9s sportos \u00faj \u00e9vet k\u00edv\u00e1n minden sportkart\u00e1rsnak &#8211; Imre atya<\/strong><\/p>\n<p>Kedves Sportt\u00e1rsak!<br \/>\n<strong>Kedves Klubt\u00e1rsak!<\/strong><br \/>\nItt k\u00f6zl\u00f6m Veletek a 2012-es \u00e9v I. fel\u00e9nek programj\u00e1t:<\/p>\n<p>JANU\u00c1R: 17 \u00e9s 31.<br \/>\nFEBRU\u00c1R: 14 \u00e9s 28.<br \/>\nM\u00c1RCIUS:\u00a013 \u00e9s 27.<br \/>\n\u00c1PRILIS: 24.<br \/>\nM\u00c1JUS: 8 \u00e9s 22.<br \/>\nJ\u00daNIUS: 12 \u00e9s 26<\/p>\n<p>Ezekre a napokra Ti is aj\u00e1nlhattok \u00e9s szervezhettek valami \u00e9rdekes (sport)programot!<\/p>\n<p>Sportkart\u00e1rsi szeretettel<br \/>\nTibor atya[\/vc_column_text][\/vc_column][vc_column width=&#8221;1\/4&#8243;]<div class=\"alert alert-info\">Ideje: A h\u00f3nap m\u00e1sodik \u00e9s negyedik p\u00e9ntekj\u00e9n 19.00 \u00e9s 22.00 \u00f3ra k\u00f6z\u00f6tt.<br \/>\nHelye: A Bruder-Klaus-templom alagsora<\/div>[\/vc_column][\/vc_row]\n<\/div>","protected":false},"excerpt":{"rendered":"<p>[vc_row][vc_column width=&#8221;3\/4&#8243;][vc_column_text]\u00a0 Sportklubunk tagjai a h\u00f3nap minden m\u00e1sodik p\u00e9ntek est\u00e9j\u00e9n tal\u00e1lkoznak 19.00 \u00f3rakor, \u00e9s mindenkit nagy szeretettel v\u00e1rnak! Sportkart\u00e1rsi szeretettel Tibor atya Kedves Term\u00e9szetbar\u00e1tok! S\u00fcdi L\u00e1szl\u00f3 \u00e9s Zita bar\u00e1taim \u00f6tlet\u00e9t tolm\u00e1csolom Nektek: Szeretn\u00e9nk minden\u00a0\u00e9vszakban egyet t\u00far\u00e1zni, felfedezni a\u00a0term\u00e9szet sz\u00e9ps\u00e9geit. Ime az\u00a0\u0151szi kir\u00e1ndul\u00e1s f\u0151bb param\u00e9terei: Helysz\u00edn: Bad Wildbad \u00e9s k\u00f6rny\u00e9ke. Id\u0151pont. 2014. okt\u00f3ber 25, szombat. Tal\u00e1lkoz\u00f3: 10:00 \u00f3rakor a Kurt-Gscheidle-Stra\u00dfe 2, 75323 Bad Wildbad (Lidl parkol\u00f3 a vas\u00fat\u00e1llom\u00e1s mellett). A t\u00e1v hossza kb.\u00a08-9 km (ha nem t\u00e9ved\u00fcnk el) Utaz\u00e1s: kocsival (n\u00e1lunk 2 hely van m\u00e9g ha valaki esetleg nem kocsival j\u00f6nne), illetve megk\u00f6zel\u00edthet\u0151 vonattal is. Bad Wildbadban a\u00a0Bergbahn-nal felmenn\u00e9nk a hegyre, ott egy kijel\u00f6lt \u00fatvonalon t\u00far\u00e1zn\u00e1nk, majd visszamenn\u00e9nk a v\u00e1rosba. Sok szerettel v\u00e1runk minden\u00a0t\u00far\u00e1zni v\u00e1gy\u00f3t! Laci \u00e9s Zita El\u00e9rhet\u0151s\u00e9g: laszlo.sudi@freemail.hu Vagy: mission@gracious-dewdney.138-201-221-2.plesk.page J\u00f3magam, noha ezen az els\u0151 t\u00far\u00e1n nem vehetek r\u00e9szt, t\u00e1mogatom az \u00f6tletet, s igyekszem a j\u00f6v\u0151ben majd \u00fagy alak\u00edtani a programomat, hogy \u00e9n is Veletek lehessek! Szeretettel Imre atya Stuttgart, 2014-10-08. &nbsp; Esti sporttal\u00e1lkoz\u00f3 december 13-\u00e1n Sportklubunk idei utols\u00f3 tal\u00e1lkoz\u00f3j\u00e1ra Kollmann Gyula, a klub vezet\u0151je, k\u00fcl\u00f6n megh\u00edv\u00f3t k\u00fcld\u00f6tt, amelyben asztalitenisz mellett guly\u00e1slevest is \u00edg\u00e9rt a tagoknak. \u00d6tlete nyom\u00e1n t\u00f6bb mint 20-an gy\u00fcltek \u00f6ssze \u00e9s am\u00edg a leves teljesen elk\u00e9sz\u00fclt, teniszez\u00e9s folyt majd asztalter\u00edt\u00e9s \u00e9s m\u00e1r hozt\u00e1k ist a g\u0151z\u00f6lg\u00f6 guly\u00e1slevest, aminek olyan sikere volt, hogy a 10 literes faz\u00e9k teljesen ki\u00fcr\u00fclt. A friss keny\u00e9r, amit Schultheis J\u00f3ska hozott, n\u00f6velte a r\u00e9sztvev\u0151k \u00e9tv\u00e1gy\u00e1t. Vacsora ut\u00e1n az \u00e1dventi koszor\u00fa gyerty\u00e1i mellett besz\u00e9lgetve Varga Edit finom meggyes s\u00fctem\u00e9ny\u00e9t fogyasztottuk. Majd mi, h\u00f6lgyek, adventi \u00e9nekeket \u00e9nekelt\u00fcnk, m\u00edg \u201ea fi\u00fak\u201d \u2013 szok\u00e1s szerint \u2013 az els\u0151 hely\u00e9rt versengtek az asztaln\u00e1l&#8230; Imre atya \u00f6tlet\u00e9re a tal\u00e1lkoz\u00f3 nemes c\u00e9lt is szolg\u00e1lt, mert a Sportklub tagjai, a janu\u00e1ri 37. J\u00f3t\u00e9konys\u00e1gi Magyar B\u00e1l v\u00e9dn\u00f6ks\u00e9g\u00e9t v\u00e1llalva, a vacsor\u00e1n \u00f6sszegy\u00fcjt\u00f6tt p\u00e9nz\u00f6sszeget a r\u00e1szorul\u00f3k megseg\u00edt\u00e9s\u00e9re adom\u00e1nyozt\u00e1k. J\u00f3 volt egy\u00fctt lenni, besz\u00e9lgetni, viccel\u0151dni. Farsangkor megism\u00e9telj\u00fck! D\u00e1vid Melinda 2011.12.17. Kellemes Kar\u00e1csonyi \u00dcnnepeket, valamint&#8230; <\/p>\n<p><a class=\"readmore\" href=\"https:\/\/stuttgarti-katolikusok.de\/index.php\/sportklub\/\">R\u00e9szletek<\/a><\/p>\n","protected":false},"author":7,"featured_media":0,"parent":0,"menu_order":0,"comment_status":"closed","ping_status":"closed","template":"","meta":{"footnotes":""},"class_list":["post-8151","page","type-page","status-publish","hentry"],"yoast_head":"<!-- This site is optimized with the Yoast SEO plugin v27.3 - https:\/\/yoast.com\/product\/yoast-seo-wordpress\/ -->\n<title>Sportklub - Stuttgarti Katolikusok<\/title>\n<meta name=\"robots\" content=\"index, follow, max-snippet:-1, max-image-preview:large, max-video-preview:-1\" \/>\n<link rel=\"canonical\" href=\"https:\/\/stuttgarti-katolikusok.de\/index.php\/sportklub\/\" \/>\n<meta property=\"og:locale\" content=\"hu_HU\" \/>\n<meta property=\"og:type\" content=\"article\" \/>\n<meta property=\"og:title\" content=\"Sportklub - Stuttgarti Katolikusok\" \/>\n<meta property=\"og:description\" content=\"[vc_row][vc_column width=&#8221;3\/4&#8243;][vc_column_text]\u00a0 Sportklubunk tagjai a h\u00f3nap minden m\u00e1sodik p\u00e9ntek est\u00e9j\u00e9n tal\u00e1lkoznak 19.00 \u00f3rakor, \u00e9s mindenkit nagy szeretettel v\u00e1rnak! Sportkart\u00e1rsi szeretettel Tibor atya Kedves Term\u00e9szetbar\u00e1tok! S\u00fcdi L\u00e1szl\u00f3 \u00e9s Zita bar\u00e1taim \u00f6tlet\u00e9t tolm\u00e1csolom Nektek: Szeretn\u00e9nk minden\u00a0\u00e9vszakban egyet t\u00far\u00e1zni, felfedezni a\u00a0term\u00e9szet sz\u00e9ps\u00e9geit. Ime az\u00a0\u0151szi kir\u00e1ndul\u00e1s f\u0151bb param\u00e9terei: Helysz\u00edn: Bad Wildbad \u00e9s k\u00f6rny\u00e9ke. Id\u0151pont. 2014. okt\u00f3ber 25, szombat. Tal\u00e1lkoz\u00f3: 10:00 \u00f3rakor a Kurt-Gscheidle-Stra\u00dfe 2, 75323 Bad Wildbad (Lidl parkol\u00f3 a vas\u00fat\u00e1llom\u00e1s mellett). A t\u00e1v hossza kb.\u00a08-9 km (ha nem t\u00e9ved\u00fcnk el) Utaz\u00e1s: kocsival (n\u00e1lunk 2 hely van m\u00e9g ha valaki esetleg nem kocsival j\u00f6nne), illetve megk\u00f6zel\u00edthet\u0151 vonattal is. Bad Wildbadban a\u00a0Bergbahn-nal felmenn\u00e9nk a hegyre, ott egy kijel\u00f6lt \u00fatvonalon t\u00far\u00e1zn\u00e1nk, majd visszamenn\u00e9nk a v\u00e1rosba. Sok szerettel v\u00e1runk minden\u00a0t\u00far\u00e1zni v\u00e1gy\u00f3t! Laci \u00e9s Zita El\u00e9rhet\u0151s\u00e9g: laszlo.sudi@freemail.hu Vagy: mission@gracious-dewdney.138-201-221-2.plesk.page J\u00f3magam, noha ezen az els\u0151 t\u00far\u00e1n nem vehetek r\u00e9szt, t\u00e1mogatom az \u00f6tletet, s igyekszem a j\u00f6v\u0151ben majd \u00fagy alak\u00edtani a programomat, hogy \u00e9n is Veletek lehessek! Szeretettel Imre atya Stuttgart, 2014-10-08. &nbsp; Esti sporttal\u00e1lkoz\u00f3 december 13-\u00e1n Sportklubunk idei utols\u00f3 tal\u00e1lkoz\u00f3j\u00e1ra Kollmann Gyula, a klub vezet\u0151je, k\u00fcl\u00f6n megh\u00edv\u00f3t k\u00fcld\u00f6tt, amelyben asztalitenisz mellett guly\u00e1slevest is \u00edg\u00e9rt a tagoknak. \u00d6tlete nyom\u00e1n t\u00f6bb mint 20-an gy\u00fcltek \u00f6ssze \u00e9s am\u00edg a leves teljesen elk\u00e9sz\u00fclt, teniszez\u00e9s folyt majd asztalter\u00edt\u00e9s \u00e9s m\u00e1r hozt\u00e1k ist a g\u0151z\u00f6lg\u00f6 guly\u00e1slevest, aminek olyan sikere volt, hogy a 10 literes faz\u00e9k teljesen ki\u00fcr\u00fclt. A friss keny\u00e9r, amit Schultheis J\u00f3ska hozott, n\u00f6velte a r\u00e9sztvev\u0151k \u00e9tv\u00e1gy\u00e1t. Vacsora ut\u00e1n az \u00e1dventi koszor\u00fa gyerty\u00e1i mellett besz\u00e9lgetve Varga Edit finom meggyes s\u00fctem\u00e9ny\u00e9t fogyasztottuk. Majd mi, h\u00f6lgyek, adventi \u00e9nekeket \u00e9nekelt\u00fcnk, m\u00edg \u201ea fi\u00fak\u201d \u2013 szok\u00e1s szerint \u2013 az els\u0151 hely\u00e9rt versengtek az asztaln\u00e1l&#8230; Imre atya \u00f6tlet\u00e9re a tal\u00e1lkoz\u00f3 nemes c\u00e9lt is szolg\u00e1lt, mert a Sportklub tagjai, a janu\u00e1ri 37. J\u00f3t\u00e9konys\u00e1gi Magyar B\u00e1l v\u00e9dn\u00f6ks\u00e9g\u00e9t v\u00e1llalva, a vacsor\u00e1n \u00f6sszegy\u00fcjt\u00f6tt p\u00e9nz\u00f6sszeget a r\u00e1szorul\u00f3k megseg\u00edt\u00e9s\u00e9re adom\u00e1nyozt\u00e1k. J\u00f3 volt egy\u00fctt lenni, besz\u00e9lgetni, viccel\u0151dni. Farsangkor megism\u00e9telj\u00fck! D\u00e1vid Melinda 2011.12.17. Kellemes Kar\u00e1csonyi \u00dcnnepeket, valamint... R\u00e9szletek\" \/>\n<meta property=\"og:url\" content=\"https:\/\/stuttgarti-katolikusok.de\/index.php\/sportklub\/\" \/>\n<meta property=\"og:site_name\" content=\"Stuttgarti Katolikusok\" \/>\n<meta property=\"article:modified_time\" content=\"2023-05-19T09:16:23+00:00\" \/>\n<meta name=\"twitter:card\" content=\"summary_large_image\" \/>\n<meta name=\"twitter:label1\" content=\"Becs\u00fclt olvas\u00e1si id\u0151\" \/>\n\t<meta name=\"twitter:data1\" content=\"3 perc\" \/>\n<script type=\"application\/ld+json\" class=\"yoast-schema-graph\">{\"@context\":\"https:\\\/\\\/schema.org\",\"@graph\":[{\"@type\":\"WebPage\",\"@id\":\"https:\\\/\\\/stuttgarti-katolikusok.de\\\/index.php\\\/sportklub\\\/\",\"url\":\"https:\\\/\\\/stuttgarti-katolikusok.de\\\/index.php\\\/sportklub\\\/\",\"name\":\"Sportklub - Stuttgarti Katolikusok\",\"isPartOf\":{\"@id\":\"https:\\\/\\\/stuttgarti-katolikusok.de\\\/#website\"},\"datePublished\":\"2015-12-10T21:10:07+00:00\",\"dateModified\":\"2023-05-19T09:16:23+00:00\",\"breadcrumb\":{\"@id\":\"https:\\\/\\\/stuttgarti-katolikusok.de\\\/index.php\\\/sportklub\\\/#breadcrumb\"},\"inLanguage\":\"hu\",\"potentialAction\":[{\"@type\":\"ReadAction\",\"target\":[\"https:\\\/\\\/stuttgarti-katolikusok.de\\\/index.php\\\/sportklub\\\/\"]}]},{\"@type\":\"BreadcrumbList\",\"@id\":\"https:\\\/\\\/stuttgarti-katolikusok.de\\\/index.php\\\/sportklub\\\/#breadcrumb\",\"itemListElement\":[{\"@type\":\"ListItem\",\"position\":1,\"name\":\"Kezd\u0151lap\",\"item\":\"https:\\\/\\\/stuttgarti-katolikusok.de\\\/\"},{\"@type\":\"ListItem\",\"position\":2,\"name\":\"Sportklub\"}]},{\"@type\":\"WebSite\",\"@id\":\"https:\\\/\\\/stuttgarti-katolikusok.de\\\/#website\",\"url\":\"https:\\\/\\\/stuttgarti-katolikusok.de\\\/\",\"name\":\"Stuttgarti Katolikusok\",\"description\":\"\",\"potentialAction\":[{\"@type\":\"SearchAction\",\"target\":{\"@type\":\"EntryPoint\",\"urlTemplate\":\"https:\\\/\\\/stuttgarti-katolikusok.de\\\/?s={search_term_string}\"},\"query-input\":{\"@type\":\"PropertyValueSpecification\",\"valueRequired\":true,\"valueName\":\"search_term_string\"}}],\"inLanguage\":\"hu\"}]}<\/script>\n<!-- \/ Yoast SEO plugin. -->","yoast_head_json":{"title":"Sportklub - Stuttgarti Katolikusok","robots":{"index":"index","follow":"follow","max-snippet":"max-snippet:-1","max-image-preview":"max-image-preview:large","max-video-preview":"max-video-preview:-1"},"canonical":"https:\/\/stuttgarti-katolikusok.de\/index.php\/sportklub\/","og_locale":"hu_HU","og_type":"article","og_title":"Sportklub - Stuttgarti Katolikusok","og_description":"[vc_row][vc_column width=&#8221;3\/4&#8243;][vc_column_text]\u00a0 Sportklubunk tagjai a h\u00f3nap minden m\u00e1sodik p\u00e9ntek est\u00e9j\u00e9n tal\u00e1lkoznak 19.00 \u00f3rakor, \u00e9s mindenkit nagy szeretettel v\u00e1rnak! Sportkart\u00e1rsi szeretettel Tibor atya Kedves Term\u00e9szetbar\u00e1tok! S\u00fcdi L\u00e1szl\u00f3 \u00e9s Zita bar\u00e1taim \u00f6tlet\u00e9t tolm\u00e1csolom Nektek: Szeretn\u00e9nk minden\u00a0\u00e9vszakban egyet t\u00far\u00e1zni, felfedezni a\u00a0term\u00e9szet sz\u00e9ps\u00e9geit. Ime az\u00a0\u0151szi kir\u00e1ndul\u00e1s f\u0151bb param\u00e9terei: Helysz\u00edn: Bad Wildbad \u00e9s k\u00f6rny\u00e9ke. Id\u0151pont. 2014. okt\u00f3ber 25, szombat. Tal\u00e1lkoz\u00f3: 10:00 \u00f3rakor a Kurt-Gscheidle-Stra\u00dfe 2, 75323 Bad Wildbad (Lidl parkol\u00f3 a vas\u00fat\u00e1llom\u00e1s mellett). A t\u00e1v hossza kb.\u00a08-9 km (ha nem t\u00e9ved\u00fcnk el) Utaz\u00e1s: kocsival (n\u00e1lunk 2 hely van m\u00e9g ha valaki esetleg nem kocsival j\u00f6nne), illetve megk\u00f6zel\u00edthet\u0151 vonattal is. Bad Wildbadban a\u00a0Bergbahn-nal felmenn\u00e9nk a hegyre, ott egy kijel\u00f6lt \u00fatvonalon t\u00far\u00e1zn\u00e1nk, majd visszamenn\u00e9nk a v\u00e1rosba. Sok szerettel v\u00e1runk minden\u00a0t\u00far\u00e1zni v\u00e1gy\u00f3t! Laci \u00e9s Zita El\u00e9rhet\u0151s\u00e9g: laszlo.sudi@freemail.hu Vagy: mission@gracious-dewdney.138-201-221-2.plesk.page J\u00f3magam, noha ezen az els\u0151 t\u00far\u00e1n nem vehetek r\u00e9szt, t\u00e1mogatom az \u00f6tletet, s igyekszem a j\u00f6v\u0151ben majd \u00fagy alak\u00edtani a programomat, hogy \u00e9n is Veletek lehessek! Szeretettel Imre atya Stuttgart, 2014-10-08. &nbsp; Esti sporttal\u00e1lkoz\u00f3 december 13-\u00e1n Sportklubunk idei utols\u00f3 tal\u00e1lkoz\u00f3j\u00e1ra Kollmann Gyula, a klub vezet\u0151je, k\u00fcl\u00f6n megh\u00edv\u00f3t k\u00fcld\u00f6tt, amelyben asztalitenisz mellett guly\u00e1slevest is \u00edg\u00e9rt a tagoknak. \u00d6tlete nyom\u00e1n t\u00f6bb mint 20-an gy\u00fcltek \u00f6ssze \u00e9s am\u00edg a leves teljesen elk\u00e9sz\u00fclt, teniszez\u00e9s folyt majd asztalter\u00edt\u00e9s \u00e9s m\u00e1r hozt\u00e1k ist a g\u0151z\u00f6lg\u00f6 guly\u00e1slevest, aminek olyan sikere volt, hogy a 10 literes faz\u00e9k teljesen ki\u00fcr\u00fclt. A friss keny\u00e9r, amit Schultheis J\u00f3ska hozott, n\u00f6velte a r\u00e9sztvev\u0151k \u00e9tv\u00e1gy\u00e1t. Vacsora ut\u00e1n az \u00e1dventi koszor\u00fa gyerty\u00e1i mellett besz\u00e9lgetve Varga Edit finom meggyes s\u00fctem\u00e9ny\u00e9t fogyasztottuk. Majd mi, h\u00f6lgyek, adventi \u00e9nekeket \u00e9nekelt\u00fcnk, m\u00edg \u201ea fi\u00fak\u201d \u2013 szok\u00e1s szerint \u2013 az els\u0151 hely\u00e9rt versengtek az asztaln\u00e1l&#8230; Imre atya \u00f6tlet\u00e9re a tal\u00e1lkoz\u00f3 nemes c\u00e9lt is szolg\u00e1lt, mert a Sportklub tagjai, a janu\u00e1ri 37. J\u00f3t\u00e9konys\u00e1gi Magyar B\u00e1l v\u00e9dn\u00f6ks\u00e9g\u00e9t v\u00e1llalva, a vacsor\u00e1n \u00f6sszegy\u00fcjt\u00f6tt p\u00e9nz\u00f6sszeget a r\u00e1szorul\u00f3k megseg\u00edt\u00e9s\u00e9re adom\u00e1nyozt\u00e1k. J\u00f3 volt egy\u00fctt lenni, besz\u00e9lgetni, viccel\u0151dni. Farsangkor megism\u00e9telj\u00fck! D\u00e1vid Melinda 2011.12.17. Kellemes Kar\u00e1csonyi \u00dcnnepeket, valamint... R\u00e9szletek","og_url":"https:\/\/stuttgarti-katolikusok.de\/index.php\/sportklub\/","og_site_name":"Stuttgarti Katolikusok","article_modified_time":"2023-05-19T09:16:23+00:00","twitter_card":"summary_large_image","twitter_misc":{"Becs\u00fclt olvas\u00e1si id\u0151":"3 perc"},"schema":{"@context":"https:\/\/schema.org","@graph":[{"@type":"WebPage","@id":"https:\/\/stuttgarti-katolikusok.de\/index.php\/sportklub\/","url":"https:\/\/stuttgarti-katolikusok.de\/index.php\/sportklub\/","name":"Sportklub - Stuttgarti Katolikusok","isPartOf":{"@id":"https:\/\/stuttgarti-katolikusok.de\/#website"},"datePublished":"2015-12-10T21:10:07+00:00","dateModified":"2023-05-19T09:16:23+00:00","breadcrumb":{"@id":"https:\/\/stuttgarti-katolikusok.de\/index.php\/sportklub\/#breadcrumb"},"inLanguage":"hu","potentialAction":[{"@type":"ReadAction","target":["https:\/\/stuttgarti-katolikusok.de\/index.php\/sportklub\/"]}]},{"@type":"BreadcrumbList","@id":"https:\/\/stuttgarti-katolikusok.de\/index.php\/sportklub\/#breadcrumb","itemListElement":[{"@type":"ListItem","position":1,"name":"Kezd\u0151lap","item":"https:\/\/stuttgarti-katolikusok.de\/"},{"@type":"ListItem","position":2,"name":"Sportklub"}]},{"@type":"WebSite","@id":"https:\/\/stuttgarti-katolikusok.de\/#website","url":"https:\/\/stuttgarti-katolikusok.de\/","name":"Stuttgarti Katolikusok","description":"","potentialAction":[{"@type":"SearchAction","target":{"@type":"EntryPoint","urlTemplate":"https:\/\/stuttgarti-katolikusok.de\/?s={search_term_string}"},"query-input":{"@type":"PropertyValueSpecification","valueRequired":true,"valueName":"search_term_string"}}],"inLanguage":"hu"}]}},"_links":{"self":[{"href":"https:\/\/stuttgarti-katolikusok.de\/index.php\/wp-json\/wp\/v2\/pages\/8151","targetHints":{"allow":["GET"]}}],"collection":[{"href":"https:\/\/stuttgarti-katolikusok.de\/index.php\/wp-json\/wp\/v2\/pages"}],"about":[{"href":"https:\/\/stuttgarti-katolikusok.de\/index.php\/wp-json\/wp\/v2\/types\/page"}],"author":[{"embeddable":true,"href":"https:\/\/stuttgarti-katolikusok.de\/index.php\/wp-json\/wp\/v2\/users\/7"}],"replies":[{"embeddable":true,"href":"https:\/\/stuttgarti-katolikusok.de\/index.php\/wp-json\/wp\/v2\/comments?post=8151"}],"version-history":[{"count":8,"href":"https:\/\/stuttgarti-katolikusok.de\/index.php\/wp-json\/wp\/v2\/pages\/8151\/revisions"}],"predecessor-version":[{"id":26853,"href":"https:\/\/stuttgarti-katolikusok.de\/index.php\/wp-json\/wp\/v2\/pages\/8151\/revisions\/26853"}],"wp:attachment":[{"href":"https:\/\/stuttgarti-katolikusok.de\/index.php\/wp-json\/wp\/v2\/media?parent=8151"}],"curies":[{"name":"wp","href":"https:\/\/api.w.org\/{rel}","templated":true}]}}