{"id":8131,"date":"2015-12-10T20:48:12","date_gmt":"2015-12-10T20:48:12","guid":{"rendered":"https:\/\/gracious-dewdney.138-201-221-2.plesk.page\/?page_id=8131"},"modified":"2015-12-10T20:48:12","modified_gmt":"2015-12-10T20:48:12","slug":"bibliakor","status":"publish","type":"page","link":"https:\/\/stuttgarti-katolikusok.de\/index.php\/bibliakor\/","title":{"rendered":"Bibliak\u00f6r"},"content":{"rendered":"<div class=\"wpb-content-wrapper\">[vc_row][vc_column width=&#8221;3\/4&#8243;]<article id=\"post-19208\" class=\"blog-post blgtyp1  post-19208 post type-post status-publish format-standard has-post-thumbnail hentry category-bibliakor\">\r\n<div class=\"blog-mtdt-lft\">\r\n\t<h6 class=\"blog-date-my\">2020. m\u00e1rc.<\/h6>\r\n\t<h6 class=\"blog-date-d\">20<\/h6>\r\n<\/div>\r\n<div class=\"blog-inner-cs\">\r\n\t<a href=\"https:\/\/stuttgarti-katolikusok.de\/index.php\/bibliakor-skypon-ma-este-19-00-orakor\/\" title=\"Bibliak\u00f6r skypon ma este 19.00 \u00f3rakor\"><img loading=\"lazy\" decoding=\"async\" src=\"https:\/\/stuttgarti-katolikusok.de\/wp-content\/uploads\/2020\/03\/biblia.jpg\" alt=\"Bibliak\u00f6r skypon ma este 19.00 \u00f3rakor\" class=\"landscape full\" width=\"149\" height=\"149\" itemprop=\"image\" \/><\/a> \r\n\t<div class=\"col-md-12 omega alpha\">\r\n\t\t<div class=\"blgt1-top-sec\">\r\n\t\t\t\t\t\t\t\t<h3><a href=\"https:\/\/stuttgarti-katolikusok.de\/index.php\/bibliakor-skypon-ma-este-19-00-orakor\/\">Bibliak\u00f6r skypon ma este 19.00 \u00f3rakor<\/a><\/h3> \t\t<\/div>\r\n\t\t<div class=\"postmetadata\">\r\n<h6 class=\"blog-author\"><i class=\"fa-user\"><\/i><a href=\"https:\/\/stuttgarti-katolikusok.de\/index.php\/author\/tibor-atya\/\" title=\"Tibor atya bejegyz\u00e9se\" rel=\"author\">Tibor atya<\/a> <\/h6>\r\n<h6 class=\"blog-cat\"><i class=\"fa-folder-open\"><\/i> <a href=\"https:\/\/stuttgarti-katolikusok.de\/index.php\/category\/bibliakor\/\" rel=\"category tag\">Bibliak\u00f6r<\/a> <\/h6>\r\n\t\t<h6 class=\"blog-comments\"><i class=\"fa-comments\"><\/i> Nincs hozz\u00e1sz\u00f3l\u00e1s <\/h6>\r\n\t  <\/div>\r\n\t<div class=\"blgt1-inner\">\r\n <p>B I B L I A K \u00d6 R \u201eVedd \u00e9s olvasd\u201c m\u00e1rcius 20-\u00e1n 19.00 \u00f3rakor S k y p o n\u00a0 kereszt\u00fcl! &nbsp; Aki szeretne r\u00e9szt venni rajta, az jelentkezzen n\u00e1lam. Skyp-c\u00edmem: \u00a0anniko benedek Ha nem boldogultok a program telep\u00edt\u00e9s\u00e9vel, akkor \u00edrjatok az e-mail c\u00edmemre: benedek-anniko-noemi@t-online.de El\u0151ad\u00f3: Imre atya T\u00e9ma: J\u00e9zus, Sir\u00e1k k\u00f6nyve (folytat\u00e1s): Sir 32, 14-24 &nbsp; \u201eDr\u00e1ga J\u00e9zus, \u00e9gb\u0151l hoztad szent vall\u00e1sunk tanait. \u00c9gi, f\u00f6ldi sorsunk fel\u0151l szent Bibli\u00e1d megtan\u00edt. J\u00e1mbor aty\u00e1k tan\u00edt\u00e1sa sz\u00edv\u00fcnkben most megfogan. Ha az \u00e9g b\u00e1r b\u00e9borul, \u00e9l\u00fcnk azt\u00e1n j\u00e1mborul. Hit\u00fcnk szerint boldogan.\u201c Ezekkel a...... <br><br><a class=\"readmore\" href=\"https:\/\/stuttgarti-katolikusok.de\/index.php\/bibliakor-skypon-ma-este-19-00-orakor\/\">R\u00e9szletek<\/a><\/p>\t    <\/div>\r\n\r\n\t<\/div>\r\n\t<hr class=\"vertical-space1\">\r\n\t<\/div>\r\n<\/article><article id=\"post-8129\" class=\"blog-post blgtyp1 post-no-image post-8129 post type-post status-publish format-standard hentry category-bibliakor\">\r\n<div class=\"blog-mtdt-lft\">\r\n\t<h6 class=\"blog-date-my\">2015. szept.<\/h6>\r\n\t<h6 class=\"blog-date-d\">10<\/h6>\r\n<\/div>\r\n<div class=\"blog-inner-cs\">\r\n\t \r\n\t<div class=\"col-md-12 omega alpha\">\r\n\t\t<div class=\"blgt1-top-sec\">\r\n\t\t\t\t\t\t\t\t<h3><a href=\"https:\/\/stuttgarti-katolikusok.de\/index.php\/visszaemlekezes-bibliakor-a-biblia-olvasasarol\/\">Visszaeml\u00e9kez\u00e9s: Bibliak\u00f6r a Biblia-olvas\u00e1s\u00e1r\u00f3l<\/a><\/h3> \t\t<\/div>\r\n\t\t<div class=\"postmetadata\">\r\n<h6 class=\"blog-author\"><i class=\"fa-user\"><\/i><a href=\"https:\/\/stuttgarti-katolikusok.de\/index.php\/author\/lorant-pap\/\" title=\"Pap L\u00f3r\u00e1nt bejegyz\u00e9se\" rel=\"author\">Pap L\u00f3r\u00e1nt<\/a> <\/h6>\r\n<h6 class=\"blog-cat\"><i class=\"fa-folder-open\"><\/i> <a href=\"https:\/\/stuttgarti-katolikusok.de\/index.php\/category\/bibliakor\/\" rel=\"category tag\">Bibliak\u00f6r<\/a> <\/h6>\r\n\t\t<h6 class=\"blog-comments\"><i class=\"fa-comments\"><\/i> Nincs hozz\u00e1sz\u00f3l\u00e1s <\/h6>\r\n\t  <\/div>\r\n\t<div class=\"blgt1-inner\">\r\n <p>Majnek Antal p\u00fcsp\u00f6k atya volt a vend\u00e9g\u00fcnk. Egy r\u00e9szt vend\u00e9g\u00fcnk, m\u00e1sr\u00e9szt pedig el\u0151ad\u00f3, elbesz\u00e9l\u0151. &nbsp; M\u00e1r el\u00e9g r\u00e9g\u00f3ta foglalkoztat az a gondolat: hogy is a legjobb elkezdeni a Bibli\u00e1t olvasni. A t\u00e9ma meghall\u00e1s\u00e1ra nagyon meg\u00f6rvendtem, mert biztos voltam abban hogy j\u00f3 tippeket fog majd a p\u00fcsp\u00f6k atya adni. Ezzel kapcsolatosan egy p\u00e1r gondolatot szeretn\u00e9k megosztani. &nbsp; \u00c9n \u00fagy vagyok ezzel, hogy nagy lend\u00fclettel neki fogok, de amikor az \u201eunalmas\u201c r\u00e9szekhez \u00e9rek, el\u00e9g hamar abbahagyom. Mint ahogy mindannyian tudjuk a Biblia t\u00f6bb k\u00f6nyvb\u0151l \u00e1ll \u00e9s nem mindig \u201ek\u00f6nnyen olvashat\u00f3\u201c t\u00f6rt\u00e9netekkel tal\u00e1lkozunk. &nbsp; Az...... <br><br><a class=\"readmore\" href=\"https:\/\/stuttgarti-katolikusok.de\/index.php\/visszaemlekezes-bibliakor-a-biblia-olvasasarol\/\">R\u00e9szletek<\/a><\/p>\t    <\/div>\r\n\r\n\t<\/div>\r\n\t<hr class=\"vertical-space1\">\r\n\t<\/div>\r\n<\/article>[\/vc_column][vc_column width=&#8221;1\/4&#8243;]<div class=\"alert alert-info\">Ideje: Minden h\u00f3nap 3. p\u00e9ntek\u00e9n \u2013 este 19.00 \u00f3rakor<br \/>\nHelysz\u00edn: A Bruder-Klaus-pl\u00e9b\u00e1nia nagyterme<br \/>\nVezet\u0151je: Benedikt Ildik\u00f3<\/div>[\/vc_column][\/vc_row]\n<\/div>","protected":false},"excerpt":{"rendered":"<p>[vc_row][vc_column width=&#8221;3\/4&#8243;][\/vc_column][vc_column width=&#8221;1\/4&#8243;][\/vc_column][\/vc_row]<\/p>\n","protected":false},"author":7,"featured_media":0,"parent":0,"menu_order":0,"comment_status":"closed","ping_status":"closed","template":"","meta":{"footnotes":""},"class_list":["post-8131","page","type-page","status-publish","hentry"],"yoast_head":"<!-- This site is optimized with the Yoast SEO plugin v27.3 - https:\/\/yoast.com\/product\/yoast-seo-wordpress\/ -->\n<title>Bibliak\u00f6r - Stuttgarti Katolikusok<\/title>\n<meta name=\"robots\" content=\"index, follow, max-snippet:-1, max-image-preview:large, max-video-preview:-1\" \/>\n<link rel=\"canonical\" href=\"https:\/\/stuttgarti-katolikusok.de\/index.php\/bibliakor\/\" \/>\n<meta property=\"og:locale\" content=\"hu_HU\" \/>\n<meta property=\"og:type\" content=\"article\" \/>\n<meta property=\"og:title\" content=\"Bibliak\u00f6r - Stuttgarti Katolikusok\" \/>\n<meta property=\"og:description\" content=\"[vc_row][vc_column width=&#8221;3\/4&#8243;][\/vc_column][vc_column width=&#8221;1\/4&#8243;][\/vc_column][\/vc_row]\" \/>\n<meta property=\"og:url\" content=\"https:\/\/stuttgarti-katolikusok.de\/index.php\/bibliakor\/\" \/>\n<meta property=\"og:site_name\" content=\"Stuttgarti Katolikusok\" \/>\n<meta name=\"twitter:card\" content=\"summary_large_image\" \/>\n<script type=\"application\/ld+json\" class=\"yoast-schema-graph\">{\"@context\":\"https:\\\/\\\/schema.org\",\"@graph\":[{\"@type\":\"WebPage\",\"@id\":\"https:\\\/\\\/stuttgarti-katolikusok.de\\\/index.php\\\/bibliakor\\\/\",\"url\":\"https:\\\/\\\/stuttgarti-katolikusok.de\\\/index.php\\\/bibliakor\\\/\",\"name\":\"Bibliak\u00f6r - Stuttgarti Katolikusok\",\"isPartOf\":{\"@id\":\"https:\\\/\\\/stuttgarti-katolikusok.de\\\/#website\"},\"datePublished\":\"2015-12-10T20:48:12+00:00\",\"breadcrumb\":{\"@id\":\"https:\\\/\\\/stuttgarti-katolikusok.de\\\/index.php\\\/bibliakor\\\/#breadcrumb\"},\"inLanguage\":\"hu\",\"potentialAction\":[{\"@type\":\"ReadAction\",\"target\":[\"https:\\\/\\\/stuttgarti-katolikusok.de\\\/index.php\\\/bibliakor\\\/\"]}]},{\"@type\":\"BreadcrumbList\",\"@id\":\"https:\\\/\\\/stuttgarti-katolikusok.de\\\/index.php\\\/bibliakor\\\/#breadcrumb\",\"itemListElement\":[{\"@type\":\"ListItem\",\"position\":1,\"name\":\"Kezd\u0151lap\",\"item\":\"https:\\\/\\\/stuttgarti-katolikusok.de\\\/\"},{\"@type\":\"ListItem\",\"position\":2,\"name\":\"Bibliak\u00f6r\"}]},{\"@type\":\"WebSite\",\"@id\":\"https:\\\/\\\/stuttgarti-katolikusok.de\\\/#website\",\"url\":\"https:\\\/\\\/stuttgarti-katolikusok.de\\\/\",\"name\":\"Stuttgarti Katolikusok\",\"description\":\"\",\"potentialAction\":[{\"@type\":\"SearchAction\",\"target\":{\"@type\":\"EntryPoint\",\"urlTemplate\":\"https:\\\/\\\/stuttgarti-katolikusok.de\\\/?s={search_term_string}\"},\"query-input\":{\"@type\":\"PropertyValueSpecification\",\"valueRequired\":true,\"valueName\":\"search_term_string\"}}],\"inLanguage\":\"hu\"}]}<\/script>\n<!-- \/ Yoast SEO plugin. -->","yoast_head_json":{"title":"Bibliak\u00f6r - Stuttgarti Katolikusok","robots":{"index":"index","follow":"follow","max-snippet":"max-snippet:-1","max-image-preview":"max-image-preview:large","max-video-preview":"max-video-preview:-1"},"canonical":"https:\/\/stuttgarti-katolikusok.de\/index.php\/bibliakor\/","og_locale":"hu_HU","og_type":"article","og_title":"Bibliak\u00f6r - Stuttgarti Katolikusok","og_description":"[vc_row][vc_column width=&#8221;3\/4&#8243;][\/vc_column][vc_column width=&#8221;1\/4&#8243;][\/vc_column][\/vc_row]","og_url":"https:\/\/stuttgarti-katolikusok.de\/index.php\/bibliakor\/","og_site_name":"Stuttgarti Katolikusok","twitter_card":"summary_large_image","schema":{"@context":"https:\/\/schema.org","@graph":[{"@type":"WebPage","@id":"https:\/\/stuttgarti-katolikusok.de\/index.php\/bibliakor\/","url":"https:\/\/stuttgarti-katolikusok.de\/index.php\/bibliakor\/","name":"Bibliak\u00f6r - Stuttgarti Katolikusok","isPartOf":{"@id":"https:\/\/stuttgarti-katolikusok.de\/#website"},"datePublished":"2015-12-10T20:48:12+00:00","breadcrumb":{"@id":"https:\/\/stuttgarti-katolikusok.de\/index.php\/bibliakor\/#breadcrumb"},"inLanguage":"hu","potentialAction":[{"@type":"ReadAction","target":["https:\/\/stuttgarti-katolikusok.de\/index.php\/bibliakor\/"]}]},{"@type":"BreadcrumbList","@id":"https:\/\/stuttgarti-katolikusok.de\/index.php\/bibliakor\/#breadcrumb","itemListElement":[{"@type":"ListItem","position":1,"name":"Kezd\u0151lap","item":"https:\/\/stuttgarti-katolikusok.de\/"},{"@type":"ListItem","position":2,"name":"Bibliak\u00f6r"}]},{"@type":"WebSite","@id":"https:\/\/stuttgarti-katolikusok.de\/#website","url":"https:\/\/stuttgarti-katolikusok.de\/","name":"Stuttgarti Katolikusok","description":"","potentialAction":[{"@type":"SearchAction","target":{"@type":"EntryPoint","urlTemplate":"https:\/\/stuttgarti-katolikusok.de\/?s={search_term_string}"},"query-input":{"@type":"PropertyValueSpecification","valueRequired":true,"valueName":"search_term_string"}}],"inLanguage":"hu"}]}},"_links":{"self":[{"href":"https:\/\/stuttgarti-katolikusok.de\/index.php\/wp-json\/wp\/v2\/pages\/8131","targetHints":{"allow":["GET"]}}],"collection":[{"href":"https:\/\/stuttgarti-katolikusok.de\/index.php\/wp-json\/wp\/v2\/pages"}],"about":[{"href":"https:\/\/stuttgarti-katolikusok.de\/index.php\/wp-json\/wp\/v2\/types\/page"}],"author":[{"embeddable":true,"href":"https:\/\/stuttgarti-katolikusok.de\/index.php\/wp-json\/wp\/v2\/users\/7"}],"replies":[{"embeddable":true,"href":"https:\/\/stuttgarti-katolikusok.de\/index.php\/wp-json\/wp\/v2\/comments?post=8131"}],"version-history":[{"count":1,"href":"https:\/\/stuttgarti-katolikusok.de\/index.php\/wp-json\/wp\/v2\/pages\/8131\/revisions"}],"predecessor-version":[{"id":8132,"href":"https:\/\/stuttgarti-katolikusok.de\/index.php\/wp-json\/wp\/v2\/pages\/8131\/revisions\/8132"}],"wp:attachment":[{"href":"https:\/\/stuttgarti-katolikusok.de\/index.php\/wp-json\/wp\/v2\/media?parent=8131"}],"curies":[{"name":"wp","href":"https:\/\/api.w.org\/{rel}","templated":true}]}}