{"id":7930,"date":"2015-12-03T21:49:25","date_gmt":"2015-12-03T21:49:25","guid":{"rendered":"https:\/\/gracious-dewdney.138-201-221-2.plesk.page\/?page_id=7930"},"modified":"2015-12-03T21:55:31","modified_gmt":"2015-12-03T21:55:31","slug":"csaladi-nap","status":"publish","type":"page","link":"https:\/\/stuttgarti-katolikusok.de\/index.php\/csaladi-nap\/","title":{"rendered":"Csal\u00e1di nap"},"content":{"rendered":"<div class=\"wpb-content-wrapper\">[vc_row][vc_column width=&#8221;1\/2&#8243;]<div class=\"max-title2\"><h2>\u00darnapi csoda<\/h2><\/div>[vc_column_text]Sajnos nem minden t\u00f6rt\u00e9nik az ember k\u00e9nye-kedve szerint. Ez tegnap is beigazol\u00f3dott, amint \u00darnapj\u00e1n reggel kin\u00e9ztem az ablakon. Esik, minden sz\u00fcrke \u00e9s m\u00e9g hideg is van. Mi tagad\u00e1s m\u00e9rges lettem, h\u00e1nyan im\u00e1dkozhattak j\u00f3 id\u0151\u00e9rt erre a napra, \u00e9s semmi. \u00c9n m\u00e9g reggel is megpr\u00f3b\u00e1ltam b\u00edzni benne, hogy annak ellen\u00e9re, hogy most m\u00e9g kil\u00e1t\u00e1stalan a helyzet, Isten majd csod\u00e1t tesz. Elindultunk es\u0151ben Bad Niedernau fel\u00e9, \u00e9s az \u00faton csak esett \u00e9s esett. De nem adtam f\u00f6l: <em>\u201eInnen sz\u00e9p nyerni Istenem, l\u00e9gy sz\u00edves t\u00e9gy csod\u00e1t!\u201d<\/em> A kolostork\u00e1poln\u00e1ban tartott szentmise alatt kiss\u00e9 csal\u00f3dottan \u00e9s magamban duzzogva \u00fcltem (gondolom, ugyanilyen \u00e9rz\u00e9sekkel \u00fclt a t\u00f6bbi mintegy 70 \u201esorst\u00e1rsam\u201d is a padokban), \u00e9s a mise \u00e9s az eml\u00e9kt\u00e1bla megkoszor\u00faz\u00e1sa ut\u00e1n, feladtam. J\u00f3l van, ez m\u00e1r nem javul, hazamegy\u00fcnk, \u00edgy j\u00e1rtunk.<\/p>\n<p>Gondoltuk, beugrunk m\u00e9g az\u00e9rt elk\u00f6sz\u00f6nni, (nem akartunk angolosan t\u00e1vozni) \u00e9s ott, amikor m\u00e1r nem sz\u00e1m\u00edtottam r\u00e1, \u00e9s \u00fagy, ahogyan nem is sejtettem, megt\u00f6rt\u00e9nt a csoda.<\/p>\n<p>Ugyanis f\u00e9l hatra \u00e9rt\u00fcnk haza, remek\u00fcl sz\u00f3rakoztunk \u00e9s v\u00e9gig zuhogott az es\u0151. Isten csod\u00e1t tett!<\/p>\n<p>Most nem csak arra a keny\u00e9rszapor\u00edt\u00e1sra gondolok, hogy a piknik v\u00e9g\u00e9n itt is lett volna 12 kos\u00e1r \u00e9telmarad\u00e9k, hanem arra, hogy Isten t\u00e9nylegesen jelen volt a pikniken. A j\u00f3 sz\u00f3ban, az asztalk\u00f6z\u00f6ss\u00e9gekben, a j\u00e1t\u00e9kokban, \u00e9s a nagy egy\u00fcttnevet\u00e9sekben, m\u00e1rpedig a nevet\u00e9sekb\u0151l volt b\u0151ven.<\/p>\n<p>Miut\u00e1n mindenki megeb\u00e9delt, Imre atya vezet\u00e9s\u00e9vel a legelsz\u00e1ntabbak (enyhe es\u0151ben) focizni indultak, \u00e9s ezen alkalommal sokkal t\u00f6bb n\u0151i focista is ad\u00f3dott.<\/p>\n<p>A foci ut\u00e1n pihen\u00e9sk\u00e9ppen kezdet\u00e9t vette a <em>\u201eNemek harca\u201d<\/em> c\u00edm\u0171 j\u00e1t\u00e9k, amiben j\u00f3 alkalom ny\u00edlt \u00f6sszem\u00e9rni erej\u00fcket a f\u00e9rfiaknak \u00e9s n\u0151knek olyan feladatokban, mint a k\u00e9zi toj\u00e1shabver\u00e9s, f\u0171szerfelismer\u00e9s, lencse-ocs\u00fa v\u00e1logat\u00e1s, aj\u00e1nd\u00e9kcsomagol\u00e1s, bornyit\u00e1s, krumplipucol\u00e1s, motor alkatr\u00e9szek megnevez\u00e9se, m\u0171velts\u00e9gi k\u00e9rd\u00e9sek.<\/p>\n<p>Fergeteges hangulat volt, a mindk\u00e9t csapatot nagyon elkapta a versenyl\u00e1z, \u00e9s t\u00e9nyleg kihozt\u00e1k magukb\u00f3l a maximumot. Mutatja ezt az is, hogy az \u00e1tlagosan kb. 5 sz\u00ednt megk\u00fcl\u00f6nb\u00f6ztet\u0151 f\u00e9rfiak 25 sz\u00ednt voltak k\u00e9pesek magukb\u00f3l kisajtolni, illetve, hogy a n\u0151i csapat minden v\u00e1rakoz\u00e1son fel\u00fcli gyorsas\u00e1ggal nyitotta ki a palackozott bort.<\/p>\n<p>A legjobbak voltak a csapatok k\u00f6z\u00f6tti oda sz\u00f3longat\u00e1sok, illetve a csapat-diszkusszi\u00f3k, amit \u00e9n, mint j\u00e1t\u00e9kvezet\u0151 hallhattam. A Hamupip\u0151ke feladatn\u00e1l p\u00e9ld\u00e1ul a fi\u00fak maguk k\u00f6z\u00f6tt mondogatt\u00e1k <em>\u201dN\u00e9zz\u00e9tek a l\u00e1nyokat, milyen cs\u00f6ndben v\u00e1logatnak, ilyen feladat kell nekik, akkor nem besz\u00e9lnek\u201d. <\/em>\u00a0Ilyen \u00e9s hasonl\u00f3 bekiab\u00e1l\u00e1sok odasz\u00f3longat\u00e1sok igen j\u00f3 hangulatot teremtettek, \u00e9s a verseny v\u00e9g\u00e9ig ez meg is maradt. S b\u00e1r a feladatok ponteloszl\u00e1s\u00e1b\u00f3l kider\u00fcl, hogy a k\u00e9t nemnek m\u00e9g mindig sz\u00fcks\u00e9ge van egym\u00e1sra az \u00e9let k\u00fcl\u00f6nb\u00f6z\u0151 ter\u00fcletein, az \u00f6sszes\u00edtett pontsz\u00e1mok alapj\u00e1n a l\u00e1nyok nyertek&#8230;<\/p>\n<p>Rem\u00e9lem m\u00e1ssal is t\u00f6rt\u00e9ntek csod\u00e1k ezen a napon.<\/p>\n<p>\u00c9n azt tanultam meg tegnap m\u00e1r sokadszorra, hogy csoda mindig t\u00f6rt\u00e9nik, ha az ember k\u00e9ri, csak nem mindig \u00fagy, ahogy azt mi eltervezt\u00fck.<\/p>\n<p>Stuttgart, 2010. j\u00fanius 4.<\/p>\n<p><em>B\u00f3na-Lov\u00e1sz Judit<\/em>[\/vc_column_text][\/vc_column][vc_column width=&#8221;1\/2&#8243;]<hr class=\"vertical-space2\">[vc_masonry_media_grid element_width=&#8221;12&#8243; grid_id=&#8221;vc_gid:1449179661332-0f57bf1a-9037-0&#8243; include=&#8221;7936,7935,7934,7933,7932,7931&#8243;][\/vc_column][\/vc_row]\n<\/div>","protected":false},"excerpt":{"rendered":"<p>[vc_row][vc_column width=&#8221;1\/2&#8243;][vc_column_text]Sajnos nem minden t\u00f6rt\u00e9nik az ember k\u00e9nye-kedve szerint. Ez tegnap is beigazol\u00f3dott, amint \u00darnapj\u00e1n reggel kin\u00e9ztem az ablakon. Esik, minden sz\u00fcrke \u00e9s m\u00e9g hideg is van. Mi tagad\u00e1s m\u00e9rges lettem, h\u00e1nyan im\u00e1dkozhattak j\u00f3 id\u0151\u00e9rt erre a napra, \u00e9s semmi. \u00c9n m\u00e9g reggel is megpr\u00f3b\u00e1ltam b\u00edzni benne, hogy annak ellen\u00e9re, hogy most m\u00e9g kil\u00e1t\u00e1stalan a helyzet, Isten majd csod\u00e1t tesz. Elindultunk es\u0151ben Bad Niedernau fel\u00e9, \u00e9s az \u00faton csak esett \u00e9s esett. De nem adtam f\u00f6l: \u201eInnen sz\u00e9p nyerni Istenem, l\u00e9gy sz\u00edves t\u00e9gy csod\u00e1t!\u201d A kolostork\u00e1poln\u00e1ban tartott szentmise alatt kiss\u00e9 csal\u00f3dottan \u00e9s magamban duzzogva \u00fcltem (gondolom, ugyanilyen \u00e9rz\u00e9sekkel \u00fclt a t\u00f6bbi mintegy 70 \u201esorst\u00e1rsam\u201d is a padokban), \u00e9s a mise \u00e9s az eml\u00e9kt\u00e1bla megkoszor\u00faz\u00e1sa ut\u00e1n, feladtam. J\u00f3l van, ez m\u00e1r nem javul, hazamegy\u00fcnk, \u00edgy j\u00e1rtunk. Gondoltuk, beugrunk m\u00e9g az\u00e9rt elk\u00f6sz\u00f6nni, (nem akartunk angolosan t\u00e1vozni) \u00e9s ott, amikor m\u00e1r nem sz\u00e1m\u00edtottam r\u00e1, \u00e9s \u00fagy, ahogyan nem is sejtettem, megt\u00f6rt\u00e9nt a csoda. Ugyanis f\u00e9l hatra \u00e9rt\u00fcnk haza, remek\u00fcl sz\u00f3rakoztunk \u00e9s v\u00e9gig zuhogott az es\u0151. Isten csod\u00e1t tett! Most nem csak arra a keny\u00e9rszapor\u00edt\u00e1sra gondolok, hogy a piknik v\u00e9g\u00e9n itt is lett volna 12 kos\u00e1r \u00e9telmarad\u00e9k, hanem arra, hogy Isten t\u00e9nylegesen jelen volt a pikniken. A j\u00f3 sz\u00f3ban, az asztalk\u00f6z\u00f6ss\u00e9gekben, a j\u00e1t\u00e9kokban, \u00e9s a nagy egy\u00fcttnevet\u00e9sekben, m\u00e1rpedig a nevet\u00e9sekb\u0151l volt b\u0151ven. Miut\u00e1n mindenki megeb\u00e9delt, Imre atya vezet\u00e9s\u00e9vel a legelsz\u00e1ntabbak (enyhe es\u0151ben) focizni indultak, \u00e9s ezen alkalommal sokkal t\u00f6bb n\u0151i focista is ad\u00f3dott. A foci ut\u00e1n pihen\u00e9sk\u00e9ppen kezdet\u00e9t vette a \u201eNemek harca\u201d c\u00edm\u0171 j\u00e1t\u00e9k, amiben j\u00f3 alkalom ny\u00edlt \u00f6sszem\u00e9rni erej\u00fcket a f\u00e9rfiaknak \u00e9s n\u0151knek olyan feladatokban, mint a k\u00e9zi toj\u00e1shabver\u00e9s, f\u0171szerfelismer\u00e9s, lencse-ocs\u00fa v\u00e1logat\u00e1s, aj\u00e1nd\u00e9kcsomagol\u00e1s, bornyit\u00e1s, krumplipucol\u00e1s, motor alkatr\u00e9szek megnevez\u00e9se, m\u0171velts\u00e9gi k\u00e9rd\u00e9sek. Fergeteges hangulat volt, a mindk\u00e9t csapatot nagyon elkapta a versenyl\u00e1z, \u00e9s t\u00e9nyleg kihozt\u00e1k magukb\u00f3l a maximumot. Mutatja ezt az is, hogy az \u00e1tlagosan kb. 5 sz\u00ednt megk\u00fcl\u00f6nb\u00f6ztet\u0151 f\u00e9rfiak 25 sz\u00ednt voltak k\u00e9pesek magukb\u00f3l&#8230; <\/p>\n<p><a class=\"readmore\" href=\"https:\/\/stuttgarti-katolikusok.de\/index.php\/csaladi-nap\/\">R\u00e9szletek<\/a><\/p>\n","protected":false},"author":7,"featured_media":0,"parent":0,"menu_order":0,"comment_status":"closed","ping_status":"closed","template":"","meta":{"footnotes":""},"class_list":["post-7930","page","type-page","status-publish","hentry"],"yoast_head":"<!-- This site is optimized with the Yoast SEO plugin v27.3 - https:\/\/yoast.com\/product\/yoast-seo-wordpress\/ -->\n<title>Csal\u00e1di nap - Stuttgarti Katolikusok<\/title>\n<meta name=\"robots\" content=\"index, follow, max-snippet:-1, max-image-preview:large, max-video-preview:-1\" \/>\n<link rel=\"canonical\" href=\"https:\/\/stuttgarti-katolikusok.de\/index.php\/csaladi-nap\/\" \/>\n<meta property=\"og:locale\" content=\"hu_HU\" \/>\n<meta property=\"og:type\" content=\"article\" \/>\n<meta property=\"og:title\" content=\"Csal\u00e1di nap - Stuttgarti Katolikusok\" \/>\n<meta property=\"og:description\" content=\"[vc_row][vc_column width=&#8221;1\/2&#8243;][vc_column_text]Sajnos nem minden t\u00f6rt\u00e9nik az ember k\u00e9nye-kedve szerint. Ez tegnap is beigazol\u00f3dott, amint \u00darnapj\u00e1n reggel kin\u00e9ztem az ablakon. Esik, minden sz\u00fcrke \u00e9s m\u00e9g hideg is van. Mi tagad\u00e1s m\u00e9rges lettem, h\u00e1nyan im\u00e1dkozhattak j\u00f3 id\u0151\u00e9rt erre a napra, \u00e9s semmi. \u00c9n m\u00e9g reggel is megpr\u00f3b\u00e1ltam b\u00edzni benne, hogy annak ellen\u00e9re, hogy most m\u00e9g kil\u00e1t\u00e1stalan a helyzet, Isten majd csod\u00e1t tesz. Elindultunk es\u0151ben Bad Niedernau fel\u00e9, \u00e9s az \u00faton csak esett \u00e9s esett. De nem adtam f\u00f6l: \u201eInnen sz\u00e9p nyerni Istenem, l\u00e9gy sz\u00edves t\u00e9gy csod\u00e1t!\u201d A kolostork\u00e1poln\u00e1ban tartott szentmise alatt kiss\u00e9 csal\u00f3dottan \u00e9s magamban duzzogva \u00fcltem (gondolom, ugyanilyen \u00e9rz\u00e9sekkel \u00fclt a t\u00f6bbi mintegy 70 \u201esorst\u00e1rsam\u201d is a padokban), \u00e9s a mise \u00e9s az eml\u00e9kt\u00e1bla megkoszor\u00faz\u00e1sa ut\u00e1n, feladtam. J\u00f3l van, ez m\u00e1r nem javul, hazamegy\u00fcnk, \u00edgy j\u00e1rtunk. Gondoltuk, beugrunk m\u00e9g az\u00e9rt elk\u00f6sz\u00f6nni, (nem akartunk angolosan t\u00e1vozni) \u00e9s ott, amikor m\u00e1r nem sz\u00e1m\u00edtottam r\u00e1, \u00e9s \u00fagy, ahogyan nem is sejtettem, megt\u00f6rt\u00e9nt a csoda. Ugyanis f\u00e9l hatra \u00e9rt\u00fcnk haza, remek\u00fcl sz\u00f3rakoztunk \u00e9s v\u00e9gig zuhogott az es\u0151. Isten csod\u00e1t tett! Most nem csak arra a keny\u00e9rszapor\u00edt\u00e1sra gondolok, hogy a piknik v\u00e9g\u00e9n itt is lett volna 12 kos\u00e1r \u00e9telmarad\u00e9k, hanem arra, hogy Isten t\u00e9nylegesen jelen volt a pikniken. A j\u00f3 sz\u00f3ban, az asztalk\u00f6z\u00f6ss\u00e9gekben, a j\u00e1t\u00e9kokban, \u00e9s a nagy egy\u00fcttnevet\u00e9sekben, m\u00e1rpedig a nevet\u00e9sekb\u0151l volt b\u0151ven. Miut\u00e1n mindenki megeb\u00e9delt, Imre atya vezet\u00e9s\u00e9vel a legelsz\u00e1ntabbak (enyhe es\u0151ben) focizni indultak, \u00e9s ezen alkalommal sokkal t\u00f6bb n\u0151i focista is ad\u00f3dott. A foci ut\u00e1n pihen\u00e9sk\u00e9ppen kezdet\u00e9t vette a \u201eNemek harca\u201d c\u00edm\u0171 j\u00e1t\u00e9k, amiben j\u00f3 alkalom ny\u00edlt \u00f6sszem\u00e9rni erej\u00fcket a f\u00e9rfiaknak \u00e9s n\u0151knek olyan feladatokban, mint a k\u00e9zi toj\u00e1shabver\u00e9s, f\u0171szerfelismer\u00e9s, lencse-ocs\u00fa v\u00e1logat\u00e1s, aj\u00e1nd\u00e9kcsomagol\u00e1s, bornyit\u00e1s, krumplipucol\u00e1s, motor alkatr\u00e9szek megnevez\u00e9se, m\u0171velts\u00e9gi k\u00e9rd\u00e9sek. Fergeteges hangulat volt, a mindk\u00e9t csapatot nagyon elkapta a versenyl\u00e1z, \u00e9s t\u00e9nyleg kihozt\u00e1k magukb\u00f3l a maximumot. Mutatja ezt az is, hogy az \u00e1tlagosan kb. 5 sz\u00ednt megk\u00fcl\u00f6nb\u00f6ztet\u0151 f\u00e9rfiak 25 sz\u00ednt voltak k\u00e9pesek magukb\u00f3l... R\u00e9szletek\" \/>\n<meta property=\"og:url\" content=\"https:\/\/stuttgarti-katolikusok.de\/index.php\/csaladi-nap\/\" \/>\n<meta property=\"og:site_name\" content=\"Stuttgarti Katolikusok\" \/>\n<meta property=\"article:modified_time\" content=\"2015-12-03T21:55:31+00:00\" \/>\n<meta name=\"twitter:card\" content=\"summary_large_image\" \/>\n<meta name=\"twitter:label1\" content=\"Becs\u00fclt olvas\u00e1si id\u0151\" \/>\n\t<meta name=\"twitter:data1\" content=\"3 perc\" \/>\n<script type=\"application\/ld+json\" class=\"yoast-schema-graph\">{\"@context\":\"https:\\\/\\\/schema.org\",\"@graph\":[{\"@type\":\"WebPage\",\"@id\":\"https:\\\/\\\/stuttgarti-katolikusok.de\\\/index.php\\\/csaladi-nap\\\/\",\"url\":\"https:\\\/\\\/stuttgarti-katolikusok.de\\\/index.php\\\/csaladi-nap\\\/\",\"name\":\"Csal\u00e1di nap - Stuttgarti Katolikusok\",\"isPartOf\":{\"@id\":\"https:\\\/\\\/stuttgarti-katolikusok.de\\\/#website\"},\"datePublished\":\"2015-12-03T21:49:25+00:00\",\"dateModified\":\"2015-12-03T21:55:31+00:00\",\"breadcrumb\":{\"@id\":\"https:\\\/\\\/stuttgarti-katolikusok.de\\\/index.php\\\/csaladi-nap\\\/#breadcrumb\"},\"inLanguage\":\"hu\",\"potentialAction\":[{\"@type\":\"ReadAction\",\"target\":[\"https:\\\/\\\/stuttgarti-katolikusok.de\\\/index.php\\\/csaladi-nap\\\/\"]}]},{\"@type\":\"BreadcrumbList\",\"@id\":\"https:\\\/\\\/stuttgarti-katolikusok.de\\\/index.php\\\/csaladi-nap\\\/#breadcrumb\",\"itemListElement\":[{\"@type\":\"ListItem\",\"position\":1,\"name\":\"Kezd\u0151lap\",\"item\":\"https:\\\/\\\/stuttgarti-katolikusok.de\\\/\"},{\"@type\":\"ListItem\",\"position\":2,\"name\":\"Csal\u00e1di nap\"}]},{\"@type\":\"WebSite\",\"@id\":\"https:\\\/\\\/stuttgarti-katolikusok.de\\\/#website\",\"url\":\"https:\\\/\\\/stuttgarti-katolikusok.de\\\/\",\"name\":\"Stuttgarti Katolikusok\",\"description\":\"\",\"potentialAction\":[{\"@type\":\"SearchAction\",\"target\":{\"@type\":\"EntryPoint\",\"urlTemplate\":\"https:\\\/\\\/stuttgarti-katolikusok.de\\\/?s={search_term_string}\"},\"query-input\":{\"@type\":\"PropertyValueSpecification\",\"valueRequired\":true,\"valueName\":\"search_term_string\"}}],\"inLanguage\":\"hu\"}]}<\/script>\n<!-- \/ Yoast SEO plugin. -->","yoast_head_json":{"title":"Csal\u00e1di nap - Stuttgarti Katolikusok","robots":{"index":"index","follow":"follow","max-snippet":"max-snippet:-1","max-image-preview":"max-image-preview:large","max-video-preview":"max-video-preview:-1"},"canonical":"https:\/\/stuttgarti-katolikusok.de\/index.php\/csaladi-nap\/","og_locale":"hu_HU","og_type":"article","og_title":"Csal\u00e1di nap - Stuttgarti Katolikusok","og_description":"[vc_row][vc_column width=&#8221;1\/2&#8243;][vc_column_text]Sajnos nem minden t\u00f6rt\u00e9nik az ember k\u00e9nye-kedve szerint. Ez tegnap is beigazol\u00f3dott, amint \u00darnapj\u00e1n reggel kin\u00e9ztem az ablakon. Esik, minden sz\u00fcrke \u00e9s m\u00e9g hideg is van. Mi tagad\u00e1s m\u00e9rges lettem, h\u00e1nyan im\u00e1dkozhattak j\u00f3 id\u0151\u00e9rt erre a napra, \u00e9s semmi. \u00c9n m\u00e9g reggel is megpr\u00f3b\u00e1ltam b\u00edzni benne, hogy annak ellen\u00e9re, hogy most m\u00e9g kil\u00e1t\u00e1stalan a helyzet, Isten majd csod\u00e1t tesz. Elindultunk es\u0151ben Bad Niedernau fel\u00e9, \u00e9s az \u00faton csak esett \u00e9s esett. De nem adtam f\u00f6l: \u201eInnen sz\u00e9p nyerni Istenem, l\u00e9gy sz\u00edves t\u00e9gy csod\u00e1t!\u201d A kolostork\u00e1poln\u00e1ban tartott szentmise alatt kiss\u00e9 csal\u00f3dottan \u00e9s magamban duzzogva \u00fcltem (gondolom, ugyanilyen \u00e9rz\u00e9sekkel \u00fclt a t\u00f6bbi mintegy 70 \u201esorst\u00e1rsam\u201d is a padokban), \u00e9s a mise \u00e9s az eml\u00e9kt\u00e1bla megkoszor\u00faz\u00e1sa ut\u00e1n, feladtam. J\u00f3l van, ez m\u00e1r nem javul, hazamegy\u00fcnk, \u00edgy j\u00e1rtunk. Gondoltuk, beugrunk m\u00e9g az\u00e9rt elk\u00f6sz\u00f6nni, (nem akartunk angolosan t\u00e1vozni) \u00e9s ott, amikor m\u00e1r nem sz\u00e1m\u00edtottam r\u00e1, \u00e9s \u00fagy, ahogyan nem is sejtettem, megt\u00f6rt\u00e9nt a csoda. Ugyanis f\u00e9l hatra \u00e9rt\u00fcnk haza, remek\u00fcl sz\u00f3rakoztunk \u00e9s v\u00e9gig zuhogott az es\u0151. Isten csod\u00e1t tett! Most nem csak arra a keny\u00e9rszapor\u00edt\u00e1sra gondolok, hogy a piknik v\u00e9g\u00e9n itt is lett volna 12 kos\u00e1r \u00e9telmarad\u00e9k, hanem arra, hogy Isten t\u00e9nylegesen jelen volt a pikniken. A j\u00f3 sz\u00f3ban, az asztalk\u00f6z\u00f6ss\u00e9gekben, a j\u00e1t\u00e9kokban, \u00e9s a nagy egy\u00fcttnevet\u00e9sekben, m\u00e1rpedig a nevet\u00e9sekb\u0151l volt b\u0151ven. Miut\u00e1n mindenki megeb\u00e9delt, Imre atya vezet\u00e9s\u00e9vel a legelsz\u00e1ntabbak (enyhe es\u0151ben) focizni indultak, \u00e9s ezen alkalommal sokkal t\u00f6bb n\u0151i focista is ad\u00f3dott. A foci ut\u00e1n pihen\u00e9sk\u00e9ppen kezdet\u00e9t vette a \u201eNemek harca\u201d c\u00edm\u0171 j\u00e1t\u00e9k, amiben j\u00f3 alkalom ny\u00edlt \u00f6sszem\u00e9rni erej\u00fcket a f\u00e9rfiaknak \u00e9s n\u0151knek olyan feladatokban, mint a k\u00e9zi toj\u00e1shabver\u00e9s, f\u0171szerfelismer\u00e9s, lencse-ocs\u00fa v\u00e1logat\u00e1s, aj\u00e1nd\u00e9kcsomagol\u00e1s, bornyit\u00e1s, krumplipucol\u00e1s, motor alkatr\u00e9szek megnevez\u00e9se, m\u0171velts\u00e9gi k\u00e9rd\u00e9sek. Fergeteges hangulat volt, a mindk\u00e9t csapatot nagyon elkapta a versenyl\u00e1z, \u00e9s t\u00e9nyleg kihozt\u00e1k magukb\u00f3l a maximumot. Mutatja ezt az is, hogy az \u00e1tlagosan kb. 5 sz\u00ednt megk\u00fcl\u00f6nb\u00f6ztet\u0151 f\u00e9rfiak 25 sz\u00ednt voltak k\u00e9pesek magukb\u00f3l... R\u00e9szletek","og_url":"https:\/\/stuttgarti-katolikusok.de\/index.php\/csaladi-nap\/","og_site_name":"Stuttgarti Katolikusok","article_modified_time":"2015-12-03T21:55:31+00:00","twitter_card":"summary_large_image","twitter_misc":{"Becs\u00fclt olvas\u00e1si id\u0151":"3 perc"},"schema":{"@context":"https:\/\/schema.org","@graph":[{"@type":"WebPage","@id":"https:\/\/stuttgarti-katolikusok.de\/index.php\/csaladi-nap\/","url":"https:\/\/stuttgarti-katolikusok.de\/index.php\/csaladi-nap\/","name":"Csal\u00e1di nap - Stuttgarti Katolikusok","isPartOf":{"@id":"https:\/\/stuttgarti-katolikusok.de\/#website"},"datePublished":"2015-12-03T21:49:25+00:00","dateModified":"2015-12-03T21:55:31+00:00","breadcrumb":{"@id":"https:\/\/stuttgarti-katolikusok.de\/index.php\/csaladi-nap\/#breadcrumb"},"inLanguage":"hu","potentialAction":[{"@type":"ReadAction","target":["https:\/\/stuttgarti-katolikusok.de\/index.php\/csaladi-nap\/"]}]},{"@type":"BreadcrumbList","@id":"https:\/\/stuttgarti-katolikusok.de\/index.php\/csaladi-nap\/#breadcrumb","itemListElement":[{"@type":"ListItem","position":1,"name":"Kezd\u0151lap","item":"https:\/\/stuttgarti-katolikusok.de\/"},{"@type":"ListItem","position":2,"name":"Csal\u00e1di nap"}]},{"@type":"WebSite","@id":"https:\/\/stuttgarti-katolikusok.de\/#website","url":"https:\/\/stuttgarti-katolikusok.de\/","name":"Stuttgarti Katolikusok","description":"","potentialAction":[{"@type":"SearchAction","target":{"@type":"EntryPoint","urlTemplate":"https:\/\/stuttgarti-katolikusok.de\/?s={search_term_string}"},"query-input":{"@type":"PropertyValueSpecification","valueRequired":true,"valueName":"search_term_string"}}],"inLanguage":"hu"}]}},"_links":{"self":[{"href":"https:\/\/stuttgarti-katolikusok.de\/index.php\/wp-json\/wp\/v2\/pages\/7930","targetHints":{"allow":["GET"]}}],"collection":[{"href":"https:\/\/stuttgarti-katolikusok.de\/index.php\/wp-json\/wp\/v2\/pages"}],"about":[{"href":"https:\/\/stuttgarti-katolikusok.de\/index.php\/wp-json\/wp\/v2\/types\/page"}],"author":[{"embeddable":true,"href":"https:\/\/stuttgarti-katolikusok.de\/index.php\/wp-json\/wp\/v2\/users\/7"}],"replies":[{"embeddable":true,"href":"https:\/\/stuttgarti-katolikusok.de\/index.php\/wp-json\/wp\/v2\/comments?post=7930"}],"version-history":[{"count":5,"href":"https:\/\/stuttgarti-katolikusok.de\/index.php\/wp-json\/wp\/v2\/pages\/7930\/revisions"}],"predecessor-version":[{"id":7941,"href":"https:\/\/stuttgarti-katolikusok.de\/index.php\/wp-json\/wp\/v2\/pages\/7930\/revisions\/7941"}],"wp:attachment":[{"href":"https:\/\/stuttgarti-katolikusok.de\/index.php\/wp-json\/wp\/v2\/media?parent=7930"}],"curies":[{"name":"wp","href":"https:\/\/api.w.org\/{rel}","templated":true}]}}