{"id":7889,"date":"2015-11-29T14:31:45","date_gmt":"2015-11-29T14:31:45","guid":{"rendered":"https:\/\/gracious-dewdney.138-201-221-2.plesk.page\/?page_id=7889"},"modified":"2026-04-15T19:54:00","modified_gmt":"2026-04-15T17:54:00","slug":"weingarten","status":"publish","type":"page","link":"https:\/\/stuttgarti-katolikusok.de\/index.php\/weingarten\/","title":{"rendered":"Weingarten"},"content":{"rendered":"<div class=\"wpb-content-wrapper\">[vc_row][vc_column]<div class=\"alert alert-info\">Szentmis\u00e9k 2026-ban a 14 Nothelfer Kapelle-ben:<br \/>\n&#8211; 2026. janu\u00e1r 1-j\u00e9n, \u00daj\u00e9v napj\u00e1n, 16.00 \u00f3rakor.<br \/>\n&#8211; 2026. janu\u00e1r 6-\u00e1n, V\u00edzkereszt \u00fcnnep\u00e9n, 10.00 \u00f3rakor.<br \/>\n&#8211; 2026. febru\u00e1r 8-\u00e1n, vas\u00e1rnap, 10.00 \u00f3rakor.<br \/>\n&#8211; 2026. febru\u00e1r 18-\u00e1n, Hamvaz\u00f3szerd\u00e1n, 10.00 \u00f3rakor.<br \/>\n&#8211; 2026. m\u00e1rcius 8-\u00e1n, vas\u00e1rnap, 10.00 \u00f3rakor.<br \/>\n&#8211; 2026. m\u00e1rcius 29-\u00e9n, Vir\u00e1gvas\u00e1rnap, 10.00 \u00f3rakor.<br \/>\n&#8211; 2026. \u00e1prilis 3-\u00e1n, Nagyp\u00e9nteken, 15.00 \u00f3rakor.<br \/>\n&#8211; 2026. \u00e1prilis 5-\u00e9n, H\u00fasv\u00e9tvas\u00e1rnap, 10.00 \u00f3rakor.<br \/>\n&#8211; 2026. m\u00e1jus 1-j\u00e9n, Szent J\u00f3zsef \u00fcnnep\u00e9n &#8211; p\u00e9ntek, 10.00 \u00f3rakor.<br \/>\n&#8211; 2026. m\u00e1jus 10-\u00e9n, vas\u00e1rnap, 10.00 \u00f3rakor.<br \/>\n&#8211; 2026. m\u00e1jus 24-\u00e9n, P\u00fcnk\u00f6sd vas\u00e1rnapj\u00e1n, 10.00 \u00f3rakor.<br \/>\n&#8211; 2026. j\u00fanius h\u00f3napban NINCS szentmise!!!<br \/>\n&#8211; 2026. szeptember 14-\u00e1n, vas\u00e1rnap, 10.00 \u00f3rakor.<br \/>\n&#8211; 2026. okt\u00f3ber h\u00f3napban NINCS szentmise!!!<br \/>\n&#8211; 2026. november 2-\u00e1n, Halottak napja, 10.00 \u00f3rakor.<br \/>\n&#8211; 2026. november 7-\u00e9n, szombaton, Marienkirche-ben, 16.00 \u00f3rakor Szent Imre b\u00facs\u00fas szentmise.<br \/>\n&#8211; 2026. december 13-\u00e1n, vas\u00e1rnap, 10.00 \u00f3rakor.<br \/>\n&#8211; 2026. december 25-\u00e9n, Kar\u00e1csony \u00fcnnep\u00e9n, 10.00 \u00f3rakor.<br \/>\n&#8211; 2025. december 31-\u00e9n, Szilveszter napj\u00e1n, 15.00 \u00f3rakor, a 14 Nothelfer Kapelle-ben.<br \/>\nMindenkit szeretettel v\u00e1runk Weingartenb\u0151l \u00e9s k\u00f6rny\u00e9k\u00e9r\u0151l! <\/div>[\/vc_column][\/vc_row][vc_row][vc_column width=&#8221;1\/2&#8243;]<article class=\"icon-box6\" ><i class=\"fa-institution\" style=\"\"><\/i><h4>A szentmise helye<\/h4><p>88250 Weingarten, Ravensburger Str. 39..<br \/>\n14 Nothelfer Kapelle<\/p><\/article>[\/vc_column][vc_column width=&#8221;1\/2&#8243;]<article class=\"icon-box6\" ><i class=\"fa-clock-o\" style=\"\"><\/i><h4>A szentmise ideje<\/h4><p>A h\u00f3nap II. vas\u00e1rnapj\u00e1n, 10.00 \u00f3rakor<\/p><\/article>[\/vc_column][\/vc_row][vc_row][vc_column width=&#8221;1\/2&#8243;][vc_column_text]<strong>Templomb\u00facs\u00fa: <\/strong>Szent Imre &#8211; november 5<\/p>\n<p><strong>Leg\u00e1tusok:<\/strong>\u00a0Kreiter Ter\u00e9zia, Lieb Csaba, Merk Csaba, Nabholz Elmar<strong>\u00a0<\/strong><\/p>\n<p><strong>Tud\u00f3s\u00edt\u00f3:\u00a0<\/strong>Nabholz Elmar<\/p>\n<p><strong>Sekresty\u00e9s:\u00a0<\/strong>Vill\u00e1nyi \u00c1gnes<\/p>\n<p><strong>Orgonista:\u00a0<\/strong>Merker Ferenc<\/p>\n<p><strong>Felolvas\u00f3k:<\/strong> Lieb Csaba \u00e9s \u00c9va, \u00a0Merk Csaba, Nabholz Elmar, Kompasz No\u00e9mi, Vill\u00e1nyi \u00c1gnes<\/p>\n<p><strong>Ministr\u00e1nsok:<\/strong> Moln\u00e1r \u00c1d\u00e1m, Moln\u00e1r Mikl\u00f3s, Steiger Vikt\u00f3ria[\/vc_column_text][\/vc_column][vc_column width=&#8221;1\/2&#8243;][vc_single_image image=&#8221;26266&#8243; img_size=&#8221;full&#8221; onclick=&#8221;zoom&#8221; css_animation=&#8221;appear&#8221;][\/vc_column][\/vc_row][vc_row][vc_column][vc_column_text]\t\n\t<!-- Start Google Routeplanner Plugin Output -->\n<script type=\"text\/javascript\">var destination_13 = '88250 Weingarten Ravensburger Strasse 39';\nvar map_width_13 = 500;\nvar map_width_unit_13 = 'px';\nvar map_height_13 = 400;\nvar map_height_unit_13 = 'px';\nvar zoom_13 = 8;\nvar map_type_13 = 'ROADMAP';\nvar zoom_control_13 = 'DEFAULT';\nvar pan_control_13 = 'true';\nvar type_control_13 = 'DEFAULT';\nvar autofill_13 = 0;\n<\/script><script type=\"text\/javascript\" src=\"https:\/\/maps.google.com\/maps\/api\/js?key=AIzaSyBmVkXxjKe2a8kb5bMMLBl9SFVrvttFrU8&amp;language=hu\"><\/script>\n<script type=\"text\/javascript\" src=\"https:\/\/stuttgarti-katolikusok.de\/wp-content\/plugins\/google-routeplaner\/google-routeplaner-main-js.php?plan_id=13\"><\/script>\n<form action=\"#\" onsubmit=\"calcRoute13(); return false\">\n\t <div id=\"map_controls13\" class=\"google_map_controls\"><label for=\"fromAddress13\">Indul\u00e1s helye<\/label> <input type=\"text\" size=\"25\" id=\"fromAddress13\" name=\"from\" value=\"\"\/><input name=\"calc\" type=\"submit\" value=\"\u00datvonal mutat\u00e1sa\" \/><\/div>\n\t <div id=\"map_canvas13\" class=\"google_map_canvas\" style=\"overflow: hidden; width: 500px; height: 400px;\"><\/div>\n\t <div id=\"map_directions13\" class=\"google_map_directions\"><\/div>\n\t<\/form>\n<script type=\"text\/javascript\" src=\"https:\/\/stuttgarti-katolikusok.de\/wp-content\/plugins\/google-routeplaner\/google-routeplaner-js.php?plan_id=13&autofill=0\"><\/script>\n<!-- End Google Routeplanner Plugin Output --><p>\n[\/vc_column_text][\/vc_column][\/vc_row]\n<\/div>","protected":false},"excerpt":{"rendered":"<p>[vc_row][vc_column][\/vc_column][\/vc_row][vc_row][vc_column width=&#8221;1\/2&#8243;][\/vc_column][vc_column width=&#8221;1\/2&#8243;][\/vc_column][\/vc_row][vc_row][vc_column width=&#8221;1\/2&#8243;][vc_column_text]Templomb\u00facs\u00fa: Szent Imre &#8211; november 5 Leg\u00e1tusok:\u00a0Kreiter Ter\u00e9zia, Lieb Csaba, Merk Csaba, Nabholz Elmar\u00a0 Tud\u00f3s\u00edt\u00f3:\u00a0Nabholz Elmar Sekresty\u00e9s:\u00a0Vill\u00e1nyi \u00c1gnes Orgonista:\u00a0Merker Ferenc Felolvas\u00f3k: Lieb Csaba \u00e9s \u00c9va, \u00a0Merk Csaba, Nabholz Elmar, Kompasz No\u00e9mi, Vill\u00e1nyi \u00c1gnes Ministr\u00e1nsok: Moln\u00e1r \u00c1d\u00e1m, Moln\u00e1r Mikl\u00f3s, Steiger Vikt\u00f3ria[\/vc_column_text][\/vc_column][vc_column width=&#8221;1\/2&#8243;][vc_single_image image=&#8221;26266&#8243; img_size=&#8221;full&#8221; onclick=&#8221;zoom&#8221; css_animation=&#8221;appear&#8221;][\/vc_column][\/vc_row][vc_row][vc_column][vc_column_text] Indul\u00e1s helye [\/vc_column_text][\/vc_column][\/vc_row]<\/p>\n","protected":false},"author":7,"featured_media":0,"parent":0,"menu_order":0,"comment_status":"closed","ping_status":"closed","template":"","meta":{"footnotes":""},"class_list":["post-7889","page","type-page","status-publish","hentry"],"yoast_head":"<!-- This site is optimized with the Yoast SEO plugin v27.3 - https:\/\/yoast.com\/product\/yoast-seo-wordpress\/ -->\n<title>Weingarten - Stuttgarti Katolikusok<\/title>\n<meta name=\"robots\" content=\"index, follow, max-snippet:-1, max-image-preview:large, max-video-preview:-1\" \/>\n<link rel=\"canonical\" href=\"https:\/\/stuttgarti-katolikusok.de\/index.php\/weingarten\/\" \/>\n<meta property=\"og:locale\" content=\"hu_HU\" \/>\n<meta property=\"og:type\" content=\"article\" \/>\n<meta property=\"og:title\" content=\"Weingarten - Stuttgarti Katolikusok\" \/>\n<meta property=\"og:description\" content=\"[vc_row][vc_column][\/vc_column][\/vc_row][vc_row][vc_column width=&#8221;1\/2&#8243;][\/vc_column][vc_column width=&#8221;1\/2&#8243;][\/vc_column][\/vc_row][vc_row][vc_column width=&#8221;1\/2&#8243;][vc_column_text]Templomb\u00facs\u00fa: Szent Imre &#8211; november 5 Leg\u00e1tusok:\u00a0Kreiter Ter\u00e9zia, Lieb Csaba, Merk Csaba, Nabholz Elmar\u00a0 Tud\u00f3s\u00edt\u00f3:\u00a0Nabholz Elmar Sekresty\u00e9s:\u00a0Vill\u00e1nyi \u00c1gnes Orgonista:\u00a0Merker Ferenc Felolvas\u00f3k: Lieb Csaba \u00e9s \u00c9va, \u00a0Merk Csaba, Nabholz Elmar, Kompasz No\u00e9mi, Vill\u00e1nyi \u00c1gnes Ministr\u00e1nsok: Moln\u00e1r \u00c1d\u00e1m, Moln\u00e1r Mikl\u00f3s, Steiger Vikt\u00f3ria[\/vc_column_text][\/vc_column][vc_column width=&#8221;1\/2&#8243;][vc_single_image image=&#8221;26266&#8243; img_size=&#8221;full&#8221; onclick=&#8221;zoom&#8221; css_animation=&#8221;appear&#8221;][\/vc_column][\/vc_row][vc_row][vc_column][vc_column_text] Indul\u00e1s helye [\/vc_column_text][\/vc_column][\/vc_row]\" \/>\n<meta property=\"og:url\" content=\"https:\/\/stuttgarti-katolikusok.de\/index.php\/weingarten\/\" \/>\n<meta property=\"og:site_name\" content=\"Stuttgarti Katolikusok\" \/>\n<meta property=\"article:modified_time\" content=\"2026-04-15T17:54:00+00:00\" \/>\n<meta name=\"twitter:card\" content=\"summary_large_image\" \/>\n<meta name=\"twitter:label1\" content=\"Becs\u00fclt olvas\u00e1si id\u0151\" \/>\n\t<meta name=\"twitter:data1\" content=\"2 perc\" \/>\n<script type=\"application\/ld+json\" class=\"yoast-schema-graph\">{\"@context\":\"https:\\\/\\\/schema.org\",\"@graph\":[{\"@type\":\"WebPage\",\"@id\":\"https:\\\/\\\/stuttgarti-katolikusok.de\\\/index.php\\\/weingarten\\\/\",\"url\":\"https:\\\/\\\/stuttgarti-katolikusok.de\\\/index.php\\\/weingarten\\\/\",\"name\":\"Weingarten - Stuttgarti Katolikusok\",\"isPartOf\":{\"@id\":\"https:\\\/\\\/stuttgarti-katolikusok.de\\\/#website\"},\"datePublished\":\"2015-11-29T14:31:45+00:00\",\"dateModified\":\"2026-04-15T17:54:00+00:00\",\"breadcrumb\":{\"@id\":\"https:\\\/\\\/stuttgarti-katolikusok.de\\\/index.php\\\/weingarten\\\/#breadcrumb\"},\"inLanguage\":\"hu\",\"potentialAction\":[{\"@type\":\"ReadAction\",\"target\":[\"https:\\\/\\\/stuttgarti-katolikusok.de\\\/index.php\\\/weingarten\\\/\"]}]},{\"@type\":\"BreadcrumbList\",\"@id\":\"https:\\\/\\\/stuttgarti-katolikusok.de\\\/index.php\\\/weingarten\\\/#breadcrumb\",\"itemListElement\":[{\"@type\":\"ListItem\",\"position\":1,\"name\":\"Kezd\u0151lap\",\"item\":\"https:\\\/\\\/stuttgarti-katolikusok.de\\\/\"},{\"@type\":\"ListItem\",\"position\":2,\"name\":\"Weingarten\"}]},{\"@type\":\"WebSite\",\"@id\":\"https:\\\/\\\/stuttgarti-katolikusok.de\\\/#website\",\"url\":\"https:\\\/\\\/stuttgarti-katolikusok.de\\\/\",\"name\":\"Stuttgarti Katolikusok\",\"description\":\"\",\"potentialAction\":[{\"@type\":\"SearchAction\",\"target\":{\"@type\":\"EntryPoint\",\"urlTemplate\":\"https:\\\/\\\/stuttgarti-katolikusok.de\\\/?s={search_term_string}\"},\"query-input\":{\"@type\":\"PropertyValueSpecification\",\"valueRequired\":true,\"valueName\":\"search_term_string\"}}],\"inLanguage\":\"hu\"}]}<\/script>\n<!-- \/ Yoast SEO plugin. -->","yoast_head_json":{"title":"Weingarten - Stuttgarti Katolikusok","robots":{"index":"index","follow":"follow","max-snippet":"max-snippet:-1","max-image-preview":"max-image-preview:large","max-video-preview":"max-video-preview:-1"},"canonical":"https:\/\/stuttgarti-katolikusok.de\/index.php\/weingarten\/","og_locale":"hu_HU","og_type":"article","og_title":"Weingarten - Stuttgarti Katolikusok","og_description":"[vc_row][vc_column][\/vc_column][\/vc_row][vc_row][vc_column width=&#8221;1\/2&#8243;][\/vc_column][vc_column width=&#8221;1\/2&#8243;][\/vc_column][\/vc_row][vc_row][vc_column width=&#8221;1\/2&#8243;][vc_column_text]Templomb\u00facs\u00fa: Szent Imre &#8211; november 5 Leg\u00e1tusok:\u00a0Kreiter Ter\u00e9zia, Lieb Csaba, Merk Csaba, Nabholz Elmar\u00a0 Tud\u00f3s\u00edt\u00f3:\u00a0Nabholz Elmar Sekresty\u00e9s:\u00a0Vill\u00e1nyi \u00c1gnes Orgonista:\u00a0Merker Ferenc Felolvas\u00f3k: Lieb Csaba \u00e9s \u00c9va, \u00a0Merk Csaba, Nabholz Elmar, Kompasz No\u00e9mi, Vill\u00e1nyi \u00c1gnes Ministr\u00e1nsok: Moln\u00e1r \u00c1d\u00e1m, Moln\u00e1r Mikl\u00f3s, Steiger Vikt\u00f3ria[\/vc_column_text][\/vc_column][vc_column width=&#8221;1\/2&#8243;][vc_single_image image=&#8221;26266&#8243; img_size=&#8221;full&#8221; onclick=&#8221;zoom&#8221; css_animation=&#8221;appear&#8221;][\/vc_column][\/vc_row][vc_row][vc_column][vc_column_text] Indul\u00e1s helye [\/vc_column_text][\/vc_column][\/vc_row]","og_url":"https:\/\/stuttgarti-katolikusok.de\/index.php\/weingarten\/","og_site_name":"Stuttgarti Katolikusok","article_modified_time":"2026-04-15T17:54:00+00:00","twitter_card":"summary_large_image","twitter_misc":{"Becs\u00fclt olvas\u00e1si id\u0151":"2 perc"},"schema":{"@context":"https:\/\/schema.org","@graph":[{"@type":"WebPage","@id":"https:\/\/stuttgarti-katolikusok.de\/index.php\/weingarten\/","url":"https:\/\/stuttgarti-katolikusok.de\/index.php\/weingarten\/","name":"Weingarten - Stuttgarti Katolikusok","isPartOf":{"@id":"https:\/\/stuttgarti-katolikusok.de\/#website"},"datePublished":"2015-11-29T14:31:45+00:00","dateModified":"2026-04-15T17:54:00+00:00","breadcrumb":{"@id":"https:\/\/stuttgarti-katolikusok.de\/index.php\/weingarten\/#breadcrumb"},"inLanguage":"hu","potentialAction":[{"@type":"ReadAction","target":["https:\/\/stuttgarti-katolikusok.de\/index.php\/weingarten\/"]}]},{"@type":"BreadcrumbList","@id":"https:\/\/stuttgarti-katolikusok.de\/index.php\/weingarten\/#breadcrumb","itemListElement":[{"@type":"ListItem","position":1,"name":"Kezd\u0151lap","item":"https:\/\/stuttgarti-katolikusok.de\/"},{"@type":"ListItem","position":2,"name":"Weingarten"}]},{"@type":"WebSite","@id":"https:\/\/stuttgarti-katolikusok.de\/#website","url":"https:\/\/stuttgarti-katolikusok.de\/","name":"Stuttgarti Katolikusok","description":"","potentialAction":[{"@type":"SearchAction","target":{"@type":"EntryPoint","urlTemplate":"https:\/\/stuttgarti-katolikusok.de\/?s={search_term_string}"},"query-input":{"@type":"PropertyValueSpecification","valueRequired":true,"valueName":"search_term_string"}}],"inLanguage":"hu"}]}},"_links":{"self":[{"href":"https:\/\/stuttgarti-katolikusok.de\/index.php\/wp-json\/wp\/v2\/pages\/7889","targetHints":{"allow":["GET"]}}],"collection":[{"href":"https:\/\/stuttgarti-katolikusok.de\/index.php\/wp-json\/wp\/v2\/pages"}],"about":[{"href":"https:\/\/stuttgarti-katolikusok.de\/index.php\/wp-json\/wp\/v2\/types\/page"}],"author":[{"embeddable":true,"href":"https:\/\/stuttgarti-katolikusok.de\/index.php\/wp-json\/wp\/v2\/users\/7"}],"replies":[{"embeddable":true,"href":"https:\/\/stuttgarti-katolikusok.de\/index.php\/wp-json\/wp\/v2\/comments?post=7889"}],"version-history":[{"count":157,"href":"https:\/\/stuttgarti-katolikusok.de\/index.php\/wp-json\/wp\/v2\/pages\/7889\/revisions"}],"predecessor-version":[{"id":33032,"href":"https:\/\/stuttgarti-katolikusok.de\/index.php\/wp-json\/wp\/v2\/pages\/7889\/revisions\/33032"}],"wp:attachment":[{"href":"https:\/\/stuttgarti-katolikusok.de\/index.php\/wp-json\/wp\/v2\/media?parent=7889"}],"curies":[{"name":"wp","href":"https:\/\/api.w.org\/{rel}","templated":true}]}}