{"id":7887,"date":"2015-11-29T14:31:03","date_gmt":"2015-11-29T14:31:03","guid":{"rendered":"https:\/\/gracious-dewdney.138-201-221-2.plesk.page\/?page_id=7887"},"modified":"2026-04-15T19:39:19","modified_gmt":"2026-04-15T17:39:19","slug":"ulm","status":"publish","type":"page","link":"https:\/\/stuttgarti-katolikusok.de\/index.php\/ulm\/","title":{"rendered":"Ulm"},"content":{"rendered":"<div class=\"wpb-content-wrapper\">[vc_row][vc_column]<div class=\"alert alert-info\">Szentmis\u00e9k 2026-os esztend\u0151ben:<br \/>\n&#8211; 2026. janu\u00e1r 6-\u00e1n, V\u00edzkereszt \u00fcnnepe, 15.00 \u00f3rakor.<br \/>\n&#8211; 2026. janu\u00e1r 11-\u00e9n, vas\u00e1rnap, 15.00 \u00f3rakor.<br \/>\n&#8211; 2026. m\u00e1rcius 8-\u00e1n, vas\u00e1rnap, 15.00 \u00f3rakor.<br \/>\n&#8211; 2026. \u00e1prilis 5-\u00e9n, H\u00fasv\u00e9tvas\u00e1rnap, 15.00 \u00f3rakor.<br \/>\n&#8211; 2026. m\u00e1jus 10-\u00e9n, vas\u00e1rnap, 15.00 \u00f3rakor.<br \/>\n&#8211; 2026. m\u00e1jus 24-\u00e9n, P\u00fcnk\u00f6sd \u00fcnnep\u00e9n, 15.00 \u00f3rakor.<br \/>\n&#8211; 2026. szeptember 13-\u00e9n, vas\u00e1rnap, 15.00 \u00f3rakor.<br \/>\n&#8211; 2026. okt\u00f3ber 11-\u00e9n, vas\u00e1rnap, 15.00 \u00f3rakor Magyarok Nagyasszonya b\u00facs\u00fas szentmise.<br \/>\n&#8211; 2026. november 2-\u00e1n, Halottak napj\u00e1n, 15.00 \u00f3rakor.<br \/>\n&#8211; 2026. november 8-\u00e1n, vas\u00e1rnap, 15.00 \u00f3rakor.<br \/>\n&#8211; 2026. december 25-\u00e9n, Kar\u00e1csony \u00fcnnep\u00e9n, 15.00 \u00f3rakor.<br \/>\nMindenkit szeretettel v\u00e1runk Ulmb\u00f3l \u00e9s k\u00f6rny\u00e9k\u00e9r\u0151l!<\/div>[\/vc_column][\/vc_row][vc_row][vc_column width=&#8221;1\/2&#8243;]<article class=\"icon-box6\" ><i class=\"fa-institution\" style=\"\"><\/i><h4>A szentmise helye<\/h4><p>89073 Ulm, Wengengasse 6<br \/>\nSt. Michael zu den Wengen-Kirche<\/p><\/article>[\/vc_column][vc_column width=&#8221;1\/2&#8243;]<article class=\"icon-box6\" ><i class=\"fa-clock-o\" style=\"\"><\/i><h4>A szentmise ideje<\/h4><p>A h\u00f3nap II. vas\u00e1rnapj\u00e1n 15.00 \u00f3rakor!<br \/>\nRendszerint a h\u00f3nap 2. vas\u00e1rnapj\u00e1n lesz szentmis\u00e9nk. Term\u00e9szetesen fenntartjuk a v\u00e1ltoztat\u00e1s jog\u00e1t.<br \/>\nMindenkit szeretettel v\u00e1runk Ulmb\u00f3l \u00e9s k\u00f6rny\u00e9k\u00e9r\u0151l.<\/p><\/article>[\/vc_column][\/vc_row][vc_row][vc_column width=&#8221;1\/2&#8243;][vc_column_text css=&#8221;&#8221;]<strong>Templomb\u00facs\u00fa:<\/strong> Magyarok Nagyasszonya &#8211; okt\u00f3ber 8<\/p>\n<p><strong>Sekresty\u00e9s:<\/strong> Hermann Johann<\/p>\n<p><strong>Orgonista:<\/strong> Kelemen J\u00f3zsef[\/vc_column_text][\/vc_column][vc_column width=&#8221;1\/2&#8243;][vc_single_image image=&#8221;10730&#8243; img_size=&#8221;full&#8221; css_animation=&#8221;appear&#8221;][\/vc_column][\/vc_row][vc_row][vc_column][vc_column_text]\t\n\t<!-- Start Google Routeplanner Plugin Output -->\n<script type=\"text\/javascript\">var destination_14 = '89073 Ulm Wengengasse 6';\nvar map_width_14 = 500;\nvar map_width_unit_14 = 'px';\nvar map_height_14 = 400;\nvar map_height_unit_14 = 'px';\nvar zoom_14 = 8;\nvar map_type_14 = 'ROADMAP';\nvar zoom_control_14 = 'DEFAULT';\nvar pan_control_14 = 'true';\nvar type_control_14 = 'DEFAULT';\nvar autofill_14 = 0;\n<\/script><script type=\"text\/javascript\" src=\"https:\/\/maps.google.com\/maps\/api\/js?key=AIzaSyBmVkXxjKe2a8kb5bMMLBl9SFVrvttFrU8&amp;language=hu\"><\/script>\n<script type=\"text\/javascript\" src=\"https:\/\/stuttgarti-katolikusok.de\/wp-content\/plugins\/google-routeplaner\/google-routeplaner-main-js.php?plan_id=14\"><\/script>\n<form action=\"#\" onsubmit=\"calcRoute14(); return false\">\n\t <div id=\"map_controls14\" class=\"google_map_controls\"><label for=\"fromAddress14\">Indul\u00e1s helye<\/label> <input type=\"text\" size=\"25\" id=\"fromAddress14\" name=\"from\" value=\"\"\/><input name=\"calc\" type=\"submit\" value=\"\u00datvonal mutat\u00e1sa\" \/><\/div>\n\t <div id=\"map_canvas14\" class=\"google_map_canvas\" style=\"overflow: hidden; width: 500px; height: 400px;\"><\/div>\n\t <div id=\"map_directions14\" class=\"google_map_directions\"><\/div>\n\t<\/form>\n<script type=\"text\/javascript\" src=\"https:\/\/stuttgarti-katolikusok.de\/wp-content\/plugins\/google-routeplaner\/google-routeplaner-js.php?plan_id=14&autofill=0\"><\/script>\n<!-- End Google Routeplanner Plugin Output --><p>\n[\/vc_column_text][\/vc_column][\/vc_row]\n<\/div>","protected":false},"excerpt":{"rendered":"<p>[vc_row][vc_column][\/vc_column][\/vc_row][vc_row][vc_column width=&#8221;1\/2&#8243;][\/vc_column][vc_column width=&#8221;1\/2&#8243;][\/vc_column][\/vc_row][vc_row][vc_column width=&#8221;1\/2&#8243;][vc_column_text css=&#8221;&#8221;]Templomb\u00facs\u00fa: Magyarok Nagyasszonya &#8211; okt\u00f3ber 8 Sekresty\u00e9s: Hermann Johann Orgonista: Kelemen J\u00f3zsef[\/vc_column_text][\/vc_column][vc_column width=&#8221;1\/2&#8243;][vc_single_image image=&#8221;10730&#8243; img_size=&#8221;full&#8221; css_animation=&#8221;appear&#8221;][\/vc_column][\/vc_row][vc_row][vc_column][vc_column_text] Indul\u00e1s helye [\/vc_column_text][\/vc_column][\/vc_row]<\/p>\n","protected":false},"author":7,"featured_media":0,"parent":0,"menu_order":0,"comment_status":"closed","ping_status":"closed","template":"","meta":{"footnotes":""},"class_list":["post-7887","page","type-page","status-publish","hentry"],"yoast_head":"<!-- This site is optimized with the Yoast SEO plugin v27.3 - https:\/\/yoast.com\/product\/yoast-seo-wordpress\/ -->\n<title>Ulm - Stuttgarti Katolikusok<\/title>\n<meta name=\"robots\" content=\"index, follow, max-snippet:-1, max-image-preview:large, max-video-preview:-1\" \/>\n<link rel=\"canonical\" href=\"https:\/\/stuttgarti-katolikusok.de\/index.php\/ulm\/\" \/>\n<meta property=\"og:locale\" content=\"hu_HU\" \/>\n<meta property=\"og:type\" content=\"article\" \/>\n<meta property=\"og:title\" content=\"Ulm - Stuttgarti Katolikusok\" \/>\n<meta property=\"og:description\" content=\"[vc_row][vc_column][\/vc_column][\/vc_row][vc_row][vc_column width=&#8221;1\/2&#8243;][\/vc_column][vc_column width=&#8221;1\/2&#8243;][\/vc_column][\/vc_row][vc_row][vc_column width=&#8221;1\/2&#8243;][vc_column_text css=&#8221;&#8221;]Templomb\u00facs\u00fa: Magyarok Nagyasszonya &#8211; okt\u00f3ber 8 Sekresty\u00e9s: Hermann Johann Orgonista: Kelemen J\u00f3zsef[\/vc_column_text][\/vc_column][vc_column width=&#8221;1\/2&#8243;][vc_single_image image=&#8221;10730&#8243; img_size=&#8221;full&#8221; css_animation=&#8221;appear&#8221;][\/vc_column][\/vc_row][vc_row][vc_column][vc_column_text] Indul\u00e1s helye [\/vc_column_text][\/vc_column][\/vc_row]\" \/>\n<meta property=\"og:url\" content=\"https:\/\/stuttgarti-katolikusok.de\/index.php\/ulm\/\" \/>\n<meta property=\"og:site_name\" content=\"Stuttgarti Katolikusok\" \/>\n<meta property=\"article:modified_time\" content=\"2026-04-15T17:39:19+00:00\" \/>\n<meta name=\"twitter:card\" content=\"summary_large_image\" \/>\n<meta name=\"twitter:label1\" content=\"Becs\u00fclt olvas\u00e1si id\u0151\" \/>\n\t<meta name=\"twitter:data1\" content=\"1 perc\" \/>\n<script type=\"application\/ld+json\" class=\"yoast-schema-graph\">{\"@context\":\"https:\\\/\\\/schema.org\",\"@graph\":[{\"@type\":\"WebPage\",\"@id\":\"https:\\\/\\\/stuttgarti-katolikusok.de\\\/index.php\\\/ulm\\\/\",\"url\":\"https:\\\/\\\/stuttgarti-katolikusok.de\\\/index.php\\\/ulm\\\/\",\"name\":\"Ulm - Stuttgarti Katolikusok\",\"isPartOf\":{\"@id\":\"https:\\\/\\\/stuttgarti-katolikusok.de\\\/#website\"},\"datePublished\":\"2015-11-29T14:31:03+00:00\",\"dateModified\":\"2026-04-15T17:39:19+00:00\",\"breadcrumb\":{\"@id\":\"https:\\\/\\\/stuttgarti-katolikusok.de\\\/index.php\\\/ulm\\\/#breadcrumb\"},\"inLanguage\":\"hu\",\"potentialAction\":[{\"@type\":\"ReadAction\",\"target\":[\"https:\\\/\\\/stuttgarti-katolikusok.de\\\/index.php\\\/ulm\\\/\"]}]},{\"@type\":\"BreadcrumbList\",\"@id\":\"https:\\\/\\\/stuttgarti-katolikusok.de\\\/index.php\\\/ulm\\\/#breadcrumb\",\"itemListElement\":[{\"@type\":\"ListItem\",\"position\":1,\"name\":\"Kezd\u0151lap\",\"item\":\"https:\\\/\\\/stuttgarti-katolikusok.de\\\/\"},{\"@type\":\"ListItem\",\"position\":2,\"name\":\"Ulm\"}]},{\"@type\":\"WebSite\",\"@id\":\"https:\\\/\\\/stuttgarti-katolikusok.de\\\/#website\",\"url\":\"https:\\\/\\\/stuttgarti-katolikusok.de\\\/\",\"name\":\"Stuttgarti Katolikusok\",\"description\":\"\",\"potentialAction\":[{\"@type\":\"SearchAction\",\"target\":{\"@type\":\"EntryPoint\",\"urlTemplate\":\"https:\\\/\\\/stuttgarti-katolikusok.de\\\/?s={search_term_string}\"},\"query-input\":{\"@type\":\"PropertyValueSpecification\",\"valueRequired\":true,\"valueName\":\"search_term_string\"}}],\"inLanguage\":\"hu\"}]}<\/script>\n<!-- \/ Yoast SEO plugin. -->","yoast_head_json":{"title":"Ulm - Stuttgarti Katolikusok","robots":{"index":"index","follow":"follow","max-snippet":"max-snippet:-1","max-image-preview":"max-image-preview:large","max-video-preview":"max-video-preview:-1"},"canonical":"https:\/\/stuttgarti-katolikusok.de\/index.php\/ulm\/","og_locale":"hu_HU","og_type":"article","og_title":"Ulm - Stuttgarti Katolikusok","og_description":"[vc_row][vc_column][\/vc_column][\/vc_row][vc_row][vc_column width=&#8221;1\/2&#8243;][\/vc_column][vc_column width=&#8221;1\/2&#8243;][\/vc_column][\/vc_row][vc_row][vc_column width=&#8221;1\/2&#8243;][vc_column_text css=&#8221;&#8221;]Templomb\u00facs\u00fa: Magyarok Nagyasszonya &#8211; okt\u00f3ber 8 Sekresty\u00e9s: Hermann Johann Orgonista: Kelemen J\u00f3zsef[\/vc_column_text][\/vc_column][vc_column width=&#8221;1\/2&#8243;][vc_single_image image=&#8221;10730&#8243; img_size=&#8221;full&#8221; css_animation=&#8221;appear&#8221;][\/vc_column][\/vc_row][vc_row][vc_column][vc_column_text] Indul\u00e1s helye [\/vc_column_text][\/vc_column][\/vc_row]","og_url":"https:\/\/stuttgarti-katolikusok.de\/index.php\/ulm\/","og_site_name":"Stuttgarti Katolikusok","article_modified_time":"2026-04-15T17:39:19+00:00","twitter_card":"summary_large_image","twitter_misc":{"Becs\u00fclt olvas\u00e1si id\u0151":"1 perc"},"schema":{"@context":"https:\/\/schema.org","@graph":[{"@type":"WebPage","@id":"https:\/\/stuttgarti-katolikusok.de\/index.php\/ulm\/","url":"https:\/\/stuttgarti-katolikusok.de\/index.php\/ulm\/","name":"Ulm - Stuttgarti Katolikusok","isPartOf":{"@id":"https:\/\/stuttgarti-katolikusok.de\/#website"},"datePublished":"2015-11-29T14:31:03+00:00","dateModified":"2026-04-15T17:39:19+00:00","breadcrumb":{"@id":"https:\/\/stuttgarti-katolikusok.de\/index.php\/ulm\/#breadcrumb"},"inLanguage":"hu","potentialAction":[{"@type":"ReadAction","target":["https:\/\/stuttgarti-katolikusok.de\/index.php\/ulm\/"]}]},{"@type":"BreadcrumbList","@id":"https:\/\/stuttgarti-katolikusok.de\/index.php\/ulm\/#breadcrumb","itemListElement":[{"@type":"ListItem","position":1,"name":"Kezd\u0151lap","item":"https:\/\/stuttgarti-katolikusok.de\/"},{"@type":"ListItem","position":2,"name":"Ulm"}]},{"@type":"WebSite","@id":"https:\/\/stuttgarti-katolikusok.de\/#website","url":"https:\/\/stuttgarti-katolikusok.de\/","name":"Stuttgarti Katolikusok","description":"","potentialAction":[{"@type":"SearchAction","target":{"@type":"EntryPoint","urlTemplate":"https:\/\/stuttgarti-katolikusok.de\/?s={search_term_string}"},"query-input":{"@type":"PropertyValueSpecification","valueRequired":true,"valueName":"search_term_string"}}],"inLanguage":"hu"}]}},"_links":{"self":[{"href":"https:\/\/stuttgarti-katolikusok.de\/index.php\/wp-json\/wp\/v2\/pages\/7887","targetHints":{"allow":["GET"]}}],"collection":[{"href":"https:\/\/stuttgarti-katolikusok.de\/index.php\/wp-json\/wp\/v2\/pages"}],"about":[{"href":"https:\/\/stuttgarti-katolikusok.de\/index.php\/wp-json\/wp\/v2\/types\/page"}],"author":[{"embeddable":true,"href":"https:\/\/stuttgarti-katolikusok.de\/index.php\/wp-json\/wp\/v2\/users\/7"}],"replies":[{"embeddable":true,"href":"https:\/\/stuttgarti-katolikusok.de\/index.php\/wp-json\/wp\/v2\/comments?post=7887"}],"version-history":[{"count":159,"href":"https:\/\/stuttgarti-katolikusok.de\/index.php\/wp-json\/wp\/v2\/pages\/7887\/revisions"}],"predecessor-version":[{"id":33031,"href":"https:\/\/stuttgarti-katolikusok.de\/index.php\/wp-json\/wp\/v2\/pages\/7887\/revisions\/33031"}],"wp:attachment":[{"href":"https:\/\/stuttgarti-katolikusok.de\/index.php\/wp-json\/wp\/v2\/media?parent=7887"}],"curies":[{"name":"wp","href":"https:\/\/api.w.org\/{rel}","templated":true}]}}