{"id":7885,"date":"2015-11-29T14:30:12","date_gmt":"2015-11-29T14:30:12","guid":{"rendered":"https:\/\/gracious-dewdney.138-201-221-2.plesk.page\/?page_id=7885"},"modified":"2026-04-15T20:14:07","modified_gmt":"2026-04-15T18:14:07","slug":"stuttgart","status":"publish","type":"page","link":"https:\/\/stuttgarti-katolikusok.de\/index.php\/stuttgart\/","title":{"rendered":"Stuttgart"},"content":{"rendered":"<div class=\"wpb-content-wrapper\">[vc_row][vc_column]<div class=\"alert alert-info\">Szentmis\u00e9k 2026-os esztend\u0151ben:<br \/>\n&#8211; 2026. janu\u00e1r 1-j\u00e9n, \u00daj\u00e9v napj\u00e1n, 11.30 \u00f3rakor.<br \/>\n&#8211; 2026. janu\u00e1r 4-\u00e9n, vas\u00e1rnap, 15.00 \u00f3rakor.<br \/>\n&#8211; 2026. janu\u00e1r 6-\u00e1n, V\u00edzkereszt \u00fcnnep\u00e9n, 18.00 \u00f3rakor.<br \/>\n&#8211; 2026. febru\u00e1r 1-j\u00e9n, vas\u00e1rnap, 15.00 \u00f3rakor.<br \/>\n&#8211; 2026. m\u00e1rcius 1-j\u00e9n, vas\u00e1rnap, 15.00 \u00f3rakor.<br \/>\n&#8211; 2026. m\u00e1rcius 29-\u00e9n, Vir\u00e1gvas\u00e1rnap, 11.30 \u00f3rakor.<br \/>\n&#8211; 2026. \u00e1prilis 2-\u00e1n, Nagycs\u00fct\u00f6rt\u00f6k, 19.00 \u00f3rakor.<br \/>\n&#8211; 2026. \u00e1prilis 3-\u00e1n, Nagyp\u00e9nteken, 19.00 \u00f3rakor.<br \/>\n&#8211; 2026. \u00e1prilis 4-\u00e9n, H\u00fasv\u00e9t vig\u00edlia, 20.00 \u00f3rakor.<br \/>\n&#8211; 2026. \u00e1prilis 5-\u00e9n, H\u00fasv\u00e9t \u00fcnnep\u00e9n, 18.00 \u00f3rakor.<br \/>\n&#8211; 2026. m\u00e1jus 1-j\u00e9n, Szent J\u00f3zsef \u00fcnnep\u00e9n, 18.00 \u00f3rakor.<br \/>\n&#8211; 2026. m\u00e1jus 3-\u00e1n, vas\u00e1rnap, 15.00 \u00f3rakor.<br \/>\n&#8211; 2026. m\u00e1jus 14-\u00e9n, Urunk mennybemenetele \u00fcnnepe, 18.00 \u00f3rakor.<br \/>\n&#8211; 2026. m\u00e1jus 24-\u00e9n, P\u00fcnk\u00f6sd vas\u00e1rnapj\u00e1n, 18.00 \u00f3rakor.<br \/>\n&#8211; 2026. j\u00fanius 7-\u00e9n, Nemzeti \u00d6sszetartoz\u00e1s vas\u00e1rnapja, 12.00 \u00f3rakor.<br \/>\nEz alkalommal az eg\u00e9sz Egyh\u00e1zk\u00f6zs\u00e9get v\u00e1rjuk a k\u00f6z\u00f6s eml\u00e9kez\u00e9sre \u00e9s \u00fcnnepre.<br \/>\nMindenkit szeretettel v\u00e1runk Stuttgartb\u00f3l \u00e9s k\u00f6rny\u00e9k\u00e9r\u0151l!<\/div>[\/vc_column][\/vc_row][vc_row][vc_column width=&#8221;1\/2&#8243;]<article class=\"icon-box6\" ><i class=\"fa-institution\" style=\"\"><\/i><h4>A szentmise helye<\/h4><p>70186 Stuttgart, Albert-Sch\u00e4ffle Str. 30<br \/>\nBruder Klaus Kirche<\/p><\/article>[\/vc_column][vc_column width=&#8221;1\/2&#8243;]<article class=\"icon-box6\" ><i class=\"fa-clock-o\" style=\"\"><\/i><h4>A szentmise ideje<\/h4><p>A h\u00f3nap I. vas\u00e1rnapj\u00e1n 15.00 \u00f3rakor \u00e9s III. vas\u00e1rnapj\u00e1n 11.30 \u00f3rakor.<br \/>\nA v\u00e1ltotztat\u00e1s jog\u00e1t fenntartjuk!<\/p><\/article>[\/vc_column][\/vc_row][vc_row][vc_column width=&#8221;1\/2&#8243;][vc_column_text]<strong>Templomb\u00facs\u00fa: <\/strong>Szent Gell\u00e9rt &#8211; szeptember 24<\/p>\n<p><strong>Leg\u00e1tusok:<\/strong> D\u00e1vid Melinda&amp;Ferenc, Frick Tibor&amp;Erzs\u00e9bet, Kov\u00e1cs Mikl\u00f3s&amp;Ildik\u00f3, Huber Ilona&amp;M\u00e1ty\u00e1s, Kind Ang\u00e9la&amp;Ferenc, Schrepler Hajnalka&amp;Antal<\/p>\n<p><strong>Tud\u00f3s\u00edt\u00f3:<\/strong> D\u00e1vid Melinda, Benedikt Erika, Zeitler Barbara \u00e9s m\u00e1sok.<\/p>\n<p><strong>Sekresty\u00e9s:<\/strong> V\u00e1mos L\u00e1szl\u00f3<\/p>\n<p><strong>Orgonista:<\/strong> Andree Brigitta<\/p>\n<p><strong>Felolvas\u00f3k:<\/strong> D\u00e1vid Melinda, J\u00f3zsa Levente, Schultheis \u00c9va, Huber Ilonka<\/p>\n<p><strong>Minsitr\u00e1nsok: <\/strong>Andree Raphael-Istv\u00e1n, Andree Armand-Med\u00e1rd, Andree Vinzent-Gy\u0151z\u0151, Andree Aaron-\u00c1kos \u00e9s m\u00e1sok.[\/vc_column_text][\/vc_column][vc_column width=&#8221;1\/2&#8243;][vc_single_image image=&#8221;28262&#8243; img_size=&#8221;full&#8221; css_animation=&#8221;appear&#8221;][\/vc_column][\/vc_row][vc_row][vc_column][vc_column_text]\t\n\t<!-- Start Google Routeplanner Plugin Output -->\n<script type=\"text\/javascript\">var destination_10 = '70186 Stuttgart  Albert-Sch\u00e4ffle-Strasse  30';\nvar map_width_10 = 500;\nvar map_width_unit_10 = 'px';\nvar map_height_10 = 400;\nvar map_height_unit_10 = 'px';\nvar zoom_10 = 8;\nvar map_type_10 = 'ROADMAP';\nvar zoom_control_10 = 'DEFAULT';\nvar pan_control_10 = 'true';\nvar type_control_10 = 'DEFAULT';\nvar autofill_10 = 0;\n<\/script><script type=\"text\/javascript\" src=\"https:\/\/maps.google.com\/maps\/api\/js?key=AIzaSyBmVkXxjKe2a8kb5bMMLBl9SFVrvttFrU8&amp;language=hu\"><\/script>\n<script type=\"text\/javascript\" src=\"https:\/\/stuttgarti-katolikusok.de\/wp-content\/plugins\/google-routeplaner\/google-routeplaner-main-js.php?plan_id=10\"><\/script>\n<form action=\"#\" onsubmit=\"calcRoute10(); return false\">\n\t <div id=\"map_controls10\" class=\"google_map_controls\"><label for=\"fromAddress10\">Indul\u00e1s helye<\/label> <input type=\"text\" size=\"25\" id=\"fromAddress10\" name=\"from\" value=\"\"\/><input name=\"calc\" type=\"submit\" value=\"\u00datvonal mutat\u00e1sa\" \/><\/div>\n\t <div id=\"map_canvas10\" class=\"google_map_canvas\" style=\"overflow: hidden; width: 500px; height: 400px;\"><\/div>\n\t <div id=\"map_directions10\" class=\"google_map_directions\"><\/div>\n\t<\/form>\n<script type=\"text\/javascript\" src=\"https:\/\/stuttgarti-katolikusok.de\/wp-content\/plugins\/google-routeplaner\/google-routeplaner-js.php?plan_id=10&autofill=0\"><\/script>\n<!-- End Google Routeplanner Plugin Output --><p>\n[\/vc_column_text][\/vc_column][\/vc_row]\n<\/div>","protected":false},"excerpt":{"rendered":"<p>[vc_row][vc_column][\/vc_column][\/vc_row][vc_row][vc_column width=&#8221;1\/2&#8243;][\/vc_column][vc_column width=&#8221;1\/2&#8243;][\/vc_column][\/vc_row][vc_row][vc_column width=&#8221;1\/2&#8243;][vc_column_text]Templomb\u00facs\u00fa: Szent Gell\u00e9rt &#8211; szeptember 24 Leg\u00e1tusok: D\u00e1vid Melinda&amp;Ferenc, Frick Tibor&amp;Erzs\u00e9bet, Kov\u00e1cs Mikl\u00f3s&amp;Ildik\u00f3, Huber Ilona&amp;M\u00e1ty\u00e1s, Kind Ang\u00e9la&amp;Ferenc, Schrepler Hajnalka&amp;Antal Tud\u00f3s\u00edt\u00f3: D\u00e1vid Melinda, Benedikt Erika, Zeitler Barbara \u00e9s m\u00e1sok. Sekresty\u00e9s: V\u00e1mos L\u00e1szl\u00f3 Orgonista: Andree Brigitta Felolvas\u00f3k: D\u00e1vid Melinda, J\u00f3zsa Levente, Schultheis \u00c9va, Huber Ilonka Minsitr\u00e1nsok: Andree Raphael-Istv\u00e1n, Andree Armand-Med\u00e1rd, Andree Vinzent-Gy\u0151z\u0151, Andree Aaron-\u00c1kos \u00e9s m\u00e1sok.[\/vc_column_text][\/vc_column][vc_column width=&#8221;1\/2&#8243;][vc_single_image image=&#8221;28262&#8243; img_size=&#8221;full&#8221; css_animation=&#8221;appear&#8221;][\/vc_column][\/vc_row][vc_row][vc_column][vc_column_text] Indul\u00e1s helye [\/vc_column_text][\/vc_column][\/vc_row]<\/p>\n","protected":false},"author":7,"featured_media":0,"parent":0,"menu_order":0,"comment_status":"closed","ping_status":"closed","template":"","meta":{"footnotes":""},"class_list":["post-7885","page","type-page","status-publish","hentry"],"yoast_head":"<!-- This site is optimized with the Yoast SEO plugin v27.3 - https:\/\/yoast.com\/product\/yoast-seo-wordpress\/ -->\n<title>Stuttgart - Stuttgarti Katolikusok<\/title>\n<meta name=\"robots\" content=\"index, follow, max-snippet:-1, max-image-preview:large, max-video-preview:-1\" \/>\n<link rel=\"canonical\" href=\"https:\/\/stuttgarti-katolikusok.de\/index.php\/stuttgart\/\" \/>\n<meta property=\"og:locale\" content=\"hu_HU\" \/>\n<meta property=\"og:type\" content=\"article\" \/>\n<meta property=\"og:title\" content=\"Stuttgart - Stuttgarti Katolikusok\" \/>\n<meta property=\"og:description\" content=\"[vc_row][vc_column][\/vc_column][\/vc_row][vc_row][vc_column width=&#8221;1\/2&#8243;][\/vc_column][vc_column width=&#8221;1\/2&#8243;][\/vc_column][\/vc_row][vc_row][vc_column width=&#8221;1\/2&#8243;][vc_column_text]Templomb\u00facs\u00fa: Szent Gell\u00e9rt &#8211; szeptember 24 Leg\u00e1tusok: D\u00e1vid Melinda&amp;Ferenc, Frick Tibor&amp;Erzs\u00e9bet, Kov\u00e1cs Mikl\u00f3s&amp;Ildik\u00f3, Huber Ilona&amp;M\u00e1ty\u00e1s, Kind Ang\u00e9la&amp;Ferenc, Schrepler Hajnalka&amp;Antal Tud\u00f3s\u00edt\u00f3: D\u00e1vid Melinda, Benedikt Erika, Zeitler Barbara \u00e9s m\u00e1sok. Sekresty\u00e9s: V\u00e1mos L\u00e1szl\u00f3 Orgonista: Andree Brigitta Felolvas\u00f3k: D\u00e1vid Melinda, J\u00f3zsa Levente, Schultheis \u00c9va, Huber Ilonka Minsitr\u00e1nsok: Andree Raphael-Istv\u00e1n, Andree Armand-Med\u00e1rd, Andree Vinzent-Gy\u0151z\u0151, Andree Aaron-\u00c1kos \u00e9s m\u00e1sok.[\/vc_column_text][\/vc_column][vc_column width=&#8221;1\/2&#8243;][vc_single_image image=&#8221;28262&#8243; img_size=&#8221;full&#8221; css_animation=&#8221;appear&#8221;][\/vc_column][\/vc_row][vc_row][vc_column][vc_column_text] Indul\u00e1s helye [\/vc_column_text][\/vc_column][\/vc_row]\" \/>\n<meta property=\"og:url\" content=\"https:\/\/stuttgarti-katolikusok.de\/index.php\/stuttgart\/\" \/>\n<meta property=\"og:site_name\" content=\"Stuttgarti Katolikusok\" \/>\n<meta property=\"article:modified_time\" content=\"2026-04-15T18:14:07+00:00\" \/>\n<meta name=\"twitter:card\" content=\"summary_large_image\" \/>\n<meta name=\"twitter:label1\" content=\"Becs\u00fclt olvas\u00e1si id\u0151\" \/>\n\t<meta name=\"twitter:data1\" content=\"2 perc\" \/>\n<script type=\"application\/ld+json\" class=\"yoast-schema-graph\">{\"@context\":\"https:\\\/\\\/schema.org\",\"@graph\":[{\"@type\":\"WebPage\",\"@id\":\"https:\\\/\\\/stuttgarti-katolikusok.de\\\/index.php\\\/stuttgart\\\/\",\"url\":\"https:\\\/\\\/stuttgarti-katolikusok.de\\\/index.php\\\/stuttgart\\\/\",\"name\":\"Stuttgart - Stuttgarti Katolikusok\",\"isPartOf\":{\"@id\":\"https:\\\/\\\/stuttgarti-katolikusok.de\\\/#website\"},\"datePublished\":\"2015-11-29T14:30:12+00:00\",\"dateModified\":\"2026-04-15T18:14:07+00:00\",\"breadcrumb\":{\"@id\":\"https:\\\/\\\/stuttgarti-katolikusok.de\\\/index.php\\\/stuttgart\\\/#breadcrumb\"},\"inLanguage\":\"hu\",\"potentialAction\":[{\"@type\":\"ReadAction\",\"target\":[\"https:\\\/\\\/stuttgarti-katolikusok.de\\\/index.php\\\/stuttgart\\\/\"]}]},{\"@type\":\"BreadcrumbList\",\"@id\":\"https:\\\/\\\/stuttgarti-katolikusok.de\\\/index.php\\\/stuttgart\\\/#breadcrumb\",\"itemListElement\":[{\"@type\":\"ListItem\",\"position\":1,\"name\":\"Kezd\u0151lap\",\"item\":\"https:\\\/\\\/stuttgarti-katolikusok.de\\\/\"},{\"@type\":\"ListItem\",\"position\":2,\"name\":\"Stuttgart\"}]},{\"@type\":\"WebSite\",\"@id\":\"https:\\\/\\\/stuttgarti-katolikusok.de\\\/#website\",\"url\":\"https:\\\/\\\/stuttgarti-katolikusok.de\\\/\",\"name\":\"Stuttgarti Katolikusok\",\"description\":\"\",\"potentialAction\":[{\"@type\":\"SearchAction\",\"target\":{\"@type\":\"EntryPoint\",\"urlTemplate\":\"https:\\\/\\\/stuttgarti-katolikusok.de\\\/?s={search_term_string}\"},\"query-input\":{\"@type\":\"PropertyValueSpecification\",\"valueRequired\":true,\"valueName\":\"search_term_string\"}}],\"inLanguage\":\"hu\"}]}<\/script>\n<!-- \/ Yoast SEO plugin. -->","yoast_head_json":{"title":"Stuttgart - Stuttgarti Katolikusok","robots":{"index":"index","follow":"follow","max-snippet":"max-snippet:-1","max-image-preview":"max-image-preview:large","max-video-preview":"max-video-preview:-1"},"canonical":"https:\/\/stuttgarti-katolikusok.de\/index.php\/stuttgart\/","og_locale":"hu_HU","og_type":"article","og_title":"Stuttgart - Stuttgarti Katolikusok","og_description":"[vc_row][vc_column][\/vc_column][\/vc_row][vc_row][vc_column width=&#8221;1\/2&#8243;][\/vc_column][vc_column width=&#8221;1\/2&#8243;][\/vc_column][\/vc_row][vc_row][vc_column width=&#8221;1\/2&#8243;][vc_column_text]Templomb\u00facs\u00fa: Szent Gell\u00e9rt &#8211; szeptember 24 Leg\u00e1tusok: D\u00e1vid Melinda&amp;Ferenc, Frick Tibor&amp;Erzs\u00e9bet, Kov\u00e1cs Mikl\u00f3s&amp;Ildik\u00f3, Huber Ilona&amp;M\u00e1ty\u00e1s, Kind Ang\u00e9la&amp;Ferenc, Schrepler Hajnalka&amp;Antal Tud\u00f3s\u00edt\u00f3: D\u00e1vid Melinda, Benedikt Erika, Zeitler Barbara \u00e9s m\u00e1sok. Sekresty\u00e9s: V\u00e1mos L\u00e1szl\u00f3 Orgonista: Andree Brigitta Felolvas\u00f3k: D\u00e1vid Melinda, J\u00f3zsa Levente, Schultheis \u00c9va, Huber Ilonka Minsitr\u00e1nsok: Andree Raphael-Istv\u00e1n, Andree Armand-Med\u00e1rd, Andree Vinzent-Gy\u0151z\u0151, Andree Aaron-\u00c1kos \u00e9s m\u00e1sok.[\/vc_column_text][\/vc_column][vc_column width=&#8221;1\/2&#8243;][vc_single_image image=&#8221;28262&#8243; img_size=&#8221;full&#8221; css_animation=&#8221;appear&#8221;][\/vc_column][\/vc_row][vc_row][vc_column][vc_column_text] Indul\u00e1s helye [\/vc_column_text][\/vc_column][\/vc_row]","og_url":"https:\/\/stuttgarti-katolikusok.de\/index.php\/stuttgart\/","og_site_name":"Stuttgarti Katolikusok","article_modified_time":"2026-04-15T18:14:07+00:00","twitter_card":"summary_large_image","twitter_misc":{"Becs\u00fclt olvas\u00e1si id\u0151":"2 perc"},"schema":{"@context":"https:\/\/schema.org","@graph":[{"@type":"WebPage","@id":"https:\/\/stuttgarti-katolikusok.de\/index.php\/stuttgart\/","url":"https:\/\/stuttgarti-katolikusok.de\/index.php\/stuttgart\/","name":"Stuttgart - Stuttgarti Katolikusok","isPartOf":{"@id":"https:\/\/stuttgarti-katolikusok.de\/#website"},"datePublished":"2015-11-29T14:30:12+00:00","dateModified":"2026-04-15T18:14:07+00:00","breadcrumb":{"@id":"https:\/\/stuttgarti-katolikusok.de\/index.php\/stuttgart\/#breadcrumb"},"inLanguage":"hu","potentialAction":[{"@type":"ReadAction","target":["https:\/\/stuttgarti-katolikusok.de\/index.php\/stuttgart\/"]}]},{"@type":"BreadcrumbList","@id":"https:\/\/stuttgarti-katolikusok.de\/index.php\/stuttgart\/#breadcrumb","itemListElement":[{"@type":"ListItem","position":1,"name":"Kezd\u0151lap","item":"https:\/\/stuttgarti-katolikusok.de\/"},{"@type":"ListItem","position":2,"name":"Stuttgart"}]},{"@type":"WebSite","@id":"https:\/\/stuttgarti-katolikusok.de\/#website","url":"https:\/\/stuttgarti-katolikusok.de\/","name":"Stuttgarti Katolikusok","description":"","potentialAction":[{"@type":"SearchAction","target":{"@type":"EntryPoint","urlTemplate":"https:\/\/stuttgarti-katolikusok.de\/?s={search_term_string}"},"query-input":{"@type":"PropertyValueSpecification","valueRequired":true,"valueName":"search_term_string"}}],"inLanguage":"hu"}]}},"_links":{"self":[{"href":"https:\/\/stuttgarti-katolikusok.de\/index.php\/wp-json\/wp\/v2\/pages\/7885","targetHints":{"allow":["GET"]}}],"collection":[{"href":"https:\/\/stuttgarti-katolikusok.de\/index.php\/wp-json\/wp\/v2\/pages"}],"about":[{"href":"https:\/\/stuttgarti-katolikusok.de\/index.php\/wp-json\/wp\/v2\/types\/page"}],"author":[{"embeddable":true,"href":"https:\/\/stuttgarti-katolikusok.de\/index.php\/wp-json\/wp\/v2\/users\/7"}],"replies":[{"embeddable":true,"href":"https:\/\/stuttgarti-katolikusok.de\/index.php\/wp-json\/wp\/v2\/comments?post=7885"}],"version-history":[{"count":196,"href":"https:\/\/stuttgarti-katolikusok.de\/index.php\/wp-json\/wp\/v2\/pages\/7885\/revisions"}],"predecessor-version":[{"id":33034,"href":"https:\/\/stuttgarti-katolikusok.de\/index.php\/wp-json\/wp\/v2\/pages\/7885\/revisions\/33034"}],"wp:attachment":[{"href":"https:\/\/stuttgarti-katolikusok.de\/index.php\/wp-json\/wp\/v2\/media?parent=7885"}],"curies":[{"name":"wp","href":"https:\/\/api.w.org\/{rel}","templated":true}]}}