{"id":7883,"date":"2015-11-29T14:28:43","date_gmt":"2015-11-29T14:28:43","guid":{"rendered":"https:\/\/gracious-dewdney.138-201-221-2.plesk.page\/?page_id=7883"},"modified":"2026-02-13T00:30:31","modified_gmt":"2026-02-12T23:30:31","slug":"schwaebisch","status":"publish","type":"page","link":"https:\/\/stuttgarti-katolikusok.de\/index.php\/schwaebisch\/","title":{"rendered":"Schw\u00e4bisch-Gm\u00fcnd"},"content":{"rendered":"<div class=\"wpb-content-wrapper\">[vc_row][vc_column]<div class=\"alert alert-info\">Szentmis\u00e9k a 2026-os esztend\u0151ben:<br \/>\n&#8211; 2026. janu\u00e1r 4-\u00e9n, vas\u00e1rnap, 9.30 \u00f3rakor.<br \/>\n&#8211; 2026. febru\u00e1r 1-j\u00e9n, vas\u00e1rnap, 9.30 \u00f3rakor.<br \/>\n&#8211; 2026. m\u00e1rcius 1-j\u00e9n, vas\u00e1rnap, 9.30 \u00f3rakor.<br \/>\n&#8211; 2026. \u00e1prilis 6-\u00e1n, H\u00fasv\u00e9th\u00e9tf\u0151, 9.30 \u00f3rakor.<br \/>\n&#8211; 2026. m\u00e1jus 3-\u00e1n, vas\u00e1rnap, 9.30 \u00f3rakor.<br \/>\n&#8211; 2026. j\u00fanius 7-\u00e9n, vas\u00e1rnap, 9.30 \u00f3rakor.<br \/>\n&#8211; 2026. szeptember 20-\u00e1n, vas\u00e1rnap, 9.30 \u00f3rakor.<br \/>\n&#8211; 2026. okt\u00f3ber 4-\u00e9n, vas\u00e1rnap, 9.30 \u00f3rakor.<br \/>\n&#8211; 2026. november 1-j\u00e9n, vas\u00e1rnap, Mindenszentek \u00fcnnep\u00e9n, 9.30 \u00f3rakor.<br \/>\n&#8211; 2026. december 20-\u00e1n, vas\u00e1rnap, 9.30 \u00f3rakor.<br \/>\n&#8211; 2026. december 26-\u00e1n, Kar\u00e1csony II. napj\u00e1n, 9.30 \u00f3rakor.<br \/>\nMindenkit szeretettel v\u00e1runk!<\/div>[\/vc_column][\/vc_row][vc_row][vc_column width=&#8221;1\/2&#8243;]<article class=\"icon-box6\" ><i class=\"fa-institution\" style=\"\"><\/i><h4>A szentmise helye<\/h4><p>73525 Schw\u00e4bisch-Gm\u00fcnd , Franziskaner Str. 3<br \/>\nSankt Franziskus Kirche<\/p><\/article>[\/vc_column][vc_column width=&#8221;1\/2&#8243;]<article class=\"icon-box6\" ><i class=\"fa-clock-o\" style=\"\"><\/i><h4>A szentmise ideje<\/h4><p>A h\u00f3nap I. vas\u00e1rnapja, 9.30 \u00f3rakor.<\/p><\/article>[\/vc_column][\/vc_row][vc_row][vc_column width=&#8221;1\/2&#8243;][vc_column_text]<strong>Templomb\u00facs\u00fa: <\/strong>Boldog Bajor Gizella &#8211; m\u00e1jus 7<\/p>\n<p><strong>Leg\u00e1tus:<\/strong> Mutter J\u00f3zsef&amp;Katalin<\/p>\n<p><strong>Tud\u00f3s\u00edt\u00f3:<\/strong><\/p>\n<p><strong>Sekresty\u00e9s:<\/strong> Czapka Christoph<\/p>\n<p><strong>Orgonista:<\/strong><\/p>\n<p><strong>Felolvas\u00f3k:<\/strong> Mutter Katalin, Korn J\u00f3zsef<\/p>\n<p><strong>Ministr\u00e1nsok:<\/strong>\u00a0 Mutter Christine \u00e9s Mutter Andrea, Haller Judit \u00e9s Philipp[\/vc_column_text][\/vc_column][vc_column width=&#8221;1\/2&#8243;][vc_single_image image=&#8221;8294&#8243; img_size=&#8221;full&#8221; css_animation=&#8221;appear&#8221;][\/vc_column][\/vc_row][vc_row][vc_column][vc_column_text]\t\n\t<!-- Start Google Routeplanner Plugin Output -->\n<script type=\"text\/javascript\">var destination_12 = '73525 Schwaebisch Gmuend Franziskanerstrasse 3';\nvar map_width_12 = 500;\nvar map_width_unit_12 = 'px';\nvar map_height_12 = 400;\nvar map_height_unit_12 = 'px';\nvar zoom_12 = 8;\nvar map_type_12 = 'ROADMAP';\nvar zoom_control_12 = 'DEFAULT';\nvar pan_control_12 = 'true';\nvar type_control_12 = 'DEFAULT';\nvar autofill_12 = 0;\n<\/script><script type=\"text\/javascript\" src=\"https:\/\/maps.google.com\/maps\/api\/js?key=AIzaSyBmVkXxjKe2a8kb5bMMLBl9SFVrvttFrU8&amp;language=hu\"><\/script>\n<script type=\"text\/javascript\" src=\"https:\/\/stuttgarti-katolikusok.de\/wp-content\/plugins\/google-routeplaner\/google-routeplaner-main-js.php?plan_id=12\"><\/script>\n<form action=\"#\" onsubmit=\"calcRoute12(); return false\">\n\t <div id=\"map_controls12\" class=\"google_map_controls\"><label for=\"fromAddress12\">Indul\u00e1s helye<\/label> <input type=\"text\" size=\"25\" id=\"fromAddress12\" name=\"from\" value=\"\"\/><input name=\"calc\" type=\"submit\" value=\"\u00datvonal mutat\u00e1sa\" \/><\/div>\n\t <div id=\"map_canvas12\" class=\"google_map_canvas\" style=\"overflow: hidden; width: 500px; height: 400px;\"><\/div>\n\t <div id=\"map_directions12\" class=\"google_map_directions\"><\/div>\n\t<\/form>\n<script type=\"text\/javascript\" src=\"https:\/\/stuttgarti-katolikusok.de\/wp-content\/plugins\/google-routeplaner\/google-routeplaner-js.php?plan_id=12&autofill=0\"><\/script>\n<!-- End Google Routeplanner Plugin Output --><p>\n[\/vc_column_text][\/vc_column][\/vc_row]\n<\/div>","protected":false},"excerpt":{"rendered":"<p>[vc_row][vc_column][\/vc_column][\/vc_row][vc_row][vc_column width=&#8221;1\/2&#8243;][\/vc_column][vc_column width=&#8221;1\/2&#8243;][\/vc_column][\/vc_row][vc_row][vc_column width=&#8221;1\/2&#8243;][vc_column_text]Templomb\u00facs\u00fa: Boldog Bajor Gizella &#8211; m\u00e1jus 7 Leg\u00e1tus: Mutter J\u00f3zsef&amp;Katalin Tud\u00f3s\u00edt\u00f3: Sekresty\u00e9s: Czapka Christoph Orgonista: Felolvas\u00f3k: Mutter Katalin, Korn J\u00f3zsef Ministr\u00e1nsok:\u00a0 Mutter Christine \u00e9s Mutter Andrea, Haller Judit \u00e9s Philipp[\/vc_column_text][\/vc_column][vc_column width=&#8221;1\/2&#8243;][vc_single_image image=&#8221;8294&#8243; img_size=&#8221;full&#8221; css_animation=&#8221;appear&#8221;][\/vc_column][\/vc_row][vc_row][vc_column][vc_column_text] Indul\u00e1s helye [\/vc_column_text][\/vc_column][\/vc_row]<\/p>\n","protected":false},"author":7,"featured_media":0,"parent":0,"menu_order":0,"comment_status":"closed","ping_status":"closed","template":"","meta":{"footnotes":""},"class_list":["post-7883","page","type-page","status-publish","hentry"],"yoast_head":"<!-- This site is optimized with the Yoast SEO plugin v27.3 - https:\/\/yoast.com\/product\/yoast-seo-wordpress\/ -->\n<title>Schw\u00e4bisch-Gm\u00fcnd - Stuttgarti Katolikusok<\/title>\n<meta name=\"robots\" content=\"index, follow, max-snippet:-1, max-image-preview:large, max-video-preview:-1\" \/>\n<link rel=\"canonical\" href=\"https:\/\/stuttgarti-katolikusok.de\/index.php\/schwaebisch\/\" \/>\n<meta property=\"og:locale\" content=\"hu_HU\" \/>\n<meta property=\"og:type\" content=\"article\" \/>\n<meta property=\"og:title\" content=\"Schw\u00e4bisch-Gm\u00fcnd - Stuttgarti Katolikusok\" \/>\n<meta property=\"og:description\" content=\"[vc_row][vc_column][\/vc_column][\/vc_row][vc_row][vc_column width=&#8221;1\/2&#8243;][\/vc_column][vc_column width=&#8221;1\/2&#8243;][\/vc_column][\/vc_row][vc_row][vc_column width=&#8221;1\/2&#8243;][vc_column_text]Templomb\u00facs\u00fa: Boldog Bajor Gizella &#8211; m\u00e1jus 7 Leg\u00e1tus: Mutter J\u00f3zsef&amp;Katalin Tud\u00f3s\u00edt\u00f3: Sekresty\u00e9s: Czapka Christoph Orgonista: Felolvas\u00f3k: Mutter Katalin, Korn J\u00f3zsef Ministr\u00e1nsok:\u00a0 Mutter Christine \u00e9s Mutter Andrea, Haller Judit \u00e9s Philipp[\/vc_column_text][\/vc_column][vc_column width=&#8221;1\/2&#8243;][vc_single_image image=&#8221;8294&#8243; img_size=&#8221;full&#8221; css_animation=&#8221;appear&#8221;][\/vc_column][\/vc_row][vc_row][vc_column][vc_column_text] Indul\u00e1s helye [\/vc_column_text][\/vc_column][\/vc_row]\" \/>\n<meta property=\"og:url\" content=\"https:\/\/stuttgarti-katolikusok.de\/index.php\/schwaebisch\/\" \/>\n<meta property=\"og:site_name\" content=\"Stuttgarti Katolikusok\" \/>\n<meta property=\"article:modified_time\" content=\"2026-02-12T23:30:31+00:00\" \/>\n<meta name=\"twitter:card\" content=\"summary_large_image\" \/>\n<meta name=\"twitter:label1\" content=\"Becs\u00fclt olvas\u00e1si id\u0151\" \/>\n\t<meta name=\"twitter:data1\" content=\"1 perc\" \/>\n<script type=\"application\/ld+json\" class=\"yoast-schema-graph\">{\"@context\":\"https:\\\/\\\/schema.org\",\"@graph\":[{\"@type\":\"WebPage\",\"@id\":\"https:\\\/\\\/stuttgarti-katolikusok.de\\\/index.php\\\/schwaebisch\\\/\",\"url\":\"https:\\\/\\\/stuttgarti-katolikusok.de\\\/index.php\\\/schwaebisch\\\/\",\"name\":\"Schw\u00e4bisch-Gm\u00fcnd - Stuttgarti Katolikusok\",\"isPartOf\":{\"@id\":\"https:\\\/\\\/stuttgarti-katolikusok.de\\\/#website\"},\"datePublished\":\"2015-11-29T14:28:43+00:00\",\"dateModified\":\"2026-02-12T23:30:31+00:00\",\"breadcrumb\":{\"@id\":\"https:\\\/\\\/stuttgarti-katolikusok.de\\\/index.php\\\/schwaebisch\\\/#breadcrumb\"},\"inLanguage\":\"hu\",\"potentialAction\":[{\"@type\":\"ReadAction\",\"target\":[\"https:\\\/\\\/stuttgarti-katolikusok.de\\\/index.php\\\/schwaebisch\\\/\"]}]},{\"@type\":\"BreadcrumbList\",\"@id\":\"https:\\\/\\\/stuttgarti-katolikusok.de\\\/index.php\\\/schwaebisch\\\/#breadcrumb\",\"itemListElement\":[{\"@type\":\"ListItem\",\"position\":1,\"name\":\"Kezd\u0151lap\",\"item\":\"https:\\\/\\\/stuttgarti-katolikusok.de\\\/\"},{\"@type\":\"ListItem\",\"position\":2,\"name\":\"Schw\u00e4bisch-Gm\u00fcnd\"}]},{\"@type\":\"WebSite\",\"@id\":\"https:\\\/\\\/stuttgarti-katolikusok.de\\\/#website\",\"url\":\"https:\\\/\\\/stuttgarti-katolikusok.de\\\/\",\"name\":\"Stuttgarti Katolikusok\",\"description\":\"\",\"potentialAction\":[{\"@type\":\"SearchAction\",\"target\":{\"@type\":\"EntryPoint\",\"urlTemplate\":\"https:\\\/\\\/stuttgarti-katolikusok.de\\\/?s={search_term_string}\"},\"query-input\":{\"@type\":\"PropertyValueSpecification\",\"valueRequired\":true,\"valueName\":\"search_term_string\"}}],\"inLanguage\":\"hu\"}]}<\/script>\n<!-- \/ Yoast SEO plugin. -->","yoast_head_json":{"title":"Schw\u00e4bisch-Gm\u00fcnd - Stuttgarti Katolikusok","robots":{"index":"index","follow":"follow","max-snippet":"max-snippet:-1","max-image-preview":"max-image-preview:large","max-video-preview":"max-video-preview:-1"},"canonical":"https:\/\/stuttgarti-katolikusok.de\/index.php\/schwaebisch\/","og_locale":"hu_HU","og_type":"article","og_title":"Schw\u00e4bisch-Gm\u00fcnd - Stuttgarti Katolikusok","og_description":"[vc_row][vc_column][\/vc_column][\/vc_row][vc_row][vc_column width=&#8221;1\/2&#8243;][\/vc_column][vc_column width=&#8221;1\/2&#8243;][\/vc_column][\/vc_row][vc_row][vc_column width=&#8221;1\/2&#8243;][vc_column_text]Templomb\u00facs\u00fa: Boldog Bajor Gizella &#8211; m\u00e1jus 7 Leg\u00e1tus: Mutter J\u00f3zsef&amp;Katalin Tud\u00f3s\u00edt\u00f3: Sekresty\u00e9s: Czapka Christoph Orgonista: Felolvas\u00f3k: Mutter Katalin, Korn J\u00f3zsef Ministr\u00e1nsok:\u00a0 Mutter Christine \u00e9s Mutter Andrea, Haller Judit \u00e9s Philipp[\/vc_column_text][\/vc_column][vc_column width=&#8221;1\/2&#8243;][vc_single_image image=&#8221;8294&#8243; img_size=&#8221;full&#8221; css_animation=&#8221;appear&#8221;][\/vc_column][\/vc_row][vc_row][vc_column][vc_column_text] Indul\u00e1s helye [\/vc_column_text][\/vc_column][\/vc_row]","og_url":"https:\/\/stuttgarti-katolikusok.de\/index.php\/schwaebisch\/","og_site_name":"Stuttgarti Katolikusok","article_modified_time":"2026-02-12T23:30:31+00:00","twitter_card":"summary_large_image","twitter_misc":{"Becs\u00fclt olvas\u00e1si id\u0151":"1 perc"},"schema":{"@context":"https:\/\/schema.org","@graph":[{"@type":"WebPage","@id":"https:\/\/stuttgarti-katolikusok.de\/index.php\/schwaebisch\/","url":"https:\/\/stuttgarti-katolikusok.de\/index.php\/schwaebisch\/","name":"Schw\u00e4bisch-Gm\u00fcnd - Stuttgarti Katolikusok","isPartOf":{"@id":"https:\/\/stuttgarti-katolikusok.de\/#website"},"datePublished":"2015-11-29T14:28:43+00:00","dateModified":"2026-02-12T23:30:31+00:00","breadcrumb":{"@id":"https:\/\/stuttgarti-katolikusok.de\/index.php\/schwaebisch\/#breadcrumb"},"inLanguage":"hu","potentialAction":[{"@type":"ReadAction","target":["https:\/\/stuttgarti-katolikusok.de\/index.php\/schwaebisch\/"]}]},{"@type":"BreadcrumbList","@id":"https:\/\/stuttgarti-katolikusok.de\/index.php\/schwaebisch\/#breadcrumb","itemListElement":[{"@type":"ListItem","position":1,"name":"Kezd\u0151lap","item":"https:\/\/stuttgarti-katolikusok.de\/"},{"@type":"ListItem","position":2,"name":"Schw\u00e4bisch-Gm\u00fcnd"}]},{"@type":"WebSite","@id":"https:\/\/stuttgarti-katolikusok.de\/#website","url":"https:\/\/stuttgarti-katolikusok.de\/","name":"Stuttgarti Katolikusok","description":"","potentialAction":[{"@type":"SearchAction","target":{"@type":"EntryPoint","urlTemplate":"https:\/\/stuttgarti-katolikusok.de\/?s={search_term_string}"},"query-input":{"@type":"PropertyValueSpecification","valueRequired":true,"valueName":"search_term_string"}}],"inLanguage":"hu"}]}},"_links":{"self":[{"href":"https:\/\/stuttgarti-katolikusok.de\/index.php\/wp-json\/wp\/v2\/pages\/7883","targetHints":{"allow":["GET"]}}],"collection":[{"href":"https:\/\/stuttgarti-katolikusok.de\/index.php\/wp-json\/wp\/v2\/pages"}],"about":[{"href":"https:\/\/stuttgarti-katolikusok.de\/index.php\/wp-json\/wp\/v2\/types\/page"}],"author":[{"embeddable":true,"href":"https:\/\/stuttgarti-katolikusok.de\/index.php\/wp-json\/wp\/v2\/users\/7"}],"replies":[{"embeddable":true,"href":"https:\/\/stuttgarti-katolikusok.de\/index.php\/wp-json\/wp\/v2\/comments?post=7883"}],"version-history":[{"count":115,"href":"https:\/\/stuttgarti-katolikusok.de\/index.php\/wp-json\/wp\/v2\/pages\/7883\/revisions"}],"predecessor-version":[{"id":32631,"href":"https:\/\/stuttgarti-katolikusok.de\/index.php\/wp-json\/wp\/v2\/pages\/7883\/revisions\/32631"}],"wp:attachment":[{"href":"https:\/\/stuttgarti-katolikusok.de\/index.php\/wp-json\/wp\/v2\/media?parent=7883"}],"curies":[{"name":"wp","href":"https:\/\/api.w.org\/{rel}","templated":true}]}}