{"id":7881,"date":"2015-11-29T14:28:07","date_gmt":"2015-11-29T14:28:07","guid":{"rendered":"https:\/\/gracious-dewdney.138-201-221-2.plesk.page\/?page_id=7881"},"modified":"2026-02-13T00:15:03","modified_gmt":"2026-02-12T23:15:03","slug":"reutlingen","status":"publish","type":"page","link":"https:\/\/stuttgarti-katolikusok.de\/index.php\/reutlingen\/","title":{"rendered":"Reutlingen-Orschel-Hagen"},"content":{"rendered":"<div class=\"wpb-content-wrapper\">[vc_row][vc_column]<div class=\"alert alert-info\">Szentmis\u00e9k a 2026-os esztend\u0151ben:<br \/>\n&#8211; 2026. m\u00e1rcius 7-\u00e9n, szombaton, 16.30 \u00f3rakor.<br \/>\n&#8211; 2026. \u00e1prilis 25-\u00e9n, szombaton, 16.30 \u00f3rakor.<br \/>\n&#8211; 2026. m\u00e1jus 23-\u00e1n, szombaton, 16.30 \u00f3rakor.<br \/>\n&#8211; 2026. okt\u00f3ber 3-\u00e1n, szombaton, 16.30 \u00f3rakor tal\u00e1lkozunk.<br \/>\n&#8211; 2026. november 21-\u00e9n, szombaton, 16.30 \u00f3rakor tal\u00e1lkozunk. K\u00f6z\u00f6ss\u00e9g\u00fcnk b\u00facs\u00fa\u00fcnnep\u00e9t tartjuk, \u00c1rp\u00e1d-h\u00e1zi Szent Erzs\u00e9betet k\u00f6sz\u00f6ntj\u00fck.<br \/>\nMindenkit szeretettel v\u00e1runk!<\/div>[\/vc_column][\/vc_row][vc_row][vc_column width=&#8221;1\/2&#8243;]<article class=\"icon-box6\" ><i class=\"fa-institution\" style=\"\"><\/i><h4>A szentmise helye<\/h4><p>72760 Reutlingen-Orschel-Hagen, N\u00fcrnberger Str. 184<br \/>\nSt. Andreas Kirche<\/p><\/article>[\/vc_column][vc_column width=&#8221;1\/2&#8243;]<article class=\"icon-box6\" ><i class=\"fa-clock-o\" style=\"\"><\/i><h4>A szentmise ideje<\/h4><p>A h\u00f3nap V. vas\u00e1rnapja, 16.30 \u00f3rakor<\/p><\/article>[\/vc_column][\/vc_row][vc_row][vc_column width=&#8221;1\/2&#8243;][vc_column_text]<strong>Templomb\u00facs\u00fa: <\/strong>\u00c1rp\u00e1dh\u00e1zi Szent Erzs\u00e9bet &#8211; november 19<\/p>\n<p><strong>Leg\u00e1tus:\u00a0<\/strong>D\u00e9nes-H\u00fcgel \u00c9va<\/p>\n<p><strong>Tud\u00f3s\u00edt\u00f3: <\/strong>D\u00e9nes-H\u00fcgel \u00c9va<\/p>\n<p><strong>Sekresty\u00e9s:<\/strong> Wieser Tibor<\/p>\n<p><strong>Orgonista:<\/strong> Wieser J\u00f3zsef<\/p>\n<p><strong>Felolvas\u00f3k:<\/strong> Kov\u00e1cs L\u00e1szl\u00f3, T\u00f6m\u00f6sv\u00e1ry Emese, D\u00e9nes-H\u00fcgel \u00c9va<\/p>\n<p><strong>Ministr\u00e1nsok:<\/strong>[\/vc_column_text][\/vc_column][vc_column width=&#8221;1\/2&#8243;][vc_single_image image=&#8221;8297&#8243; img_size=&#8221;full&#8221; css_animation=&#8221;appear&#8221;][\/vc_column][\/vc_row][vc_row][vc_column][vc_column_text]\t\n\t<!-- Start Google Routeplanner Plugin Output -->\n<script type=\"text\/javascript\">var destination_3 = '29 Schillerstrasse Munderkingen  895\n97';\nvar map_width_3 = 500;\nvar map_width_unit_3 = 'px';\nvar map_height_3 = 400;\nvar map_height_unit_3 = 'px';\nvar zoom_3 = 8;\nvar map_type_3 = 'ROADMAP';\nvar zoom_control_3 = 'DEFAULT';\nvar pan_control_3 = 'true';\nvar type_control_3 = 'DEFAULT';\nvar autofill_3 = 0;\n<\/script><script type=\"text\/javascript\" src=\"https:\/\/maps.google.com\/maps\/api\/js?key=AIzaSyBmVkXxjKe2a8kb5bMMLBl9SFVrvttFrU8&amp;language=hu\"><\/script>\n<script type=\"text\/javascript\" src=\"https:\/\/stuttgarti-katolikusok.de\/wp-content\/plugins\/google-routeplaner\/google-routeplaner-main-js.php?plan_id=3\"><\/script>\n<form action=\"#\" onsubmit=\"calcRoute3(); return false\">\n\t <div id=\"map_controls3\" class=\"google_map_controls\"><label for=\"fromAddress3\">Indul\u00e1s helye<\/label> <input type=\"text\" size=\"25\" id=\"fromAddress3\" name=\"from\" value=\"\"\/><input name=\"calc\" type=\"submit\" value=\"\u00datvonal mutat\u00e1sa\" \/><\/div>\n\t <div id=\"map_canvas3\" class=\"google_map_canvas\" style=\"overflow: hidden; width: 500px; height: 400px;\"><\/div>\n\t <div id=\"map_directions3\" class=\"google_map_directions\"><\/div>\n\t<\/form>\n<script type=\"text\/javascript\" src=\"https:\/\/stuttgarti-katolikusok.de\/wp-content\/plugins\/google-routeplaner\/google-routeplaner-js.php?plan_id=3&autofill=0\"><\/script>\n<!-- End Google Routeplanner Plugin Output --><p>\n[\/vc_column_text][\/vc_column][\/vc_row]\n<\/div>","protected":false},"excerpt":{"rendered":"<p>[vc_row][vc_column][\/vc_column][\/vc_row][vc_row][vc_column width=&#8221;1\/2&#8243;][\/vc_column][vc_column width=&#8221;1\/2&#8243;][\/vc_column][\/vc_row][vc_row][vc_column width=&#8221;1\/2&#8243;][vc_column_text]Templomb\u00facs\u00fa: \u00c1rp\u00e1dh\u00e1zi Szent Erzs\u00e9bet &#8211; november 19 Leg\u00e1tus:\u00a0D\u00e9nes-H\u00fcgel \u00c9va Tud\u00f3s\u00edt\u00f3: D\u00e9nes-H\u00fcgel \u00c9va Sekresty\u00e9s: Wieser Tibor Orgonista: Wieser J\u00f3zsef Felolvas\u00f3k: Kov\u00e1cs L\u00e1szl\u00f3, T\u00f6m\u00f6sv\u00e1ry Emese, D\u00e9nes-H\u00fcgel \u00c9va Ministr\u00e1nsok:[\/vc_column_text][\/vc_column][vc_column width=&#8221;1\/2&#8243;][vc_single_image image=&#8221;8297&#8243; img_size=&#8221;full&#8221; css_animation=&#8221;appear&#8221;][\/vc_column][\/vc_row][vc_row][vc_column][vc_column_text] Indul\u00e1s helye [\/vc_column_text][\/vc_column][\/vc_row]<\/p>\n","protected":false},"author":7,"featured_media":0,"parent":0,"menu_order":0,"comment_status":"closed","ping_status":"closed","template":"","meta":{"footnotes":""},"class_list":["post-7881","page","type-page","status-publish","hentry"],"yoast_head":"<!-- This site is optimized with the Yoast SEO plugin v27.3 - https:\/\/yoast.com\/product\/yoast-seo-wordpress\/ -->\n<title>Reutlingen-Orschel-Hagen - Stuttgarti Katolikusok<\/title>\n<meta name=\"robots\" content=\"index, follow, max-snippet:-1, max-image-preview:large, max-video-preview:-1\" \/>\n<link rel=\"canonical\" href=\"https:\/\/stuttgarti-katolikusok.de\/index.php\/reutlingen\/\" \/>\n<meta property=\"og:locale\" content=\"hu_HU\" \/>\n<meta property=\"og:type\" content=\"article\" \/>\n<meta property=\"og:title\" content=\"Reutlingen-Orschel-Hagen - Stuttgarti Katolikusok\" \/>\n<meta property=\"og:description\" content=\"[vc_row][vc_column][\/vc_column][\/vc_row][vc_row][vc_column width=&#8221;1\/2&#8243;][\/vc_column][vc_column width=&#8221;1\/2&#8243;][\/vc_column][\/vc_row][vc_row][vc_column width=&#8221;1\/2&#8243;][vc_column_text]Templomb\u00facs\u00fa: \u00c1rp\u00e1dh\u00e1zi Szent Erzs\u00e9bet &#8211; november 19 Leg\u00e1tus:\u00a0D\u00e9nes-H\u00fcgel \u00c9va Tud\u00f3s\u00edt\u00f3: D\u00e9nes-H\u00fcgel \u00c9va Sekresty\u00e9s: Wieser Tibor Orgonista: Wieser J\u00f3zsef Felolvas\u00f3k: Kov\u00e1cs L\u00e1szl\u00f3, T\u00f6m\u00f6sv\u00e1ry Emese, D\u00e9nes-H\u00fcgel \u00c9va Ministr\u00e1nsok:[\/vc_column_text][\/vc_column][vc_column width=&#8221;1\/2&#8243;][vc_single_image image=&#8221;8297&#8243; img_size=&#8221;full&#8221; css_animation=&#8221;appear&#8221;][\/vc_column][\/vc_row][vc_row][vc_column][vc_column_text] Indul\u00e1s helye [\/vc_column_text][\/vc_column][\/vc_row]\" \/>\n<meta property=\"og:url\" content=\"https:\/\/stuttgarti-katolikusok.de\/index.php\/reutlingen\/\" \/>\n<meta property=\"og:site_name\" content=\"Stuttgarti Katolikusok\" \/>\n<meta property=\"article:modified_time\" content=\"2026-02-12T23:15:03+00:00\" \/>\n<meta name=\"twitter:card\" content=\"summary_large_image\" \/>\n<meta name=\"twitter:label1\" content=\"Becs\u00fclt olvas\u00e1si id\u0151\" \/>\n\t<meta name=\"twitter:data1\" content=\"1 perc\" \/>\n<script type=\"application\/ld+json\" class=\"yoast-schema-graph\">{\"@context\":\"https:\\\/\\\/schema.org\",\"@graph\":[{\"@type\":\"WebPage\",\"@id\":\"https:\\\/\\\/stuttgarti-katolikusok.de\\\/index.php\\\/reutlingen\\\/\",\"url\":\"https:\\\/\\\/stuttgarti-katolikusok.de\\\/index.php\\\/reutlingen\\\/\",\"name\":\"Reutlingen-Orschel-Hagen - Stuttgarti Katolikusok\",\"isPartOf\":{\"@id\":\"https:\\\/\\\/stuttgarti-katolikusok.de\\\/#website\"},\"datePublished\":\"2015-11-29T14:28:07+00:00\",\"dateModified\":\"2026-02-12T23:15:03+00:00\",\"breadcrumb\":{\"@id\":\"https:\\\/\\\/stuttgarti-katolikusok.de\\\/index.php\\\/reutlingen\\\/#breadcrumb\"},\"inLanguage\":\"hu\",\"potentialAction\":[{\"@type\":\"ReadAction\",\"target\":[\"https:\\\/\\\/stuttgarti-katolikusok.de\\\/index.php\\\/reutlingen\\\/\"]}]},{\"@type\":\"BreadcrumbList\",\"@id\":\"https:\\\/\\\/stuttgarti-katolikusok.de\\\/index.php\\\/reutlingen\\\/#breadcrumb\",\"itemListElement\":[{\"@type\":\"ListItem\",\"position\":1,\"name\":\"Kezd\u0151lap\",\"item\":\"https:\\\/\\\/stuttgarti-katolikusok.de\\\/\"},{\"@type\":\"ListItem\",\"position\":2,\"name\":\"Reutlingen-Orschel-Hagen\"}]},{\"@type\":\"WebSite\",\"@id\":\"https:\\\/\\\/stuttgarti-katolikusok.de\\\/#website\",\"url\":\"https:\\\/\\\/stuttgarti-katolikusok.de\\\/\",\"name\":\"Stuttgarti Katolikusok\",\"description\":\"\",\"potentialAction\":[{\"@type\":\"SearchAction\",\"target\":{\"@type\":\"EntryPoint\",\"urlTemplate\":\"https:\\\/\\\/stuttgarti-katolikusok.de\\\/?s={search_term_string}\"},\"query-input\":{\"@type\":\"PropertyValueSpecification\",\"valueRequired\":true,\"valueName\":\"search_term_string\"}}],\"inLanguage\":\"hu\"}]}<\/script>\n<!-- \/ Yoast SEO plugin. -->","yoast_head_json":{"title":"Reutlingen-Orschel-Hagen - Stuttgarti Katolikusok","robots":{"index":"index","follow":"follow","max-snippet":"max-snippet:-1","max-image-preview":"max-image-preview:large","max-video-preview":"max-video-preview:-1"},"canonical":"https:\/\/stuttgarti-katolikusok.de\/index.php\/reutlingen\/","og_locale":"hu_HU","og_type":"article","og_title":"Reutlingen-Orschel-Hagen - Stuttgarti Katolikusok","og_description":"[vc_row][vc_column][\/vc_column][\/vc_row][vc_row][vc_column width=&#8221;1\/2&#8243;][\/vc_column][vc_column width=&#8221;1\/2&#8243;][\/vc_column][\/vc_row][vc_row][vc_column width=&#8221;1\/2&#8243;][vc_column_text]Templomb\u00facs\u00fa: \u00c1rp\u00e1dh\u00e1zi Szent Erzs\u00e9bet &#8211; november 19 Leg\u00e1tus:\u00a0D\u00e9nes-H\u00fcgel \u00c9va Tud\u00f3s\u00edt\u00f3: D\u00e9nes-H\u00fcgel \u00c9va Sekresty\u00e9s: Wieser Tibor Orgonista: Wieser J\u00f3zsef Felolvas\u00f3k: Kov\u00e1cs L\u00e1szl\u00f3, T\u00f6m\u00f6sv\u00e1ry Emese, D\u00e9nes-H\u00fcgel \u00c9va Ministr\u00e1nsok:[\/vc_column_text][\/vc_column][vc_column width=&#8221;1\/2&#8243;][vc_single_image image=&#8221;8297&#8243; img_size=&#8221;full&#8221; css_animation=&#8221;appear&#8221;][\/vc_column][\/vc_row][vc_row][vc_column][vc_column_text] Indul\u00e1s helye [\/vc_column_text][\/vc_column][\/vc_row]","og_url":"https:\/\/stuttgarti-katolikusok.de\/index.php\/reutlingen\/","og_site_name":"Stuttgarti Katolikusok","article_modified_time":"2026-02-12T23:15:03+00:00","twitter_card":"summary_large_image","twitter_misc":{"Becs\u00fclt olvas\u00e1si id\u0151":"1 perc"},"schema":{"@context":"https:\/\/schema.org","@graph":[{"@type":"WebPage","@id":"https:\/\/stuttgarti-katolikusok.de\/index.php\/reutlingen\/","url":"https:\/\/stuttgarti-katolikusok.de\/index.php\/reutlingen\/","name":"Reutlingen-Orschel-Hagen - Stuttgarti Katolikusok","isPartOf":{"@id":"https:\/\/stuttgarti-katolikusok.de\/#website"},"datePublished":"2015-11-29T14:28:07+00:00","dateModified":"2026-02-12T23:15:03+00:00","breadcrumb":{"@id":"https:\/\/stuttgarti-katolikusok.de\/index.php\/reutlingen\/#breadcrumb"},"inLanguage":"hu","potentialAction":[{"@type":"ReadAction","target":["https:\/\/stuttgarti-katolikusok.de\/index.php\/reutlingen\/"]}]},{"@type":"BreadcrumbList","@id":"https:\/\/stuttgarti-katolikusok.de\/index.php\/reutlingen\/#breadcrumb","itemListElement":[{"@type":"ListItem","position":1,"name":"Kezd\u0151lap","item":"https:\/\/stuttgarti-katolikusok.de\/"},{"@type":"ListItem","position":2,"name":"Reutlingen-Orschel-Hagen"}]},{"@type":"WebSite","@id":"https:\/\/stuttgarti-katolikusok.de\/#website","url":"https:\/\/stuttgarti-katolikusok.de\/","name":"Stuttgarti Katolikusok","description":"","potentialAction":[{"@type":"SearchAction","target":{"@type":"EntryPoint","urlTemplate":"https:\/\/stuttgarti-katolikusok.de\/?s={search_term_string}"},"query-input":{"@type":"PropertyValueSpecification","valueRequired":true,"valueName":"search_term_string"}}],"inLanguage":"hu"}]}},"_links":{"self":[{"href":"https:\/\/stuttgarti-katolikusok.de\/index.php\/wp-json\/wp\/v2\/pages\/7881","targetHints":{"allow":["GET"]}}],"collection":[{"href":"https:\/\/stuttgarti-katolikusok.de\/index.php\/wp-json\/wp\/v2\/pages"}],"about":[{"href":"https:\/\/stuttgarti-katolikusok.de\/index.php\/wp-json\/wp\/v2\/types\/page"}],"author":[{"embeddable":true,"href":"https:\/\/stuttgarti-katolikusok.de\/index.php\/wp-json\/wp\/v2\/users\/7"}],"replies":[{"embeddable":true,"href":"https:\/\/stuttgarti-katolikusok.de\/index.php\/wp-json\/wp\/v2\/comments?post=7881"}],"version-history":[{"count":85,"href":"https:\/\/stuttgarti-katolikusok.de\/index.php\/wp-json\/wp\/v2\/pages\/7881\/revisions"}],"predecessor-version":[{"id":32630,"href":"https:\/\/stuttgarti-katolikusok.de\/index.php\/wp-json\/wp\/v2\/pages\/7881\/revisions\/32630"}],"wp:attachment":[{"href":"https:\/\/stuttgarti-katolikusok.de\/index.php\/wp-json\/wp\/v2\/media?parent=7881"}],"curies":[{"name":"wp","href":"https:\/\/api.w.org\/{rel}","templated":true}]}}