{"id":7875,"date":"2015-11-29T14:24:51","date_gmt":"2015-11-29T14:24:51","guid":{"rendered":"https:\/\/gracious-dewdney.138-201-221-2.plesk.page\/?page_id=7875"},"modified":"2026-02-12T23:54:23","modified_gmt":"2026-02-12T22:54:23","slug":"heilbronn","status":"publish","type":"page","link":"https:\/\/stuttgarti-katolikusok.de\/index.php\/heilbronn\/","title":{"rendered":"Heilbronn-Horkheim"},"content":{"rendered":"<div class=\"wpb-content-wrapper\">[vc_row][vc_column]<div class=\"alert alert-info\">Szentmis\u00e9k a 2026-os esztend\u0151ben:<br \/>\n&#8211; 2026. janu\u00e1r 18-\u00e1n, vas\u00e1rnap, 15.30 \u00f3rakor.<br \/>\n&#8211; 2026. febru\u00e1r 15-\u00e9n, vas\u00e1rnap, 15.30 \u00f3rakor.<br \/>\n&#8211; 2026. \u00e1prilis 19-\u00e9n, vas\u00e1rnap, 15.30 \u00f3rakor.<br \/>\n&#8211; 2026. m\u00e1jus 17-\u00e9n, vas\u00e1rnap, 15.30 \u00f3rakor.<br \/>\n&#8211; 2026. j\u00fanius 21-\u00e9n, vas\u00e1rnap, 15.30 \u00f3rakor.<br \/>\n&#8211; 2026. szeptember 20-\u00e1n, vas\u00e1rnap, 15.30 \u00f3rakor.<br \/>\n&#8211; 2026. november 15-\u00e9n, vas\u00e1rnap, 15.30 \u00f3rakor.<br \/>\n&#8211; 2026. december 20-\u00e1n, vas\u00e1rnap, 15.30 \u00f3rakor.<br \/>\nMindenkit szeretettel v\u00e1runk!<\/div>[\/vc_column][\/vc_row][vc_row][vc_column width=&#8221;1\/2&#8243;]<article class=\"icon-box6\" ><i class=\"fa-institution\" style=\"\"><\/i><h4>A szentmise helye<\/h4><p>74081 Heilbronn-Horkheim, Heilbronner Weg 17<br \/>\nHeilige Geist Kirche<\/p><\/article>[\/vc_column][vc_column width=&#8221;1\/2&#8243;]<article class=\"icon-box6\" ><i class=\"fa-clock-o\" style=\"\"><\/i><h4>A szentmise ideje<\/h4><p>A h\u00f3nap III. vas\u00e1rnapj\u00e1n, 15.30 \u00f3rakor<\/p><\/article>[\/vc_column][\/vc_row][vc_row][vc_column width=&#8221;1\/2&#8243;][vc_column_text]<strong>Templomb\u00facs\u00fa<\/strong>: Szent Adalbert &#8211; \u00e1prilis 23<\/p>\n<p><strong>Leg\u00e1tus:\u00a0<\/strong>Kengyel K\u00e1roly,\u00a0Kobia T\u00fcnde<\/p>\n<p><strong>Tud\u00f3s\u00edt\u00f3:<\/strong><\/p>\n<p><strong>Sekresty\u00e9s:<\/strong> Kengyel K\u00e1roly<\/p>\n<p><strong>Orgonista: <\/strong>Tempfli Gertrud<\/p>\n<p><strong>Felolvas\u00f3k:\u00a0<\/strong>Kobia T\u00fcnde, Olajos Andr\u00e1s<\/p>\n<p><strong>Ministr\u00e1nsok:\u00a0<\/strong>Kobia Bernadette, Kobia Pascal[\/vc_column_text][\/vc_column][vc_column width=&#8221;1\/2&#8243;][vc_single_image image=&#8221;8305&#8243; img_size=&#8221;full&#8221; css_animation=&#8221;appear&#8221;][\/vc_column][\/vc_row][vc_row][vc_column][vc_column_text]\t\n\t<!-- Start Google Routeplanner Plugin Output -->\n<script type=\"text\/javascript\">var destination_5 = '74081 Heilbronn-Horkheim 17 Heilbronnerweg';\nvar map_width_5 = 500;\nvar map_width_unit_5 = 'px';\nvar map_height_5 = 400;\nvar map_height_unit_5 = 'px';\nvar zoom_5 = 8;\nvar map_type_5 = 'ROADMAP';\nvar zoom_control_5 = 'DEFAULT';\nvar pan_control_5 = 'true';\nvar type_control_5 = 'DEFAULT';\nvar autofill_5 = 0;\n<\/script><script type=\"text\/javascript\" src=\"https:\/\/maps.google.com\/maps\/api\/js?key=AIzaSyBmVkXxjKe2a8kb5bMMLBl9SFVrvttFrU8&amp;language=hu\"><\/script>\n<script type=\"text\/javascript\" src=\"https:\/\/stuttgarti-katolikusok.de\/wp-content\/plugins\/google-routeplaner\/google-routeplaner-main-js.php?plan_id=5\"><\/script>\n<form action=\"#\" onsubmit=\"calcRoute5(); return false\">\n\t <div id=\"map_controls5\" class=\"google_map_controls\"><label for=\"fromAddress5\">Indul\u00e1s helye<\/label> <input type=\"text\" size=\"25\" id=\"fromAddress5\" name=\"from\" value=\"\"\/><input name=\"calc\" type=\"submit\" value=\"\u00datvonal mutat\u00e1sa\" \/><\/div>\n\t <div id=\"map_canvas5\" class=\"google_map_canvas\" style=\"overflow: hidden; width: 500px; height: 400px;\"><\/div>\n\t <div id=\"map_directions5\" class=\"google_map_directions\"><\/div>\n\t<\/form>\n<script type=\"text\/javascript\" src=\"https:\/\/stuttgarti-katolikusok.de\/wp-content\/plugins\/google-routeplaner\/google-routeplaner-js.php?plan_id=5&autofill=0\"><\/script>\n<!-- End Google Routeplanner Plugin Output --><p>\n[\/vc_column_text][\/vc_column][\/vc_row]\n<\/div>","protected":false},"excerpt":{"rendered":"<p>[vc_row][vc_column][\/vc_column][\/vc_row][vc_row][vc_column width=&#8221;1\/2&#8243;][\/vc_column][vc_column width=&#8221;1\/2&#8243;][\/vc_column][\/vc_row][vc_row][vc_column width=&#8221;1\/2&#8243;][vc_column_text]Templomb\u00facs\u00fa: Szent Adalbert &#8211; \u00e1prilis 23 Leg\u00e1tus:\u00a0Kengyel K\u00e1roly,\u00a0Kobia T\u00fcnde Tud\u00f3s\u00edt\u00f3: Sekresty\u00e9s: Kengyel K\u00e1roly Orgonista: Tempfli Gertrud Felolvas\u00f3k:\u00a0Kobia T\u00fcnde, Olajos Andr\u00e1s Ministr\u00e1nsok:\u00a0Kobia Bernadette, Kobia Pascal[\/vc_column_text][\/vc_column][vc_column width=&#8221;1\/2&#8243;][vc_single_image image=&#8221;8305&#8243; img_size=&#8221;full&#8221; css_animation=&#8221;appear&#8221;][\/vc_column][\/vc_row][vc_row][vc_column][vc_column_text] Indul\u00e1s helye [\/vc_column_text][\/vc_column][\/vc_row]<\/p>\n","protected":false},"author":7,"featured_media":0,"parent":0,"menu_order":0,"comment_status":"closed","ping_status":"closed","template":"","meta":{"footnotes":""},"class_list":["post-7875","page","type-page","status-publish","hentry"],"yoast_head":"<!-- This site is optimized with the Yoast SEO plugin v27.3 - https:\/\/yoast.com\/product\/yoast-seo-wordpress\/ -->\n<title>Heilbronn-Horkheim - Stuttgarti Katolikusok<\/title>\n<meta name=\"robots\" content=\"index, follow, max-snippet:-1, max-image-preview:large, max-video-preview:-1\" \/>\n<link rel=\"canonical\" href=\"https:\/\/stuttgarti-katolikusok.de\/index.php\/heilbronn\/\" \/>\n<meta property=\"og:locale\" content=\"hu_HU\" \/>\n<meta property=\"og:type\" content=\"article\" \/>\n<meta property=\"og:title\" content=\"Heilbronn-Horkheim - Stuttgarti Katolikusok\" \/>\n<meta property=\"og:description\" content=\"[vc_row][vc_column][\/vc_column][\/vc_row][vc_row][vc_column width=&#8221;1\/2&#8243;][\/vc_column][vc_column width=&#8221;1\/2&#8243;][\/vc_column][\/vc_row][vc_row][vc_column width=&#8221;1\/2&#8243;][vc_column_text]Templomb\u00facs\u00fa: Szent Adalbert &#8211; \u00e1prilis 23 Leg\u00e1tus:\u00a0Kengyel K\u00e1roly,\u00a0Kobia T\u00fcnde Tud\u00f3s\u00edt\u00f3: Sekresty\u00e9s: Kengyel K\u00e1roly Orgonista: Tempfli Gertrud Felolvas\u00f3k:\u00a0Kobia T\u00fcnde, Olajos Andr\u00e1s Ministr\u00e1nsok:\u00a0Kobia Bernadette, Kobia Pascal[\/vc_column_text][\/vc_column][vc_column width=&#8221;1\/2&#8243;][vc_single_image image=&#8221;8305&#8243; img_size=&#8221;full&#8221; css_animation=&#8221;appear&#8221;][\/vc_column][\/vc_row][vc_row][vc_column][vc_column_text] Indul\u00e1s helye [\/vc_column_text][\/vc_column][\/vc_row]\" \/>\n<meta property=\"og:url\" content=\"https:\/\/stuttgarti-katolikusok.de\/index.php\/heilbronn\/\" \/>\n<meta property=\"og:site_name\" content=\"Stuttgarti Katolikusok\" \/>\n<meta property=\"article:modified_time\" content=\"2026-02-12T22:54:23+00:00\" \/>\n<meta name=\"twitter:card\" content=\"summary_large_image\" \/>\n<meta name=\"twitter:label1\" content=\"Becs\u00fclt olvas\u00e1si id\u0151\" \/>\n\t<meta name=\"twitter:data1\" content=\"1 perc\" \/>\n<script type=\"application\/ld+json\" class=\"yoast-schema-graph\">{\"@context\":\"https:\\\/\\\/schema.org\",\"@graph\":[{\"@type\":\"WebPage\",\"@id\":\"https:\\\/\\\/stuttgarti-katolikusok.de\\\/index.php\\\/heilbronn\\\/\",\"url\":\"https:\\\/\\\/stuttgarti-katolikusok.de\\\/index.php\\\/heilbronn\\\/\",\"name\":\"Heilbronn-Horkheim - Stuttgarti Katolikusok\",\"isPartOf\":{\"@id\":\"https:\\\/\\\/stuttgarti-katolikusok.de\\\/#website\"},\"datePublished\":\"2015-11-29T14:24:51+00:00\",\"dateModified\":\"2026-02-12T22:54:23+00:00\",\"breadcrumb\":{\"@id\":\"https:\\\/\\\/stuttgarti-katolikusok.de\\\/index.php\\\/heilbronn\\\/#breadcrumb\"},\"inLanguage\":\"hu\",\"potentialAction\":[{\"@type\":\"ReadAction\",\"target\":[\"https:\\\/\\\/stuttgarti-katolikusok.de\\\/index.php\\\/heilbronn\\\/\"]}]},{\"@type\":\"BreadcrumbList\",\"@id\":\"https:\\\/\\\/stuttgarti-katolikusok.de\\\/index.php\\\/heilbronn\\\/#breadcrumb\",\"itemListElement\":[{\"@type\":\"ListItem\",\"position\":1,\"name\":\"Kezd\u0151lap\",\"item\":\"https:\\\/\\\/stuttgarti-katolikusok.de\\\/\"},{\"@type\":\"ListItem\",\"position\":2,\"name\":\"Heilbronn-Horkheim\"}]},{\"@type\":\"WebSite\",\"@id\":\"https:\\\/\\\/stuttgarti-katolikusok.de\\\/#website\",\"url\":\"https:\\\/\\\/stuttgarti-katolikusok.de\\\/\",\"name\":\"Stuttgarti Katolikusok\",\"description\":\"\",\"potentialAction\":[{\"@type\":\"SearchAction\",\"target\":{\"@type\":\"EntryPoint\",\"urlTemplate\":\"https:\\\/\\\/stuttgarti-katolikusok.de\\\/?s={search_term_string}\"},\"query-input\":{\"@type\":\"PropertyValueSpecification\",\"valueRequired\":true,\"valueName\":\"search_term_string\"}}],\"inLanguage\":\"hu\"}]}<\/script>\n<!-- \/ Yoast SEO plugin. -->","yoast_head_json":{"title":"Heilbronn-Horkheim - Stuttgarti Katolikusok","robots":{"index":"index","follow":"follow","max-snippet":"max-snippet:-1","max-image-preview":"max-image-preview:large","max-video-preview":"max-video-preview:-1"},"canonical":"https:\/\/stuttgarti-katolikusok.de\/index.php\/heilbronn\/","og_locale":"hu_HU","og_type":"article","og_title":"Heilbronn-Horkheim - Stuttgarti Katolikusok","og_description":"[vc_row][vc_column][\/vc_column][\/vc_row][vc_row][vc_column width=&#8221;1\/2&#8243;][\/vc_column][vc_column width=&#8221;1\/2&#8243;][\/vc_column][\/vc_row][vc_row][vc_column width=&#8221;1\/2&#8243;][vc_column_text]Templomb\u00facs\u00fa: Szent Adalbert &#8211; \u00e1prilis 23 Leg\u00e1tus:\u00a0Kengyel K\u00e1roly,\u00a0Kobia T\u00fcnde Tud\u00f3s\u00edt\u00f3: Sekresty\u00e9s: Kengyel K\u00e1roly Orgonista: Tempfli Gertrud Felolvas\u00f3k:\u00a0Kobia T\u00fcnde, Olajos Andr\u00e1s Ministr\u00e1nsok:\u00a0Kobia Bernadette, Kobia Pascal[\/vc_column_text][\/vc_column][vc_column width=&#8221;1\/2&#8243;][vc_single_image image=&#8221;8305&#8243; img_size=&#8221;full&#8221; css_animation=&#8221;appear&#8221;][\/vc_column][\/vc_row][vc_row][vc_column][vc_column_text] Indul\u00e1s helye [\/vc_column_text][\/vc_column][\/vc_row]","og_url":"https:\/\/stuttgarti-katolikusok.de\/index.php\/heilbronn\/","og_site_name":"Stuttgarti Katolikusok","article_modified_time":"2026-02-12T22:54:23+00:00","twitter_card":"summary_large_image","twitter_misc":{"Becs\u00fclt olvas\u00e1si id\u0151":"1 perc"},"schema":{"@context":"https:\/\/schema.org","@graph":[{"@type":"WebPage","@id":"https:\/\/stuttgarti-katolikusok.de\/index.php\/heilbronn\/","url":"https:\/\/stuttgarti-katolikusok.de\/index.php\/heilbronn\/","name":"Heilbronn-Horkheim - Stuttgarti Katolikusok","isPartOf":{"@id":"https:\/\/stuttgarti-katolikusok.de\/#website"},"datePublished":"2015-11-29T14:24:51+00:00","dateModified":"2026-02-12T22:54:23+00:00","breadcrumb":{"@id":"https:\/\/stuttgarti-katolikusok.de\/index.php\/heilbronn\/#breadcrumb"},"inLanguage":"hu","potentialAction":[{"@type":"ReadAction","target":["https:\/\/stuttgarti-katolikusok.de\/index.php\/heilbronn\/"]}]},{"@type":"BreadcrumbList","@id":"https:\/\/stuttgarti-katolikusok.de\/index.php\/heilbronn\/#breadcrumb","itemListElement":[{"@type":"ListItem","position":1,"name":"Kezd\u0151lap","item":"https:\/\/stuttgarti-katolikusok.de\/"},{"@type":"ListItem","position":2,"name":"Heilbronn-Horkheim"}]},{"@type":"WebSite","@id":"https:\/\/stuttgarti-katolikusok.de\/#website","url":"https:\/\/stuttgarti-katolikusok.de\/","name":"Stuttgarti Katolikusok","description":"","potentialAction":[{"@type":"SearchAction","target":{"@type":"EntryPoint","urlTemplate":"https:\/\/stuttgarti-katolikusok.de\/?s={search_term_string}"},"query-input":{"@type":"PropertyValueSpecification","valueRequired":true,"valueName":"search_term_string"}}],"inLanguage":"hu"}]}},"_links":{"self":[{"href":"https:\/\/stuttgarti-katolikusok.de\/index.php\/wp-json\/wp\/v2\/pages\/7875","targetHints":{"allow":["GET"]}}],"collection":[{"href":"https:\/\/stuttgarti-katolikusok.de\/index.php\/wp-json\/wp\/v2\/pages"}],"about":[{"href":"https:\/\/stuttgarti-katolikusok.de\/index.php\/wp-json\/wp\/v2\/types\/page"}],"author":[{"embeddable":true,"href":"https:\/\/stuttgarti-katolikusok.de\/index.php\/wp-json\/wp\/v2\/users\/7"}],"replies":[{"embeddable":true,"href":"https:\/\/stuttgarti-katolikusok.de\/index.php\/wp-json\/wp\/v2\/comments?post=7875"}],"version-history":[{"count":109,"href":"https:\/\/stuttgarti-katolikusok.de\/index.php\/wp-json\/wp\/v2\/pages\/7875\/revisions"}],"predecessor-version":[{"id":32626,"href":"https:\/\/stuttgarti-katolikusok.de\/index.php\/wp-json\/wp\/v2\/pages\/7875\/revisions\/32626"}],"wp:attachment":[{"href":"https:\/\/stuttgarti-katolikusok.de\/index.php\/wp-json\/wp\/v2\/media?parent=7875"}],"curies":[{"name":"wp","href":"https:\/\/api.w.org\/{rel}","templated":true}]}}