{"id":7873,"date":"2015-11-29T14:24:14","date_gmt":"2015-11-29T14:24:14","guid":{"rendered":"https:\/\/gracious-dewdney.138-201-221-2.plesk.page\/?page_id=7873"},"modified":"2026-02-12T23:43:03","modified_gmt":"2026-02-12T22:43:03","slug":"heidenheim","status":"publish","type":"page","link":"https:\/\/stuttgarti-katolikusok.de\/index.php\/heidenheim\/","title":{"rendered":"Heidenheim an der Brenz"},"content":{"rendered":"<div class=\"wpb-content-wrapper\">[vc_row][vc_column]<div class=\"alert alert-info\">Szentmis\u00e9k a 2026-os esztend\u0151ben:<br \/>\n&#8211; 2026. janu\u00e1r 17-\u00e9n, szombaton, 15.30 \u00f3rakor.<br \/>\n&#8211; 2026. febru\u00e1r 21-\u00e9n, szombaton, 15.30 \u00f3rakor.<br \/>\n&#8211; 2026. m\u00e1rcius 21-\u00e9n, szombaton, 15.30 \u00f3rakor.<br \/>\n&#8211; 2026. \u00e1prilis 18-\u00e1n, szombaton, 15.30 \u00f3rakor.<br \/>\n&#8211; 2026. m\u00e1jus 16-\u00e1n, szombaton, 15.30 \u00f3rakor.<br \/>\n&#8211; 2026. j\u00fanius 20-\u00e1n, szombaton, 14.00 \u00f3rakor motorszentel\u00e9s!!!<br \/>\n&#8211; 2026. szeptember 19-\u00e9n, szombaton, 15.30 \u00f3rakor. Ez alkalommal a helyi k\u00f6z\u00f6ss\u00e9g b\u00facs\u00fa\u00fcnnep\u00e9t is tartjuk. Szent Istv\u00e1n kir\u00e1lyunkat k\u00f6sz\u00f6ntj\u00fck.<br \/>\n&#8211; 2026. okt\u00f3ber 17-\u00e9n, szombaton, 15.30 \u00f3rakor.<br \/>\n&#8211; 2026. november 28-\u00e1n, szombaton, 15.30 \u00f3rakor.<br \/>\n&#8211; 2026. december 19-\u00e9n, szombaton, 15.30 \u00f3rakor.<br \/>\nMindenkit szeretettel v\u00e1runk! <\/div>[\/vc_column][\/vc_row][vc_row][vc_column width=&#8221;1\/2&#8243;]<article class=\"icon-box6\" ><i class=\"fa-institution\" style=\"\"><\/i><h4>A szentmise helye<\/h4><p>89518 Heidenheim an der Brenz, Verdi Str. 13<br \/>\nDreifaltigkeitskirche<\/p><\/article>[\/vc_column][vc_column width=&#8221;1\/2&#8243;]<article class=\"icon-box6\" ><i class=\"fa-clock-o\" style=\"\"><\/i><h4>A szentmise ideje<\/h4><p>A h\u00f3nap III. szombatj\u00e1n, 15.30 \u00f3rakor<\/p><\/article>[\/vc_column][\/vc_row][vc_row][vc_column width=&#8221;1\/2&#8243;][vc_column_text]<strong>Templomb\u00facs\u00fa:<\/strong><\/p>\n<p><strong>Leg\u00e1tusok: <\/strong>Barsy-Szab\u00f3 Brigitta &amp; Zsolt<\/p>\n<p><strong>Tud\u00f3s\u00edt\u00f3: <\/strong>Megyeri Andrea<\/p>\n<p><strong>Sekresty\u00e9s:<\/strong> Cs\u00e1k\u00e1ny J\u00f3zsef<\/p>\n<p><strong>Orgonista:<\/strong><\/p>\n<p><strong>Felolvas\u00f3k: <\/strong>Major Andr\u00e1s \u00e9s Megyeri Andrea<\/p>\n<p><strong>Ministr\u00e1nsok:<\/strong>[\/vc_column_text][\/vc_column][vc_column width=&#8221;1\/2&#8243;][vc_single_image image=&#8221;11280&#8243; img_size=&#8221;full&#8221; css_animation=&#8221;appear&#8221;][\/vc_column][\/vc_row][vc_row][vc_column][vc_column_text]\t\n\t<!-- Start Google Routeplanner Plugin Output -->\n<script type=\"text\/javascript\">var destination_6 = '89522 Heidenheim a.d. Brenz Verdistrasse 13';\nvar map_width_6 = 500;\nvar map_width_unit_6 = 'px';\nvar map_height_6 = 400;\nvar map_height_unit_6 = 'px';\nvar zoom_6 = 8;\nvar map_type_6 = 'ROADMAP';\nvar zoom_control_6 = 'DEFAULT';\nvar pan_control_6 = 'true';\nvar type_control_6 = 'DEFAULT';\nvar autofill_6 = 0;\n<\/script><script type=\"text\/javascript\" src=\"https:\/\/maps.google.com\/maps\/api\/js?key=AIzaSyBmVkXxjKe2a8kb5bMMLBl9SFVrvttFrU8&amp;language=hu\"><\/script>\n<script type=\"text\/javascript\" src=\"https:\/\/stuttgarti-katolikusok.de\/wp-content\/plugins\/google-routeplaner\/google-routeplaner-main-js.php?plan_id=6\"><\/script>\n<form action=\"#\" onsubmit=\"calcRoute6(); return false\">\n\t <div id=\"map_controls6\" class=\"google_map_controls\"><label for=\"fromAddress6\">Indul\u00e1s helye<\/label> <input type=\"text\" size=\"25\" id=\"fromAddress6\" name=\"from\" value=\"\"\/><input name=\"calc\" type=\"submit\" value=\"\u00datvonal mutat\u00e1sa\" \/><\/div>\n\t <div id=\"map_canvas6\" class=\"google_map_canvas\" style=\"overflow: hidden; width: 500px; height: 400px;\"><\/div>\n\t <div id=\"map_directions6\" class=\"google_map_directions\"><\/div>\n\t<\/form>\n<script type=\"text\/javascript\" src=\"https:\/\/stuttgarti-katolikusok.de\/wp-content\/plugins\/google-routeplaner\/google-routeplaner-js.php?plan_id=6&autofill=0\"><\/script>\n<!-- End Google Routeplanner Plugin Output --><p>\n[\/vc_column_text][\/vc_column][\/vc_row]\n<\/div>","protected":false},"excerpt":{"rendered":"<p>[vc_row][vc_column][\/vc_column][\/vc_row][vc_row][vc_column width=&#8221;1\/2&#8243;][\/vc_column][vc_column width=&#8221;1\/2&#8243;][\/vc_column][\/vc_row][vc_row][vc_column width=&#8221;1\/2&#8243;][vc_column_text]Templomb\u00facs\u00fa: Leg\u00e1tusok: Barsy-Szab\u00f3 Brigitta &amp; Zsolt Tud\u00f3s\u00edt\u00f3: Megyeri Andrea Sekresty\u00e9s: Cs\u00e1k\u00e1ny J\u00f3zsef Orgonista: Felolvas\u00f3k: Major Andr\u00e1s \u00e9s Megyeri Andrea Ministr\u00e1nsok:[\/vc_column_text][\/vc_column][vc_column width=&#8221;1\/2&#8243;][vc_single_image image=&#8221;11280&#8243; img_size=&#8221;full&#8221; css_animation=&#8221;appear&#8221;][\/vc_column][\/vc_row][vc_row][vc_column][vc_column_text] Indul\u00e1s helye [\/vc_column_text][\/vc_column][\/vc_row]<\/p>\n","protected":false},"author":7,"featured_media":0,"parent":0,"menu_order":0,"comment_status":"closed","ping_status":"closed","template":"","meta":{"footnotes":""},"class_list":["post-7873","page","type-page","status-publish","hentry"],"yoast_head":"<!-- This site is optimized with the Yoast SEO plugin v27.3 - https:\/\/yoast.com\/product\/yoast-seo-wordpress\/ -->\n<title>Heidenheim an der Brenz - Stuttgarti Katolikusok<\/title>\n<meta name=\"robots\" content=\"index, follow, max-snippet:-1, max-image-preview:large, max-video-preview:-1\" \/>\n<link rel=\"canonical\" href=\"https:\/\/stuttgarti-katolikusok.de\/index.php\/heidenheim\/\" \/>\n<meta property=\"og:locale\" content=\"hu_HU\" \/>\n<meta property=\"og:type\" content=\"article\" \/>\n<meta property=\"og:title\" content=\"Heidenheim an der Brenz - Stuttgarti Katolikusok\" \/>\n<meta property=\"og:description\" content=\"[vc_row][vc_column][\/vc_column][\/vc_row][vc_row][vc_column width=&#8221;1\/2&#8243;][\/vc_column][vc_column width=&#8221;1\/2&#8243;][\/vc_column][\/vc_row][vc_row][vc_column width=&#8221;1\/2&#8243;][vc_column_text]Templomb\u00facs\u00fa: Leg\u00e1tusok: Barsy-Szab\u00f3 Brigitta &amp; Zsolt Tud\u00f3s\u00edt\u00f3: Megyeri Andrea Sekresty\u00e9s: Cs\u00e1k\u00e1ny J\u00f3zsef Orgonista: Felolvas\u00f3k: Major Andr\u00e1s \u00e9s Megyeri Andrea Ministr\u00e1nsok:[\/vc_column_text][\/vc_column][vc_column width=&#8221;1\/2&#8243;][vc_single_image image=&#8221;11280&#8243; img_size=&#8221;full&#8221; css_animation=&#8221;appear&#8221;][\/vc_column][\/vc_row][vc_row][vc_column][vc_column_text] Indul\u00e1s helye [\/vc_column_text][\/vc_column][\/vc_row]\" \/>\n<meta property=\"og:url\" content=\"https:\/\/stuttgarti-katolikusok.de\/index.php\/heidenheim\/\" \/>\n<meta property=\"og:site_name\" content=\"Stuttgarti Katolikusok\" \/>\n<meta property=\"article:modified_time\" content=\"2026-02-12T22:43:03+00:00\" \/>\n<meta name=\"twitter:card\" content=\"summary_large_image\" \/>\n<meta name=\"twitter:label1\" content=\"Becs\u00fclt olvas\u00e1si id\u0151\" \/>\n\t<meta name=\"twitter:data1\" content=\"1 perc\" \/>\n<script type=\"application\/ld+json\" class=\"yoast-schema-graph\">{\"@context\":\"https:\\\/\\\/schema.org\",\"@graph\":[{\"@type\":\"WebPage\",\"@id\":\"https:\\\/\\\/stuttgarti-katolikusok.de\\\/index.php\\\/heidenheim\\\/\",\"url\":\"https:\\\/\\\/stuttgarti-katolikusok.de\\\/index.php\\\/heidenheim\\\/\",\"name\":\"Heidenheim an der Brenz - Stuttgarti Katolikusok\",\"isPartOf\":{\"@id\":\"https:\\\/\\\/stuttgarti-katolikusok.de\\\/#website\"},\"datePublished\":\"2015-11-29T14:24:14+00:00\",\"dateModified\":\"2026-02-12T22:43:03+00:00\",\"breadcrumb\":{\"@id\":\"https:\\\/\\\/stuttgarti-katolikusok.de\\\/index.php\\\/heidenheim\\\/#breadcrumb\"},\"inLanguage\":\"hu\",\"potentialAction\":[{\"@type\":\"ReadAction\",\"target\":[\"https:\\\/\\\/stuttgarti-katolikusok.de\\\/index.php\\\/heidenheim\\\/\"]}]},{\"@type\":\"BreadcrumbList\",\"@id\":\"https:\\\/\\\/stuttgarti-katolikusok.de\\\/index.php\\\/heidenheim\\\/#breadcrumb\",\"itemListElement\":[{\"@type\":\"ListItem\",\"position\":1,\"name\":\"Kezd\u0151lap\",\"item\":\"https:\\\/\\\/stuttgarti-katolikusok.de\\\/\"},{\"@type\":\"ListItem\",\"position\":2,\"name\":\"Heidenheim an der Brenz\"}]},{\"@type\":\"WebSite\",\"@id\":\"https:\\\/\\\/stuttgarti-katolikusok.de\\\/#website\",\"url\":\"https:\\\/\\\/stuttgarti-katolikusok.de\\\/\",\"name\":\"Stuttgarti Katolikusok\",\"description\":\"\",\"potentialAction\":[{\"@type\":\"SearchAction\",\"target\":{\"@type\":\"EntryPoint\",\"urlTemplate\":\"https:\\\/\\\/stuttgarti-katolikusok.de\\\/?s={search_term_string}\"},\"query-input\":{\"@type\":\"PropertyValueSpecification\",\"valueRequired\":true,\"valueName\":\"search_term_string\"}}],\"inLanguage\":\"hu\"}]}<\/script>\n<!-- \/ Yoast SEO plugin. -->","yoast_head_json":{"title":"Heidenheim an der Brenz - Stuttgarti Katolikusok","robots":{"index":"index","follow":"follow","max-snippet":"max-snippet:-1","max-image-preview":"max-image-preview:large","max-video-preview":"max-video-preview:-1"},"canonical":"https:\/\/stuttgarti-katolikusok.de\/index.php\/heidenheim\/","og_locale":"hu_HU","og_type":"article","og_title":"Heidenheim an der Brenz - Stuttgarti Katolikusok","og_description":"[vc_row][vc_column][\/vc_column][\/vc_row][vc_row][vc_column width=&#8221;1\/2&#8243;][\/vc_column][vc_column width=&#8221;1\/2&#8243;][\/vc_column][\/vc_row][vc_row][vc_column width=&#8221;1\/2&#8243;][vc_column_text]Templomb\u00facs\u00fa: Leg\u00e1tusok: Barsy-Szab\u00f3 Brigitta &amp; Zsolt Tud\u00f3s\u00edt\u00f3: Megyeri Andrea Sekresty\u00e9s: Cs\u00e1k\u00e1ny J\u00f3zsef Orgonista: Felolvas\u00f3k: Major Andr\u00e1s \u00e9s Megyeri Andrea Ministr\u00e1nsok:[\/vc_column_text][\/vc_column][vc_column width=&#8221;1\/2&#8243;][vc_single_image image=&#8221;11280&#8243; img_size=&#8221;full&#8221; css_animation=&#8221;appear&#8221;][\/vc_column][\/vc_row][vc_row][vc_column][vc_column_text] Indul\u00e1s helye [\/vc_column_text][\/vc_column][\/vc_row]","og_url":"https:\/\/stuttgarti-katolikusok.de\/index.php\/heidenheim\/","og_site_name":"Stuttgarti Katolikusok","article_modified_time":"2026-02-12T22:43:03+00:00","twitter_card":"summary_large_image","twitter_misc":{"Becs\u00fclt olvas\u00e1si id\u0151":"1 perc"},"schema":{"@context":"https:\/\/schema.org","@graph":[{"@type":"WebPage","@id":"https:\/\/stuttgarti-katolikusok.de\/index.php\/heidenheim\/","url":"https:\/\/stuttgarti-katolikusok.de\/index.php\/heidenheim\/","name":"Heidenheim an der Brenz - Stuttgarti Katolikusok","isPartOf":{"@id":"https:\/\/stuttgarti-katolikusok.de\/#website"},"datePublished":"2015-11-29T14:24:14+00:00","dateModified":"2026-02-12T22:43:03+00:00","breadcrumb":{"@id":"https:\/\/stuttgarti-katolikusok.de\/index.php\/heidenheim\/#breadcrumb"},"inLanguage":"hu","potentialAction":[{"@type":"ReadAction","target":["https:\/\/stuttgarti-katolikusok.de\/index.php\/heidenheim\/"]}]},{"@type":"BreadcrumbList","@id":"https:\/\/stuttgarti-katolikusok.de\/index.php\/heidenheim\/#breadcrumb","itemListElement":[{"@type":"ListItem","position":1,"name":"Kezd\u0151lap","item":"https:\/\/stuttgarti-katolikusok.de\/"},{"@type":"ListItem","position":2,"name":"Heidenheim an der Brenz"}]},{"@type":"WebSite","@id":"https:\/\/stuttgarti-katolikusok.de\/#website","url":"https:\/\/stuttgarti-katolikusok.de\/","name":"Stuttgarti Katolikusok","description":"","potentialAction":[{"@type":"SearchAction","target":{"@type":"EntryPoint","urlTemplate":"https:\/\/stuttgarti-katolikusok.de\/?s={search_term_string}"},"query-input":{"@type":"PropertyValueSpecification","valueRequired":true,"valueName":"search_term_string"}}],"inLanguage":"hu"}]}},"_links":{"self":[{"href":"https:\/\/stuttgarti-katolikusok.de\/index.php\/wp-json\/wp\/v2\/pages\/7873","targetHints":{"allow":["GET"]}}],"collection":[{"href":"https:\/\/stuttgarti-katolikusok.de\/index.php\/wp-json\/wp\/v2\/pages"}],"about":[{"href":"https:\/\/stuttgarti-katolikusok.de\/index.php\/wp-json\/wp\/v2\/types\/page"}],"author":[{"embeddable":true,"href":"https:\/\/stuttgarti-katolikusok.de\/index.php\/wp-json\/wp\/v2\/users\/7"}],"replies":[{"embeddable":true,"href":"https:\/\/stuttgarti-katolikusok.de\/index.php\/wp-json\/wp\/v2\/comments?post=7873"}],"version-history":[{"count":113,"href":"https:\/\/stuttgarti-katolikusok.de\/index.php\/wp-json\/wp\/v2\/pages\/7873\/revisions"}],"predecessor-version":[{"id":32625,"href":"https:\/\/stuttgarti-katolikusok.de\/index.php\/wp-json\/wp\/v2\/pages\/7873\/revisions\/32625"}],"wp:attachment":[{"href":"https:\/\/stuttgarti-katolikusok.de\/index.php\/wp-json\/wp\/v2\/media?parent=7873"}],"curies":[{"name":"wp","href":"https:\/\/api.w.org\/{rel}","templated":true}]}}