{"id":7869,"date":"2015-11-29T14:22:40","date_gmt":"2015-11-29T14:22:40","guid":{"rendered":"https:\/\/gracious-dewdney.138-201-221-2.plesk.page\/?page_id=7869"},"modified":"2026-02-12T15:46:53","modified_gmt":"2026-02-12T14:46:53","slug":"eislingen","status":"publish","type":"page","link":"https:\/\/stuttgarti-katolikusok.de\/index.php\/eislingen\/","title":{"rendered":"Eislingen"},"content":{"rendered":"<div class=\"wpb-content-wrapper\">[vc_row][vc_column]<div class=\"alert alert-info\">Szentmis\u00e9k a 2026-os esztend\u0151ben:<br \/>\n&#8211; 2026. janu\u00e1r 25-\u00e9n, vas\u00e1rnap, 15.00 \u00f3rakor.<br \/>\n&#8211; 2026. febru\u00e1r 22-\u00e9n, vas\u00e1rnap, 15.00 \u00f3rakor.<br \/>\n&#8211; 2026. m\u00e1rcius 22-\u00e9n, vas\u00e1rnap, 15.00 \u00f3rakor.<br \/>\n&#8211; 2026. \u00e1prilis 26-\u00e1n, vas\u00e1rnap, 15.00 \u00f3rakor.<br \/>\n&#8211; 2026. m\u00e1jus 31-\u00e9n, vas\u00e1rnap, 15.00 \u00f3rakor.<br \/>\n&#8211; 2026. j\u00fanius 28-\u00e1n, vas\u00e1rnap, 15.00 \u00f3rakor.<br \/>\n&#8211; 2026. szeptember 27-\u00e9n, vas\u00e1rnap, 15.00 \u00f3rakor.<br \/>\n&#8211; 2026. okt\u00f3ber 25-\u00e9n, vas\u00e1rnap, 15.00 \u00f3rakor.<br \/>\n&#8211; 2026. november 22-\u00e9n. vas\u00e1rnap, 15.00 \u00f3rakor.<br \/>\n&#8211; 2026. december 27-\u00e9n, Szent Csal\u00e1d vas\u00e1rnapj\u00e1n, 15.00 \u00f3rakor.<br \/>\nSzeretettel v\u00e1runk mindenkit Eislingenb\u0151l \u00e9s k\u00f6rny\u00e9k\u00e9r\u0151l!<\/div>[\/vc_column][\/vc_row][vc_row][vc_column width=&#8221;1\/2&#8243;]<article class=\"icon-box6\" ><i class=\"fa-institution\" style=\"\"><\/i><h4>A szentmise helye<\/h4><p>73054 Eislingen\/Fils, Eberhardt Str. 30<br \/>\nLiebfrauen Kirche<\/p><\/article>[\/vc_column][vc_column width=&#8221;1\/2&#8243;]<article class=\"icon-box6\" ><i class=\"fa-clock-o\" style=\"\"><\/i><h4>A szentmise ideje<\/h4><p>A h\u00f3nap IV. vas\u00e1rnapj\u00e1n, 15.00 \u00f3rakor.<\/p><\/article>[\/vc_column][\/vc_row][vc_row][vc_column width=&#8221;1\/2&#8243;][vc_column_text]<strong>Templomb\u00facs\u00fa:<\/strong>\u00a0Sk\u00f3ciai Szent Margit &#8211; november 16<\/p>\n<p><strong>Leg\u00e1tus:<\/strong> Kinczel L\u00e1szl\u00f3&amp;Monika \u00e9s Szegi Hajnalka<\/p>\n<p><strong>Tud\u00f3s\u00edt\u00f3:<\/strong> Szegi Hajnalka, Szegi Oszk\u00e1r<\/p>\n<p><strong>Sekresty\u00e9s:<\/strong> Pfeffer Christine<\/p>\n<p><strong>Orgonista:\u00a0<\/strong>Csir\u00e1k M\u00e1ria<\/p>\n<p><strong>Felolvas\u00f3k:<\/strong> Kinczel L\u00e1szl\u00f3 \u00e9s Monika, Szegi Oszk\u00e1r \u00e9s Hajnalka<\/p>\n<p><strong>Ministr\u00e1nsok:\u00a0<\/strong>Pfeffer Christine[\/vc_column_text][\/vc_column][vc_column width=&#8221;1\/2&#8243;][vc_single_image image=&#8221;10864&#8243; img_size=&#8221;full&#8221; css_animation=&#8221;appear&#8221;][\/vc_column][\/vc_row][vc_row][vc_column][vc_column_text]\t\n\t<!-- Start Google Routeplanner Plugin Output -->\n<script type=\"text\/javascript\">var destination_7 = '73054 Eislingen\/Fils Eberhardtstrasse 30';\nvar map_width_7 = 500;\nvar map_width_unit_7 = 'px';\nvar map_height_7 = 400;\nvar map_height_unit_7 = 'px';\nvar zoom_7 = 8;\nvar map_type_7 = 'ROADMAP';\nvar zoom_control_7 = 'DEFAULT';\nvar pan_control_7 = 'true';\nvar type_control_7 = 'DEFAULT';\nvar autofill_7 = 0;\n<\/script><script type=\"text\/javascript\" src=\"https:\/\/maps.google.com\/maps\/api\/js?key=AIzaSyBmVkXxjKe2a8kb5bMMLBl9SFVrvttFrU8&amp;language=hu\"><\/script>\n<script type=\"text\/javascript\" src=\"https:\/\/stuttgarti-katolikusok.de\/wp-content\/plugins\/google-routeplaner\/google-routeplaner-main-js.php?plan_id=7\"><\/script>\n<form action=\"#\" onsubmit=\"calcRoute7(); return false\">\n\t <div id=\"map_controls7\" class=\"google_map_controls\"><label for=\"fromAddress7\">Indul\u00e1s helye<\/label> <input type=\"text\" size=\"25\" id=\"fromAddress7\" name=\"from\" value=\"\"\/><input name=\"calc\" type=\"submit\" value=\"\u00datvonal mutat\u00e1sa\" \/><\/div>\n\t <div id=\"map_canvas7\" class=\"google_map_canvas\" style=\"overflow: hidden; width: 500px; height: 400px;\"><\/div>\n\t <div id=\"map_directions7\" class=\"google_map_directions\"><\/div>\n\t<\/form>\n<script type=\"text\/javascript\" src=\"https:\/\/stuttgarti-katolikusok.de\/wp-content\/plugins\/google-routeplaner\/google-routeplaner-js.php?plan_id=7&autofill=0\"><\/script>\n<!-- End Google Routeplanner Plugin Output --><p>\n[\/vc_column_text][\/vc_column][\/vc_row]\n<\/div>","protected":false},"excerpt":{"rendered":"<p>[vc_row][vc_column][\/vc_column][\/vc_row][vc_row][vc_column width=&#8221;1\/2&#8243;][\/vc_column][vc_column width=&#8221;1\/2&#8243;][\/vc_column][\/vc_row][vc_row][vc_column width=&#8221;1\/2&#8243;][vc_column_text]Templomb\u00facs\u00fa:\u00a0Sk\u00f3ciai Szent Margit &#8211; november 16 Leg\u00e1tus: Kinczel L\u00e1szl\u00f3&amp;Monika \u00e9s Szegi Hajnalka Tud\u00f3s\u00edt\u00f3: Szegi Hajnalka, Szegi Oszk\u00e1r Sekresty\u00e9s: Pfeffer Christine Orgonista:\u00a0Csir\u00e1k M\u00e1ria Felolvas\u00f3k: Kinczel L\u00e1szl\u00f3 \u00e9s Monika, Szegi Oszk\u00e1r \u00e9s Hajnalka Ministr\u00e1nsok:\u00a0Pfeffer Christine[\/vc_column_text][\/vc_column][vc_column width=&#8221;1\/2&#8243;][vc_single_image image=&#8221;10864&#8243; img_size=&#8221;full&#8221; css_animation=&#8221;appear&#8221;][\/vc_column][\/vc_row][vc_row][vc_column][vc_column_text] Indul\u00e1s helye [\/vc_column_text][\/vc_column][\/vc_row]<\/p>\n","protected":false},"author":7,"featured_media":0,"parent":0,"menu_order":0,"comment_status":"closed","ping_status":"closed","template":"","meta":{"footnotes":""},"class_list":["post-7869","page","type-page","status-publish","hentry"],"yoast_head":"<!-- This site is optimized with the Yoast SEO plugin v27.3 - https:\/\/yoast.com\/product\/yoast-seo-wordpress\/ -->\n<title>Eislingen - Stuttgarti Katolikusok<\/title>\n<meta name=\"robots\" content=\"index, follow, max-snippet:-1, max-image-preview:large, max-video-preview:-1\" \/>\n<link rel=\"canonical\" href=\"https:\/\/stuttgarti-katolikusok.de\/index.php\/eislingen\/\" \/>\n<meta property=\"og:locale\" content=\"hu_HU\" \/>\n<meta property=\"og:type\" content=\"article\" \/>\n<meta property=\"og:title\" content=\"Eislingen - Stuttgarti Katolikusok\" \/>\n<meta property=\"og:description\" content=\"[vc_row][vc_column][\/vc_column][\/vc_row][vc_row][vc_column width=&#8221;1\/2&#8243;][\/vc_column][vc_column width=&#8221;1\/2&#8243;][\/vc_column][\/vc_row][vc_row][vc_column width=&#8221;1\/2&#8243;][vc_column_text]Templomb\u00facs\u00fa:\u00a0Sk\u00f3ciai Szent Margit &#8211; november 16 Leg\u00e1tus: Kinczel L\u00e1szl\u00f3&amp;Monika \u00e9s Szegi Hajnalka Tud\u00f3s\u00edt\u00f3: Szegi Hajnalka, Szegi Oszk\u00e1r Sekresty\u00e9s: Pfeffer Christine Orgonista:\u00a0Csir\u00e1k M\u00e1ria Felolvas\u00f3k: Kinczel L\u00e1szl\u00f3 \u00e9s Monika, Szegi Oszk\u00e1r \u00e9s Hajnalka Ministr\u00e1nsok:\u00a0Pfeffer Christine[\/vc_column_text][\/vc_column][vc_column width=&#8221;1\/2&#8243;][vc_single_image image=&#8221;10864&#8243; img_size=&#8221;full&#8221; css_animation=&#8221;appear&#8221;][\/vc_column][\/vc_row][vc_row][vc_column][vc_column_text] Indul\u00e1s helye [\/vc_column_text][\/vc_column][\/vc_row]\" \/>\n<meta property=\"og:url\" content=\"https:\/\/stuttgarti-katolikusok.de\/index.php\/eislingen\/\" \/>\n<meta property=\"og:site_name\" content=\"Stuttgarti Katolikusok\" \/>\n<meta property=\"article:modified_time\" content=\"2026-02-12T14:46:53+00:00\" \/>\n<meta name=\"twitter:card\" content=\"summary_large_image\" \/>\n<meta name=\"twitter:label1\" content=\"Becs\u00fclt olvas\u00e1si id\u0151\" \/>\n\t<meta name=\"twitter:data1\" content=\"1 perc\" \/>\n<script type=\"application\/ld+json\" class=\"yoast-schema-graph\">{\"@context\":\"https:\\\/\\\/schema.org\",\"@graph\":[{\"@type\":\"WebPage\",\"@id\":\"https:\\\/\\\/stuttgarti-katolikusok.de\\\/index.php\\\/eislingen\\\/\",\"url\":\"https:\\\/\\\/stuttgarti-katolikusok.de\\\/index.php\\\/eislingen\\\/\",\"name\":\"Eislingen - Stuttgarti Katolikusok\",\"isPartOf\":{\"@id\":\"https:\\\/\\\/stuttgarti-katolikusok.de\\\/#website\"},\"datePublished\":\"2015-11-29T14:22:40+00:00\",\"dateModified\":\"2026-02-12T14:46:53+00:00\",\"breadcrumb\":{\"@id\":\"https:\\\/\\\/stuttgarti-katolikusok.de\\\/index.php\\\/eislingen\\\/#breadcrumb\"},\"inLanguage\":\"hu\",\"potentialAction\":[{\"@type\":\"ReadAction\",\"target\":[\"https:\\\/\\\/stuttgarti-katolikusok.de\\\/index.php\\\/eislingen\\\/\"]}]},{\"@type\":\"BreadcrumbList\",\"@id\":\"https:\\\/\\\/stuttgarti-katolikusok.de\\\/index.php\\\/eislingen\\\/#breadcrumb\",\"itemListElement\":[{\"@type\":\"ListItem\",\"position\":1,\"name\":\"Kezd\u0151lap\",\"item\":\"https:\\\/\\\/stuttgarti-katolikusok.de\\\/\"},{\"@type\":\"ListItem\",\"position\":2,\"name\":\"Eislingen\"}]},{\"@type\":\"WebSite\",\"@id\":\"https:\\\/\\\/stuttgarti-katolikusok.de\\\/#website\",\"url\":\"https:\\\/\\\/stuttgarti-katolikusok.de\\\/\",\"name\":\"Stuttgarti Katolikusok\",\"description\":\"\",\"potentialAction\":[{\"@type\":\"SearchAction\",\"target\":{\"@type\":\"EntryPoint\",\"urlTemplate\":\"https:\\\/\\\/stuttgarti-katolikusok.de\\\/?s={search_term_string}\"},\"query-input\":{\"@type\":\"PropertyValueSpecification\",\"valueRequired\":true,\"valueName\":\"search_term_string\"}}],\"inLanguage\":\"hu\"}]}<\/script>\n<!-- \/ Yoast SEO plugin. -->","yoast_head_json":{"title":"Eislingen - Stuttgarti Katolikusok","robots":{"index":"index","follow":"follow","max-snippet":"max-snippet:-1","max-image-preview":"max-image-preview:large","max-video-preview":"max-video-preview:-1"},"canonical":"https:\/\/stuttgarti-katolikusok.de\/index.php\/eislingen\/","og_locale":"hu_HU","og_type":"article","og_title":"Eislingen - Stuttgarti Katolikusok","og_description":"[vc_row][vc_column][\/vc_column][\/vc_row][vc_row][vc_column width=&#8221;1\/2&#8243;][\/vc_column][vc_column width=&#8221;1\/2&#8243;][\/vc_column][\/vc_row][vc_row][vc_column width=&#8221;1\/2&#8243;][vc_column_text]Templomb\u00facs\u00fa:\u00a0Sk\u00f3ciai Szent Margit &#8211; november 16 Leg\u00e1tus: Kinczel L\u00e1szl\u00f3&amp;Monika \u00e9s Szegi Hajnalka Tud\u00f3s\u00edt\u00f3: Szegi Hajnalka, Szegi Oszk\u00e1r Sekresty\u00e9s: Pfeffer Christine Orgonista:\u00a0Csir\u00e1k M\u00e1ria Felolvas\u00f3k: Kinczel L\u00e1szl\u00f3 \u00e9s Monika, Szegi Oszk\u00e1r \u00e9s Hajnalka Ministr\u00e1nsok:\u00a0Pfeffer Christine[\/vc_column_text][\/vc_column][vc_column width=&#8221;1\/2&#8243;][vc_single_image image=&#8221;10864&#8243; img_size=&#8221;full&#8221; css_animation=&#8221;appear&#8221;][\/vc_column][\/vc_row][vc_row][vc_column][vc_column_text] Indul\u00e1s helye [\/vc_column_text][\/vc_column][\/vc_row]","og_url":"https:\/\/stuttgarti-katolikusok.de\/index.php\/eislingen\/","og_site_name":"Stuttgarti Katolikusok","article_modified_time":"2026-02-12T14:46:53+00:00","twitter_card":"summary_large_image","twitter_misc":{"Becs\u00fclt olvas\u00e1si id\u0151":"1 perc"},"schema":{"@context":"https:\/\/schema.org","@graph":[{"@type":"WebPage","@id":"https:\/\/stuttgarti-katolikusok.de\/index.php\/eislingen\/","url":"https:\/\/stuttgarti-katolikusok.de\/index.php\/eislingen\/","name":"Eislingen - Stuttgarti Katolikusok","isPartOf":{"@id":"https:\/\/stuttgarti-katolikusok.de\/#website"},"datePublished":"2015-11-29T14:22:40+00:00","dateModified":"2026-02-12T14:46:53+00:00","breadcrumb":{"@id":"https:\/\/stuttgarti-katolikusok.de\/index.php\/eislingen\/#breadcrumb"},"inLanguage":"hu","potentialAction":[{"@type":"ReadAction","target":["https:\/\/stuttgarti-katolikusok.de\/index.php\/eislingen\/"]}]},{"@type":"BreadcrumbList","@id":"https:\/\/stuttgarti-katolikusok.de\/index.php\/eislingen\/#breadcrumb","itemListElement":[{"@type":"ListItem","position":1,"name":"Kezd\u0151lap","item":"https:\/\/stuttgarti-katolikusok.de\/"},{"@type":"ListItem","position":2,"name":"Eislingen"}]},{"@type":"WebSite","@id":"https:\/\/stuttgarti-katolikusok.de\/#website","url":"https:\/\/stuttgarti-katolikusok.de\/","name":"Stuttgarti Katolikusok","description":"","potentialAction":[{"@type":"SearchAction","target":{"@type":"EntryPoint","urlTemplate":"https:\/\/stuttgarti-katolikusok.de\/?s={search_term_string}"},"query-input":{"@type":"PropertyValueSpecification","valueRequired":true,"valueName":"search_term_string"}}],"inLanguage":"hu"}]}},"_links":{"self":[{"href":"https:\/\/stuttgarti-katolikusok.de\/index.php\/wp-json\/wp\/v2\/pages\/7869","targetHints":{"allow":["GET"]}}],"collection":[{"href":"https:\/\/stuttgarti-katolikusok.de\/index.php\/wp-json\/wp\/v2\/pages"}],"about":[{"href":"https:\/\/stuttgarti-katolikusok.de\/index.php\/wp-json\/wp\/v2\/types\/page"}],"author":[{"embeddable":true,"href":"https:\/\/stuttgarti-katolikusok.de\/index.php\/wp-json\/wp\/v2\/users\/7"}],"replies":[{"embeddable":true,"href":"https:\/\/stuttgarti-katolikusok.de\/index.php\/wp-json\/wp\/v2\/comments?post=7869"}],"version-history":[{"count":103,"href":"https:\/\/stuttgarti-katolikusok.de\/index.php\/wp-json\/wp\/v2\/pages\/7869\/revisions"}],"predecessor-version":[{"id":32623,"href":"https:\/\/stuttgarti-katolikusok.de\/index.php\/wp-json\/wp\/v2\/pages\/7869\/revisions\/32623"}],"wp:attachment":[{"href":"https:\/\/stuttgarti-katolikusok.de\/index.php\/wp-json\/wp\/v2\/media?parent=7869"}],"curies":[{"name":"wp","href":"https:\/\/api.w.org\/{rel}","templated":true}]}}