{"id":7865,"date":"2015-11-29T14:20:01","date_gmt":"2015-11-29T14:20:01","guid":{"rendered":"https:\/\/gracious-dewdney.138-201-221-2.plesk.page\/?page_id=7865"},"modified":"2026-02-12T15:33:03","modified_gmt":"2026-02-12T14:33:03","slug":"biberach","status":"publish","type":"page","link":"https:\/\/stuttgarti-katolikusok.de\/index.php\/biberach\/","title":{"rendered":"Biberach an der Riss"},"content":{"rendered":"<div class=\"wpb-content-wrapper\">[vc_row][vc_column]<div class=\"alert alert-info\">Szentmis\u00e9k 2026-os esztend\u0151ben:<br \/>\n&#8211; 2026. janu\u00e1r 10-\u00e9n, szombaton, 16.45 \u00f3rakor.<br \/>\n&#8211; 2026. febru\u00e1r 14-\u00e9n, szombaton, 16.45 \u00f3rakor.<br \/>\n&#8211; 2026. \u00e1prilis 11-\u00e9n, szombaton, 16.45 \u00f3rakor.<br \/>\n&#8211; 2026. m\u00e1jus 9-\u00e9n, szombaton, 16.45 \u00f3rakor.<br \/>\n&#8211; 2026. j\u00fanius 13-\u00e1n, szombaton, 16.45 \u00f3rakor.<br \/>\n&#8211; 2026. szeptember 12-\u00e9n, szombaton, 16.45 \u00f3rakor.<br \/>\n&#8211; 2026. november 11-\u00e9n, szombaton, 16.45 \u00f3rakor.<br \/>\n&#8211; 2026. december 12-\u00e9n, szombaton, 16.45 \u00f3rakor<br \/>\nMindenkit szeretettel v\u00e1runk! <\/div>[\/vc_column][\/vc_row][vc_row][vc_column width=&#8221;1\/2&#8243;]<article class=\"icon-box6\" ><i class=\"fa-institution\" style=\"\"><\/i><h4>A szentmise helye<\/h4><p>88400 Biberach an der Riss, Mittelbergstra\u00dfe 31.<br \/>\nDreifaltigkeitskirche<\/p><\/article>[\/vc_column][vc_column width=&#8221;1\/2&#8243;]<article class=\"icon-box6\" ><i class=\"fa-clock-o\" style=\"\"><\/i><h4>A szentmise ideje<\/h4><p>A h\u00f3nap II. szombatj\u00e1n, 16.45 \u00f3rakor<\/p><\/article>[\/vc_column][\/vc_row][vc_row][vc_column width=&#8221;1\/2&#8243;][vc_column_text]<strong>Templomb\u00facs\u00fa:<\/strong> \u00c1rp\u00e1d-h\u00e1zi Szent Kinga &#8211; j\u00falius 24<\/p>\n<p><strong><span lang=\"HU\">Leg\u00e1tus:<\/span><\/strong> <span lang=\"HU\">Koz\u00e1n P\u00e1l<\/span><\/p>\n<p><strong><span lang=\"HU\">Sekresty\u00e9s:<\/span><\/strong> <span lang=\"HU\">Koz\u00e1n P\u00e1l<br \/>\n<\/span><\/p>\n<p><strong><span lang=\"HU\">Orgonista:<\/span><\/strong> <span lang=\"HU\">Merkel Ferenc<br \/>\n<\/span><\/p>\n<p><strong><span lang=\"HU\">Felolvas\u00f3k:<\/span><\/strong> <span lang=\"HU\">Schrepler Judit<br \/>\n<\/span><\/p>\n<p><strong><span lang=\"HU\">Ministr\u00e1nsok:<\/span><\/strong>[\/vc_column_text][\/vc_column][vc_column width=&#8221;1\/2&#8243;][vc_single_image image=&#8221;11275&#8243; img_size=&#8221;full&#8221; css_animation=&#8221;appear&#8221;][\/vc_column][\/vc_row][vc_row][vc_column][vc_column_text]\t\n\t<!-- Start Google Routeplanner Plugin Output -->\n<script type=\"text\/javascript\">var destination_11 = '88400 Biberach a.d. Riss 2 Museumgasse';\nvar map_width_11 = 500;\nvar map_width_unit_11 = 'px';\nvar map_height_11 = 400;\nvar map_height_unit_11 = 'px';\nvar zoom_11 = 8;\nvar map_type_11 = 'ROADMAP';\nvar zoom_control_11 = 'DEFAULT';\nvar pan_control_11 = 'true';\nvar type_control_11 = 'DEFAULT';\nvar autofill_11 = 0;\n<\/script><script type=\"text\/javascript\" src=\"https:\/\/maps.google.com\/maps\/api\/js?key=AIzaSyBmVkXxjKe2a8kb5bMMLBl9SFVrvttFrU8&amp;language=hu\"><\/script>\n<script type=\"text\/javascript\" src=\"https:\/\/stuttgarti-katolikusok.de\/wp-content\/plugins\/google-routeplaner\/google-routeplaner-main-js.php?plan_id=11\"><\/script>\n<form action=\"#\" onsubmit=\"calcRoute11(); return false\">\n\t <div id=\"map_controls11\" class=\"google_map_controls\"><label for=\"fromAddress11\">Indul\u00e1s helye<\/label> <input type=\"text\" size=\"25\" id=\"fromAddress11\" name=\"from\" value=\"\"\/><input name=\"calc\" type=\"submit\" value=\"\u00datvonal mutat\u00e1sa\" \/><\/div>\n\t <div id=\"map_canvas11\" class=\"google_map_canvas\" style=\"overflow: hidden; width: 500px; height: 400px;\"><\/div>\n\t <div id=\"map_directions11\" class=\"google_map_directions\"><\/div>\n\t<\/form>\n<script type=\"text\/javascript\" src=\"https:\/\/stuttgarti-katolikusok.de\/wp-content\/plugins\/google-routeplaner\/google-routeplaner-js.php?plan_id=11&autofill=0\"><\/script>\n<!-- End Google Routeplanner Plugin Output --><p>\n[\/vc_column_text][\/vc_column][\/vc_row]\n<\/div>","protected":false},"excerpt":{"rendered":"<p>[vc_row][vc_column][\/vc_column][\/vc_row][vc_row][vc_column width=&#8221;1\/2&#8243;][\/vc_column][vc_column width=&#8221;1\/2&#8243;][\/vc_column][\/vc_row][vc_row][vc_column width=&#8221;1\/2&#8243;][vc_column_text]Templomb\u00facs\u00fa: \u00c1rp\u00e1d-h\u00e1zi Szent Kinga &#8211; j\u00falius 24 Leg\u00e1tus: Koz\u00e1n P\u00e1l Sekresty\u00e9s: Koz\u00e1n P\u00e1l Orgonista: Merkel Ferenc Felolvas\u00f3k: Schrepler Judit Ministr\u00e1nsok:[\/vc_column_text][\/vc_column][vc_column width=&#8221;1\/2&#8243;][vc_single_image image=&#8221;11275&#8243; img_size=&#8221;full&#8221; css_animation=&#8221;appear&#8221;][\/vc_column][\/vc_row][vc_row][vc_column][vc_column_text] Indul\u00e1s helye [\/vc_column_text][\/vc_column][\/vc_row]<\/p>\n","protected":false},"author":7,"featured_media":0,"parent":0,"menu_order":0,"comment_status":"closed","ping_status":"closed","template":"","meta":{"footnotes":""},"class_list":["post-7865","page","type-page","status-publish","hentry"],"yoast_head":"<!-- This site is optimized with the Yoast SEO plugin v27.3 - https:\/\/yoast.com\/product\/yoast-seo-wordpress\/ -->\n<title>Biberach an der Riss - Stuttgarti Katolikusok<\/title>\n<meta name=\"robots\" content=\"index, follow, max-snippet:-1, max-image-preview:large, max-video-preview:-1\" \/>\n<link rel=\"canonical\" href=\"https:\/\/stuttgarti-katolikusok.de\/index.php\/biberach\/\" \/>\n<meta property=\"og:locale\" content=\"hu_HU\" \/>\n<meta property=\"og:type\" content=\"article\" \/>\n<meta property=\"og:title\" content=\"Biberach an der Riss - Stuttgarti Katolikusok\" \/>\n<meta property=\"og:description\" content=\"[vc_row][vc_column][\/vc_column][\/vc_row][vc_row][vc_column width=&#8221;1\/2&#8243;][\/vc_column][vc_column width=&#8221;1\/2&#8243;][\/vc_column][\/vc_row][vc_row][vc_column width=&#8221;1\/2&#8243;][vc_column_text]Templomb\u00facs\u00fa: \u00c1rp\u00e1d-h\u00e1zi Szent Kinga &#8211; j\u00falius 24 Leg\u00e1tus: Koz\u00e1n P\u00e1l Sekresty\u00e9s: Koz\u00e1n P\u00e1l Orgonista: Merkel Ferenc Felolvas\u00f3k: Schrepler Judit Ministr\u00e1nsok:[\/vc_column_text][\/vc_column][vc_column width=&#8221;1\/2&#8243;][vc_single_image image=&#8221;11275&#8243; img_size=&#8221;full&#8221; css_animation=&#8221;appear&#8221;][\/vc_column][\/vc_row][vc_row][vc_column][vc_column_text] Indul\u00e1s helye [\/vc_column_text][\/vc_column][\/vc_row]\" \/>\n<meta property=\"og:url\" content=\"https:\/\/stuttgarti-katolikusok.de\/index.php\/biberach\/\" \/>\n<meta property=\"og:site_name\" content=\"Stuttgarti Katolikusok\" \/>\n<meta property=\"article:modified_time\" content=\"2026-02-12T14:33:03+00:00\" \/>\n<meta name=\"twitter:card\" content=\"summary_large_image\" \/>\n<meta name=\"twitter:label1\" content=\"Becs\u00fclt olvas\u00e1si id\u0151\" \/>\n\t<meta name=\"twitter:data1\" content=\"1 perc\" \/>\n<script type=\"application\/ld+json\" class=\"yoast-schema-graph\">{\"@context\":\"https:\\\/\\\/schema.org\",\"@graph\":[{\"@type\":\"WebPage\",\"@id\":\"https:\\\/\\\/stuttgarti-katolikusok.de\\\/index.php\\\/biberach\\\/\",\"url\":\"https:\\\/\\\/stuttgarti-katolikusok.de\\\/index.php\\\/biberach\\\/\",\"name\":\"Biberach an der Riss - Stuttgarti Katolikusok\",\"isPartOf\":{\"@id\":\"https:\\\/\\\/stuttgarti-katolikusok.de\\\/#website\"},\"datePublished\":\"2015-11-29T14:20:01+00:00\",\"dateModified\":\"2026-02-12T14:33:03+00:00\",\"breadcrumb\":{\"@id\":\"https:\\\/\\\/stuttgarti-katolikusok.de\\\/index.php\\\/biberach\\\/#breadcrumb\"},\"inLanguage\":\"hu\",\"potentialAction\":[{\"@type\":\"ReadAction\",\"target\":[\"https:\\\/\\\/stuttgarti-katolikusok.de\\\/index.php\\\/biberach\\\/\"]}]},{\"@type\":\"BreadcrumbList\",\"@id\":\"https:\\\/\\\/stuttgarti-katolikusok.de\\\/index.php\\\/biberach\\\/#breadcrumb\",\"itemListElement\":[{\"@type\":\"ListItem\",\"position\":1,\"name\":\"Kezd\u0151lap\",\"item\":\"https:\\\/\\\/stuttgarti-katolikusok.de\\\/\"},{\"@type\":\"ListItem\",\"position\":2,\"name\":\"Biberach an der Riss\"}]},{\"@type\":\"WebSite\",\"@id\":\"https:\\\/\\\/stuttgarti-katolikusok.de\\\/#website\",\"url\":\"https:\\\/\\\/stuttgarti-katolikusok.de\\\/\",\"name\":\"Stuttgarti Katolikusok\",\"description\":\"\",\"potentialAction\":[{\"@type\":\"SearchAction\",\"target\":{\"@type\":\"EntryPoint\",\"urlTemplate\":\"https:\\\/\\\/stuttgarti-katolikusok.de\\\/?s={search_term_string}\"},\"query-input\":{\"@type\":\"PropertyValueSpecification\",\"valueRequired\":true,\"valueName\":\"search_term_string\"}}],\"inLanguage\":\"hu\"}]}<\/script>\n<!-- \/ Yoast SEO plugin. -->","yoast_head_json":{"title":"Biberach an der Riss - Stuttgarti Katolikusok","robots":{"index":"index","follow":"follow","max-snippet":"max-snippet:-1","max-image-preview":"max-image-preview:large","max-video-preview":"max-video-preview:-1"},"canonical":"https:\/\/stuttgarti-katolikusok.de\/index.php\/biberach\/","og_locale":"hu_HU","og_type":"article","og_title":"Biberach an der Riss - Stuttgarti Katolikusok","og_description":"[vc_row][vc_column][\/vc_column][\/vc_row][vc_row][vc_column width=&#8221;1\/2&#8243;][\/vc_column][vc_column width=&#8221;1\/2&#8243;][\/vc_column][\/vc_row][vc_row][vc_column width=&#8221;1\/2&#8243;][vc_column_text]Templomb\u00facs\u00fa: \u00c1rp\u00e1d-h\u00e1zi Szent Kinga &#8211; j\u00falius 24 Leg\u00e1tus: Koz\u00e1n P\u00e1l Sekresty\u00e9s: Koz\u00e1n P\u00e1l Orgonista: Merkel Ferenc Felolvas\u00f3k: Schrepler Judit Ministr\u00e1nsok:[\/vc_column_text][\/vc_column][vc_column width=&#8221;1\/2&#8243;][vc_single_image image=&#8221;11275&#8243; img_size=&#8221;full&#8221; css_animation=&#8221;appear&#8221;][\/vc_column][\/vc_row][vc_row][vc_column][vc_column_text] Indul\u00e1s helye [\/vc_column_text][\/vc_column][\/vc_row]","og_url":"https:\/\/stuttgarti-katolikusok.de\/index.php\/biberach\/","og_site_name":"Stuttgarti Katolikusok","article_modified_time":"2026-02-12T14:33:03+00:00","twitter_card":"summary_large_image","twitter_misc":{"Becs\u00fclt olvas\u00e1si id\u0151":"1 perc"},"schema":{"@context":"https:\/\/schema.org","@graph":[{"@type":"WebPage","@id":"https:\/\/stuttgarti-katolikusok.de\/index.php\/biberach\/","url":"https:\/\/stuttgarti-katolikusok.de\/index.php\/biberach\/","name":"Biberach an der Riss - Stuttgarti Katolikusok","isPartOf":{"@id":"https:\/\/stuttgarti-katolikusok.de\/#website"},"datePublished":"2015-11-29T14:20:01+00:00","dateModified":"2026-02-12T14:33:03+00:00","breadcrumb":{"@id":"https:\/\/stuttgarti-katolikusok.de\/index.php\/biberach\/#breadcrumb"},"inLanguage":"hu","potentialAction":[{"@type":"ReadAction","target":["https:\/\/stuttgarti-katolikusok.de\/index.php\/biberach\/"]}]},{"@type":"BreadcrumbList","@id":"https:\/\/stuttgarti-katolikusok.de\/index.php\/biberach\/#breadcrumb","itemListElement":[{"@type":"ListItem","position":1,"name":"Kezd\u0151lap","item":"https:\/\/stuttgarti-katolikusok.de\/"},{"@type":"ListItem","position":2,"name":"Biberach an der Riss"}]},{"@type":"WebSite","@id":"https:\/\/stuttgarti-katolikusok.de\/#website","url":"https:\/\/stuttgarti-katolikusok.de\/","name":"Stuttgarti Katolikusok","description":"","potentialAction":[{"@type":"SearchAction","target":{"@type":"EntryPoint","urlTemplate":"https:\/\/stuttgarti-katolikusok.de\/?s={search_term_string}"},"query-input":{"@type":"PropertyValueSpecification","valueRequired":true,"valueName":"search_term_string"}}],"inLanguage":"hu"}]}},"_links":{"self":[{"href":"https:\/\/stuttgarti-katolikusok.de\/index.php\/wp-json\/wp\/v2\/pages\/7865","targetHints":{"allow":["GET"]}}],"collection":[{"href":"https:\/\/stuttgarti-katolikusok.de\/index.php\/wp-json\/wp\/v2\/pages"}],"about":[{"href":"https:\/\/stuttgarti-katolikusok.de\/index.php\/wp-json\/wp\/v2\/types\/page"}],"author":[{"embeddable":true,"href":"https:\/\/stuttgarti-katolikusok.de\/index.php\/wp-json\/wp\/v2\/users\/7"}],"replies":[{"embeddable":true,"href":"https:\/\/stuttgarti-katolikusok.de\/index.php\/wp-json\/wp\/v2\/comments?post=7865"}],"version-history":[{"count":118,"href":"https:\/\/stuttgarti-katolikusok.de\/index.php\/wp-json\/wp\/v2\/pages\/7865\/revisions"}],"predecessor-version":[{"id":32620,"href":"https:\/\/stuttgarti-katolikusok.de\/index.php\/wp-json\/wp\/v2\/pages\/7865\/revisions\/32620"}],"wp:attachment":[{"href":"https:\/\/stuttgarti-katolikusok.de\/index.php\/wp-json\/wp\/v2\/media?parent=7865"}],"curies":[{"name":"wp","href":"https:\/\/api.w.org\/{rel}","templated":true}]}}