{"id":31001,"date":"2025-05-21T08:10:27","date_gmt":"2025-05-21T06:10:27","guid":{"rendered":"https:\/\/stuttgarti-katolikusok.de\/?page_id=31001"},"modified":"2025-05-22T23:13:30","modified_gmt":"2025-05-22T21:13:30","slug":"csapatunk-2","status":"publish","type":"page","link":"https:\/\/stuttgarti-katolikusok.de\/index.php\/csapatunk-2\/","title":{"rendered":"Szent Gell\u00e9rt Egyh\u00e1zk\u00f6zs\u00e9g"},"content":{"rendered":"<div class=\"wpb-content-wrapper\">[vc_row][vc_column width=&#8221;1\/4&#8243;][\/vc_column][vc_column width=&#8221;1\/2&#8243;]<article class=\"our-team\"><figure><img decoding=\"async\" src=\"https:\/\/stuttgarti-katolikusok.de\/wp-content\/uploads\/2025\/05\/merlas-tibor-atya.jpg\" alt=\"\"><\/figure><figcaption><h2>Merl\u00e1s Tibor<\/h2><h5>Pl\u00e9b\u00e1nos<\/h5><p>Albert-Sch\u00e4ffle-Str. 30, 70186 Stuttgart<br \/>\nTel.: 0711-236-9190<br \/>\nMobil: 01590-653-8681<br \/>\nE-mail: SzentGellert.Stuttgart@drs.de<\/p><\/figcaption><\/article>[\/vc_column][vc_column width=&#8221;1\/4&#8243;][\/vc_column][\/vc_row][vc_row][vc_column width=&#8221;1\/2&#8243;]<article class=\"our-team\"><figure><img decoding=\"async\" src=\"\" alt=\"\"><\/figure><figcaption><h2>D\u00e1vid Melinda \u00e9s Ferenc<\/h2><h5>Titk\u00e1rs\u00e1g<\/h5><p><\/p><\/figcaption><\/article>[\/vc_column][vc_column width=&#8221;1\/2&#8243;]<article class=\"our-team\"><figure><img decoding=\"async\" src=\"https:\/\/stuttgarti-katolikusok.de\/wp-content\/uploads\/2025\/05\/pap-lorant.jpg\" alt=\"\"><\/figure><figcaption><h2>Pap L\u00f3r\u00e1nt-Attila<\/h2><h5>Az Egyh\u00e1zk\u00f6zs\u00e9g technikusa<\/h5><p><\/p><\/figcaption><\/article>[\/vc_column][\/vc_row][vc_row][vc_column][vc_separator css=&#8221;&#8221;][vc_row_inner][vc_column_inner]<div class=\"max-title2\"><h2>Pasztor\u00e1lis Tan\u00e1cs<\/h2><\/div>[\/vc_column_inner][\/vc_row_inner][vc_row_inner][vc_column_inner width=&#8221;1\/3&#8243;]<article class=\"our-team\"><figure><img decoding=\"async\" src=\"https:\/\/stuttgarti-katolikusok.de\/wp-content\/uploads\/2025\/05\/czupper-varaljai-agnes.jpg\" alt=\"\"><\/figure><figcaption><h2>Dr. Czupper-V\u00e1raljai \u00c1gnes<\/h2><h5>Stuttgart<\/h5><p><\/p><\/figcaption><\/article>[\/vc_column_inner][vc_column_inner width=&#8221;1\/3&#8243;]<article class=\"our-team\"><figure><img decoding=\"async\" src=\"https:\/\/stuttgarti-katolikusok.de\/wp-content\/uploads\/2025\/05\/huber-ilona.jpg\" alt=\"\"><\/figure><figcaption><h2>Huber Ilona<\/h2><h5>Stuttgart<\/h5><p><\/p><\/figcaption><\/article>[\/vc_column_inner][vc_column_inner width=&#8221;1\/3&#8243;]<article class=\"our-team\"><figure><img decoding=\"async\" src=\"https:\/\/stuttgarti-katolikusok.de\/wp-content\/uploads\/2025\/05\/roob-katalin-restored.jpg\" alt=\"\"><\/figure><figcaption><h2>Ro\u00f3b Katalin<\/h2><h5>Stuttgart<\/h5><p><\/p><\/figcaption><\/article>[\/vc_column_inner][\/vc_row_inner][vc_row_inner][vc_column_inner width=&#8221;1\/3&#8243;]<article class=\"our-team\"><figure><img decoding=\"async\" src=\"https:\/\/stuttgarti-katolikusok.de\/wp-content\/uploads\/2025\/05\/tepfenhart-istvan.jpg\" alt=\"\"><\/figure><figcaption><h2>Tepfenhart Istv\u00e1n<\/h2><h5>Stuttgart<\/h5><p><\/p><\/figcaption><\/article>[\/vc_column_inner][vc_column_inner width=&#8221;1\/3&#8243;]<article class=\"our-team\"><figure><img decoding=\"async\" src=\"https:\/\/stuttgarti-katolikusok.de\/wp-content\/uploads\/2025\/05\/kolar-tibor.jpg\" alt=\"\"><\/figure><figcaption><h2>Kolar Tibor<\/h2><h5>Balingen<\/h5><p><\/p><\/figcaption><\/article>[\/vc_column_inner][vc_column_inner width=&#8221;1\/3&#8243;]<article class=\"our-team\"><figure><img decoding=\"async\" src=\"https:\/\/stuttgarti-katolikusok.de\/wp-content\/uploads\/2025\/05\/schrepler-jozsef-restored.jpg\" alt=\"\"><\/figure><figcaption><h2>Schrepler J\u00f3zsef<\/h2><h5>Biberach an der Ri\u00df<\/h5><p><\/p><\/figcaption><\/article>[\/vc_column_inner][\/vc_row_inner][vc_row_inner][vc_column_inner width=&#8221;1\/3&#8243;]<article class=\"our-team\"><figure><img decoding=\"async\" src=\"https:\/\/stuttgarti-katolikusok.de\/wp-content\/uploads\/2025\/05\/schultheis-eva.jpg\" alt=\"\"><\/figure><figcaption><h2>Schultheis \u00c9va<\/h2><h5>B\u00f6blingen<\/h5><p><\/p><\/figcaption><\/article>[\/vc_column_inner][vc_column_inner width=&#8221;1\/3&#8243;]<article class=\"our-team\"><figure><img decoding=\"async\" src=\"https:\/\/stuttgarti-katolikusok.de\/wp-content\/uploads\/2025\/05\/szegi-oszkar.jpg\" alt=\"\"><\/figure><figcaption><h2>Szegi Oszk\u00e1r<\/h2><h5>Eislingen<\/h5><p><\/p><\/figcaption><\/article>[\/vc_column_inner][vc_column_inner width=&#8221;1\/3&#8243;]<article class=\"our-team\"><figure><img decoding=\"async\" src=\"https:\/\/stuttgarti-katolikusok.de\/wp-content\/uploads\/2025\/05\/merk-eniko-verbessert-sr-restored.jpg\" alt=\"\"><\/figure><figcaption><h2>Merk Enik\u0151<\/h2><h5>Friedrichshafen<\/h5><p><\/p><\/figcaption><\/article>[\/vc_column_inner][\/vc_row_inner][vc_row_inner][vc_column_inner width=&#8221;1\/3&#8243;]<article class=\"our-team\"><figure><img decoding=\"async\" src=\"https:\/\/stuttgarti-katolikusok.de\/wp-content\/uploads\/2025\/05\/barsy-szabo-brigitta.jpg\" alt=\"\"><\/figure><figcaption><h2>Barsy Szab\u00f3 Brigitta<\/h2><h5>Heidenheim an der Brenz<\/h5><p><\/p><\/figcaption><\/article>[\/vc_column_inner][vc_column_inner width=&#8221;1\/3&#8243;]<article class=\"our-team\"><figure><img decoding=\"async\" src=\"https:\/\/stuttgarti-katolikusok.de\/wp-content\/uploads\/2025\/05\/kobia-tunde.jpg\" alt=\"\"><\/figure><figcaption><h2>Kobia T\u00fcnde<\/h2><h5>Heilbronn-Horkheim<\/h5><p><\/p><\/figcaption><\/article>[\/vc_column_inner][vc_column_inner width=&#8221;1\/3&#8243;]<article class=\"our-team\"><figure><img decoding=\"async\" src=\"https:\/\/stuttgarti-katolikusok.de\/wp-content\/uploads\/2025\/05\/albertus-gabor.jpg\" alt=\"\"><\/figure><figcaption><h2>Albertus G\u00e1bor<\/h2><h5>Ludwigsburg-Hoheneck<\/h5><p><\/p><\/figcaption><\/article>[\/vc_column_inner][\/vc_row_inner][vc_row_inner][vc_column_inner width=&#8221;1\/3&#8243;]<article class=\"our-team\"><figure><img decoding=\"async\" src=\"https:\/\/stuttgarti-katolikusok.de\/wp-content\/uploads\/2025\/05\/heidt-magdolna.jpg\" alt=\"\"><\/figure><figcaption><h2>Heidt Magdolna<\/h2><h5>Munderkingen<\/h5><p><\/p><\/figcaption><\/article>[\/vc_column_inner][vc_column_inner width=&#8221;1\/3&#8243;]<article class=\"our-team\"><figure><img decoding=\"async\" src=\"https:\/\/stuttgarti-katolikusok.de\/wp-content\/uploads\/2025\/05\/denes-hugel-eva.jpg\" alt=\"\"><\/figure><figcaption><h2>D\u00e9nes-H\u00fcgel \u00c9va<\/h2><h5>Reutlingen-Orschel-Hagen<\/h5><p><\/p><\/figcaption><\/article>[\/vc_column_inner][vc_column_inner width=&#8221;1\/3&#8243;]<article class=\"our-team\"><figure><img decoding=\"async\" src=\"https:\/\/stuttgarti-katolikusok.de\/wp-content\/uploads\/2025\/05\/silimon-imre.jpg\" alt=\"\"><\/figure><figcaption><h2>Silimon Imre<\/h2><h5>Schw\u00e4bisch-Gm\u00fcnd<\/h5><p><\/p><\/figcaption><\/article>[\/vc_column_inner][\/vc_row_inner][vc_row_inner][vc_column_inner width=&#8221;1\/3&#8243;]<article class=\"our-team\"><figure><img decoding=\"async\" src=\"https:\/\/stuttgarti-katolikusok.de\/wp-content\/uploads\/2025\/05\/juhasz-adam-katalin.jpg\" alt=\"\"><\/figure><figcaption><h2>Juh\u00e1sz-\u00c1d\u00e1m Katalin<\/h2><h5>Tuttlingen<\/h5><p><\/p><\/figcaption><\/article>[\/vc_column_inner][vc_column_inner width=&#8221;1\/3&#8243;]<article class=\"our-team\"><figure><img decoding=\"async\" src=\"https:\/\/stuttgarti-katolikusok.de\/wp-content\/uploads\/2025\/05\/winkler-olah-szilvia.jpg\" alt=\"\"><\/figure><figcaption><h2>Winkler-Ol\u00e1h Szilvia<\/h2><h5>Ulm<\/h5><p><\/p><\/figcaption><\/article>[\/vc_column_inner][vc_column_inner width=&#8221;1\/3&#8243;]<article class=\"our-team\"><figure><img decoding=\"async\" src=\"https:\/\/stuttgarti-katolikusok.de\/wp-content\/uploads\/2025\/05\/lieb-eva.jpg\" alt=\"\"><\/figure><figcaption><h2>Lieb \u00c9va<\/h2><h5>Weingarten<\/h5><p><\/p><\/figcaption><\/article>[\/vc_column_inner][\/vc_row_inner][vc_row_inner][vc_column_inner width=&#8221;1\/3&#8243;]<article class=\"our-team\"><figure><img decoding=\"async\" src=\"https:\/\/stuttgarti-katolikusok.de\/wp-content\/uploads\/2025\/05\/merk-csaba-verbessert-sr-restored.jpg\" alt=\"\"><\/figure><figcaption><h2>Merk Csaba-Franz<\/h2><h5>Weingarten<\/h5><p><\/p><\/figcaption><\/article>[\/vc_column_inner][vc_column_inner width=&#8221;1\/3&#8243;][\/vc_column_inner][vc_column_inner width=&#8221;1\/3&#8243;][\/vc_column_inner][\/vc_row_inner][\/vc_column][\/vc_row][vc_row][vc_column][vc_separator css=&#8221;&#8221;]<div class=\"max-title1\"><h2>Tiszts\u00e9gek \u00e9s Bizots\u00e1gok<\/h2><\/div>[vc_column_text css=&#8221;&#8221;][\/vc_column_text][\/vc_column][\/vc_row][vc_row][vc_column][vc_column_text css=&#8221;&#8221;]xxx[\/vc_column_text][\/vc_column][\/vc_row]\n<\/div>","protected":false},"excerpt":{"rendered":"<p>[vc_row][vc_column width=&#8221;1\/4&#8243;][\/vc_column][vc_column width=&#8221;1\/2&#8243;][\/vc_column][vc_column width=&#8221;1\/4&#8243;][\/vc_column][\/vc_row][vc_row][vc_column width=&#8221;1\/2&#8243;][\/vc_column][vc_column width=&#8221;1\/2&#8243;][\/vc_column][\/vc_row][vc_row][vc_column][vc_separator css=&#8221;&#8221;][vc_row_inner][vc_column_inner][\/vc_column_inner][\/vc_row_inner][vc_row_inner][vc_column_inner width=&#8221;1\/3&#8243;][\/vc_column_inner][vc_column_inner width=&#8221;1\/3&#8243;][\/vc_column_inner][vc_column_inner width=&#8221;1\/3&#8243;][\/vc_column_inner][\/vc_row_inner][vc_row_inner][vc_column_inner width=&#8221;1\/3&#8243;][\/vc_column_inner][vc_column_inner width=&#8221;1\/3&#8243;][\/vc_column_inner][vc_column_inner width=&#8221;1\/3&#8243;][\/vc_column_inner][\/vc_row_inner][vc_row_inner][vc_column_inner width=&#8221;1\/3&#8243;][\/vc_column_inner][vc_column_inner width=&#8221;1\/3&#8243;][\/vc_column_inner][vc_column_inner width=&#8221;1\/3&#8243;][\/vc_column_inner][\/vc_row_inner][vc_row_inner][vc_column_inner width=&#8221;1\/3&#8243;][\/vc_column_inner][vc_column_inner width=&#8221;1\/3&#8243;][\/vc_column_inner][vc_column_inner width=&#8221;1\/3&#8243;][\/vc_column_inner][\/vc_row_inner][vc_row_inner][vc_column_inner width=&#8221;1\/3&#8243;][\/vc_column_inner][vc_column_inner width=&#8221;1\/3&#8243;][\/vc_column_inner][vc_column_inner width=&#8221;1\/3&#8243;][\/vc_column_inner][\/vc_row_inner][vc_row_inner][vc_column_inner width=&#8221;1\/3&#8243;][\/vc_column_inner][vc_column_inner width=&#8221;1\/3&#8243;][\/vc_column_inner][vc_column_inner width=&#8221;1\/3&#8243;][\/vc_column_inner][\/vc_row_inner][vc_row_inner][vc_column_inner width=&#8221;1\/3&#8243;][\/vc_column_inner][vc_column_inner width=&#8221;1\/3&#8243;][\/vc_column_inner][vc_column_inner width=&#8221;1\/3&#8243;][\/vc_column_inner][\/vc_row_inner][\/vc_column][\/vc_row][vc_row][vc_column][vc_separator css=&#8221;&#8221;][vc_column_text css=&#8221;&#8221;][\/vc_column_text][\/vc_column][\/vc_row][vc_row][vc_column][vc_column_text css=&#8221;&#8221;]xxx[\/vc_column_text][\/vc_column][\/vc_row]<\/p>\n","protected":false},"author":7,"featured_media":0,"parent":0,"menu_order":0,"comment_status":"closed","ping_status":"closed","template":"","meta":{"footnotes":""},"class_list":["post-31001","page","type-page","status-publish","hentry"],"yoast_head":"<!-- This site is optimized with the Yoast SEO plugin v27.3 - https:\/\/yoast.com\/product\/yoast-seo-wordpress\/ -->\n<title>Szent Gell\u00e9rt Egyh\u00e1zk\u00f6zs\u00e9g - Stuttgarti Katolikusok<\/title>\n<meta name=\"robots\" content=\"index, follow, max-snippet:-1, max-image-preview:large, max-video-preview:-1\" \/>\n<link rel=\"canonical\" href=\"https:\/\/stuttgarti-katolikusok.de\/index.php\/csapatunk-2\/\" \/>\n<meta property=\"og:locale\" content=\"hu_HU\" \/>\n<meta property=\"og:type\" content=\"article\" \/>\n<meta property=\"og:title\" content=\"Szent Gell\u00e9rt Egyh\u00e1zk\u00f6zs\u00e9g - Stuttgarti Katolikusok\" \/>\n<meta property=\"og:description\" content=\"[vc_row][vc_column width=&#8221;1\/4&#8243;][\/vc_column][vc_column width=&#8221;1\/2&#8243;][\/vc_column][vc_column width=&#8221;1\/4&#8243;][\/vc_column][\/vc_row][vc_row][vc_column width=&#8221;1\/2&#8243;][\/vc_column][vc_column width=&#8221;1\/2&#8243;][\/vc_column][\/vc_row][vc_row][vc_column][vc_separator css=&#8221;&#8221;][vc_row_inner][vc_column_inner][\/vc_column_inner][\/vc_row_inner][vc_row_inner][vc_column_inner width=&#8221;1\/3&#8243;][\/vc_column_inner][vc_column_inner width=&#8221;1\/3&#8243;][\/vc_column_inner][vc_column_inner width=&#8221;1\/3&#8243;][\/vc_column_inner][\/vc_row_inner][vc_row_inner][vc_column_inner width=&#8221;1\/3&#8243;][\/vc_column_inner][vc_column_inner width=&#8221;1\/3&#8243;][\/vc_column_inner][vc_column_inner width=&#8221;1\/3&#8243;][\/vc_column_inner][\/vc_row_inner][vc_row_inner][vc_column_inner width=&#8221;1\/3&#8243;][\/vc_column_inner][vc_column_inner width=&#8221;1\/3&#8243;][\/vc_column_inner][vc_column_inner width=&#8221;1\/3&#8243;][\/vc_column_inner][\/vc_row_inner][vc_row_inner][vc_column_inner width=&#8221;1\/3&#8243;][\/vc_column_inner][vc_column_inner width=&#8221;1\/3&#8243;][\/vc_column_inner][vc_column_inner width=&#8221;1\/3&#8243;][\/vc_column_inner][\/vc_row_inner][vc_row_inner][vc_column_inner width=&#8221;1\/3&#8243;][\/vc_column_inner][vc_column_inner width=&#8221;1\/3&#8243;][\/vc_column_inner][vc_column_inner width=&#8221;1\/3&#8243;][\/vc_column_inner][\/vc_row_inner][vc_row_inner][vc_column_inner width=&#8221;1\/3&#8243;][\/vc_column_inner][vc_column_inner width=&#8221;1\/3&#8243;][\/vc_column_inner][vc_column_inner width=&#8221;1\/3&#8243;][\/vc_column_inner][\/vc_row_inner][vc_row_inner][vc_column_inner width=&#8221;1\/3&#8243;][\/vc_column_inner][vc_column_inner width=&#8221;1\/3&#8243;][\/vc_column_inner][vc_column_inner width=&#8221;1\/3&#8243;][\/vc_column_inner][\/vc_row_inner][\/vc_column][\/vc_row][vc_row][vc_column][vc_separator css=&#8221;&#8221;][vc_column_text css=&#8221;&#8221;][\/vc_column_text][\/vc_column][\/vc_row][vc_row][vc_column][vc_column_text css=&#8221;&#8221;]xxx[\/vc_column_text][\/vc_column][\/vc_row]\" \/>\n<meta property=\"og:url\" content=\"https:\/\/stuttgarti-katolikusok.de\/index.php\/csapatunk-2\/\" \/>\n<meta property=\"og:site_name\" content=\"Stuttgarti Katolikusok\" \/>\n<meta property=\"article:modified_time\" content=\"2025-05-22T21:13:30+00:00\" \/>\n<meta name=\"twitter:card\" content=\"summary_large_image\" \/>\n<meta name=\"twitter:label1\" content=\"Becs\u00fclt olvas\u00e1si id\u0151\" \/>\n\t<meta name=\"twitter:data1\" content=\"5 perc\" \/>\n<script type=\"application\/ld+json\" class=\"yoast-schema-graph\">{\"@context\":\"https:\\\/\\\/schema.org\",\"@graph\":[{\"@type\":\"WebPage\",\"@id\":\"https:\\\/\\\/stuttgarti-katolikusok.de\\\/index.php\\\/csapatunk-2\\\/\",\"url\":\"https:\\\/\\\/stuttgarti-katolikusok.de\\\/index.php\\\/csapatunk-2\\\/\",\"name\":\"Szent Gell\u00e9rt Egyh\u00e1zk\u00f6zs\u00e9g - Stuttgarti Katolikusok\",\"isPartOf\":{\"@id\":\"https:\\\/\\\/stuttgarti-katolikusok.de\\\/#website\"},\"datePublished\":\"2025-05-21T06:10:27+00:00\",\"dateModified\":\"2025-05-22T21:13:30+00:00\",\"breadcrumb\":{\"@id\":\"https:\\\/\\\/stuttgarti-katolikusok.de\\\/index.php\\\/csapatunk-2\\\/#breadcrumb\"},\"inLanguage\":\"hu\",\"potentialAction\":[{\"@type\":\"ReadAction\",\"target\":[\"https:\\\/\\\/stuttgarti-katolikusok.de\\\/index.php\\\/csapatunk-2\\\/\"]}]},{\"@type\":\"BreadcrumbList\",\"@id\":\"https:\\\/\\\/stuttgarti-katolikusok.de\\\/index.php\\\/csapatunk-2\\\/#breadcrumb\",\"itemListElement\":[{\"@type\":\"ListItem\",\"position\":1,\"name\":\"Kezd\u0151lap\",\"item\":\"https:\\\/\\\/stuttgarti-katolikusok.de\\\/\"},{\"@type\":\"ListItem\",\"position\":2,\"name\":\"Szent Gell\u00e9rt Egyh\u00e1zk\u00f6zs\u00e9g\"}]},{\"@type\":\"WebSite\",\"@id\":\"https:\\\/\\\/stuttgarti-katolikusok.de\\\/#website\",\"url\":\"https:\\\/\\\/stuttgarti-katolikusok.de\\\/\",\"name\":\"Stuttgarti Katolikusok\",\"description\":\"\",\"potentialAction\":[{\"@type\":\"SearchAction\",\"target\":{\"@type\":\"EntryPoint\",\"urlTemplate\":\"https:\\\/\\\/stuttgarti-katolikusok.de\\\/?s={search_term_string}\"},\"query-input\":{\"@type\":\"PropertyValueSpecification\",\"valueRequired\":true,\"valueName\":\"search_term_string\"}}],\"inLanguage\":\"hu\"}]}<\/script>\n<!-- \/ Yoast SEO plugin. -->","yoast_head_json":{"title":"Szent Gell\u00e9rt Egyh\u00e1zk\u00f6zs\u00e9g - Stuttgarti Katolikusok","robots":{"index":"index","follow":"follow","max-snippet":"max-snippet:-1","max-image-preview":"max-image-preview:large","max-video-preview":"max-video-preview:-1"},"canonical":"https:\/\/stuttgarti-katolikusok.de\/index.php\/csapatunk-2\/","og_locale":"hu_HU","og_type":"article","og_title":"Szent Gell\u00e9rt Egyh\u00e1zk\u00f6zs\u00e9g - Stuttgarti Katolikusok","og_description":"[vc_row][vc_column width=&#8221;1\/4&#8243;][\/vc_column][vc_column width=&#8221;1\/2&#8243;][\/vc_column][vc_column width=&#8221;1\/4&#8243;][\/vc_column][\/vc_row][vc_row][vc_column width=&#8221;1\/2&#8243;][\/vc_column][vc_column width=&#8221;1\/2&#8243;][\/vc_column][\/vc_row][vc_row][vc_column][vc_separator css=&#8221;&#8221;][vc_row_inner][vc_column_inner][\/vc_column_inner][\/vc_row_inner][vc_row_inner][vc_column_inner width=&#8221;1\/3&#8243;][\/vc_column_inner][vc_column_inner width=&#8221;1\/3&#8243;][\/vc_column_inner][vc_column_inner width=&#8221;1\/3&#8243;][\/vc_column_inner][\/vc_row_inner][vc_row_inner][vc_column_inner width=&#8221;1\/3&#8243;][\/vc_column_inner][vc_column_inner width=&#8221;1\/3&#8243;][\/vc_column_inner][vc_column_inner width=&#8221;1\/3&#8243;][\/vc_column_inner][\/vc_row_inner][vc_row_inner][vc_column_inner width=&#8221;1\/3&#8243;][\/vc_column_inner][vc_column_inner width=&#8221;1\/3&#8243;][\/vc_column_inner][vc_column_inner width=&#8221;1\/3&#8243;][\/vc_column_inner][\/vc_row_inner][vc_row_inner][vc_column_inner width=&#8221;1\/3&#8243;][\/vc_column_inner][vc_column_inner width=&#8221;1\/3&#8243;][\/vc_column_inner][vc_column_inner width=&#8221;1\/3&#8243;][\/vc_column_inner][\/vc_row_inner][vc_row_inner][vc_column_inner width=&#8221;1\/3&#8243;][\/vc_column_inner][vc_column_inner width=&#8221;1\/3&#8243;][\/vc_column_inner][vc_column_inner width=&#8221;1\/3&#8243;][\/vc_column_inner][\/vc_row_inner][vc_row_inner][vc_column_inner width=&#8221;1\/3&#8243;][\/vc_column_inner][vc_column_inner width=&#8221;1\/3&#8243;][\/vc_column_inner][vc_column_inner width=&#8221;1\/3&#8243;][\/vc_column_inner][\/vc_row_inner][vc_row_inner][vc_column_inner width=&#8221;1\/3&#8243;][\/vc_column_inner][vc_column_inner width=&#8221;1\/3&#8243;][\/vc_column_inner][vc_column_inner width=&#8221;1\/3&#8243;][\/vc_column_inner][\/vc_row_inner][\/vc_column][\/vc_row][vc_row][vc_column][vc_separator css=&#8221;&#8221;][vc_column_text css=&#8221;&#8221;][\/vc_column_text][\/vc_column][\/vc_row][vc_row][vc_column][vc_column_text css=&#8221;&#8221;]xxx[\/vc_column_text][\/vc_column][\/vc_row]","og_url":"https:\/\/stuttgarti-katolikusok.de\/index.php\/csapatunk-2\/","og_site_name":"Stuttgarti Katolikusok","article_modified_time":"2025-05-22T21:13:30+00:00","twitter_card":"summary_large_image","twitter_misc":{"Becs\u00fclt olvas\u00e1si id\u0151":"5 perc"},"schema":{"@context":"https:\/\/schema.org","@graph":[{"@type":"WebPage","@id":"https:\/\/stuttgarti-katolikusok.de\/index.php\/csapatunk-2\/","url":"https:\/\/stuttgarti-katolikusok.de\/index.php\/csapatunk-2\/","name":"Szent Gell\u00e9rt Egyh\u00e1zk\u00f6zs\u00e9g - Stuttgarti Katolikusok","isPartOf":{"@id":"https:\/\/stuttgarti-katolikusok.de\/#website"},"datePublished":"2025-05-21T06:10:27+00:00","dateModified":"2025-05-22T21:13:30+00:00","breadcrumb":{"@id":"https:\/\/stuttgarti-katolikusok.de\/index.php\/csapatunk-2\/#breadcrumb"},"inLanguage":"hu","potentialAction":[{"@type":"ReadAction","target":["https:\/\/stuttgarti-katolikusok.de\/index.php\/csapatunk-2\/"]}]},{"@type":"BreadcrumbList","@id":"https:\/\/stuttgarti-katolikusok.de\/index.php\/csapatunk-2\/#breadcrumb","itemListElement":[{"@type":"ListItem","position":1,"name":"Kezd\u0151lap","item":"https:\/\/stuttgarti-katolikusok.de\/"},{"@type":"ListItem","position":2,"name":"Szent Gell\u00e9rt Egyh\u00e1zk\u00f6zs\u00e9g"}]},{"@type":"WebSite","@id":"https:\/\/stuttgarti-katolikusok.de\/#website","url":"https:\/\/stuttgarti-katolikusok.de\/","name":"Stuttgarti Katolikusok","description":"","potentialAction":[{"@type":"SearchAction","target":{"@type":"EntryPoint","urlTemplate":"https:\/\/stuttgarti-katolikusok.de\/?s={search_term_string}"},"query-input":{"@type":"PropertyValueSpecification","valueRequired":true,"valueName":"search_term_string"}}],"inLanguage":"hu"}]}},"_links":{"self":[{"href":"https:\/\/stuttgarti-katolikusok.de\/index.php\/wp-json\/wp\/v2\/pages\/31001","targetHints":{"allow":["GET"]}}],"collection":[{"href":"https:\/\/stuttgarti-katolikusok.de\/index.php\/wp-json\/wp\/v2\/pages"}],"about":[{"href":"https:\/\/stuttgarti-katolikusok.de\/index.php\/wp-json\/wp\/v2\/types\/page"}],"author":[{"embeddable":true,"href":"https:\/\/stuttgarti-katolikusok.de\/index.php\/wp-json\/wp\/v2\/users\/7"}],"replies":[{"embeddable":true,"href":"https:\/\/stuttgarti-katolikusok.de\/index.php\/wp-json\/wp\/v2\/comments?post=31001"}],"version-history":[{"count":27,"href":"https:\/\/stuttgarti-katolikusok.de\/index.php\/wp-json\/wp\/v2\/pages\/31001\/revisions"}],"predecessor-version":[{"id":31059,"href":"https:\/\/stuttgarti-katolikusok.de\/index.php\/wp-json\/wp\/v2\/pages\/31001\/revisions\/31059"}],"wp:attachment":[{"href":"https:\/\/stuttgarti-katolikusok.de\/index.php\/wp-json\/wp\/v2\/media?parent=31001"}],"curies":[{"name":"wp","href":"https:\/\/api.w.org\/{rel}","templated":true}]}}