{"id":10362,"date":"2016-11-29T21:35:13","date_gmt":"2016-11-29T21:35:13","guid":{"rendered":"https:\/\/gracious-dewdney.138-201-221-2.plesk.page\/?page_id=10362"},"modified":"2026-04-15T19:30:00","modified_gmt":"2026-04-15T17:30:00","slug":"tuttlingen-2","status":"publish","type":"page","link":"https:\/\/stuttgarti-katolikusok.de\/index.php\/tuttlingen-2\/","title":{"rendered":"Tuttlingen"},"content":{"rendered":"<div class=\"wpb-content-wrapper\">[vc_row][vc_column]<div class=\"alert alert-info\">Szentmis\u00e9k a 2026-os esztend\u0151ben:<br \/>\n&#8211; 2026. janu\u00e1r 24-\u00e9n, szombaton, 16.00 \u00f3rakor.<br \/>\n&#8211; 2026. m\u00e1rcius 28-\u00e1n, szombaton, 16.00 \u00f3rakor.<br \/>\n&#8211; 2026. m\u00e1jus 30-\u00e1n, szombaton, 16.00 \u00f3rakor.<br \/>\n&#8211; 2026. j\u00fanius 13-\u00e1n, szombaton, 16.00 \u00f3rakor.<br \/>\n&#8211; 2026. szeptember 26-\u00e1n, szombaton, 16.00 \u00f3rakor.<br \/>\n&#8211; 2026. okt\u00f3ber 24-\u00e9n, szombaton, 16.00 \u00f3rakor.<br \/>\n&#8211; 2026. december 26-\u00e1n, Kar\u00e1csony II. napj\u00e1n, 16.00 \u00f3rakor.<br \/>\nMindenkit szeretettel v\u00e1runk Tuttlingenb\u0151l \u00e9s k\u00f6rny\u00e9k\u00e9r\u0151l.<\/div>[\/vc_column][\/vc_row][vc_row][vc_column width=&#8221;1\/2&#8243;]<article class=\"icon-box6\" ><i class=\"fa-institution\" style=\"\"><\/i><h4>A szentmise helye<\/h4><p>78532 Tuttlingen, Guttenbergstrasse 9<br \/>\nSt. Gallus Kirche<\/p><\/article>[\/vc_column][vc_column width=&#8221;1\/2&#8243;]<article class=\"icon-box6\" ><i class=\"fa-clock-o\" style=\"\"><\/i><h4>A szentmise ideje<\/h4><p>A h\u00f3nap IV. szombatj\u00e1n tal\u00e1lkozunk 16.00 \u00f3rakor.<br \/>\nMindenkit szeretettel v\u00e1runk!<\/p><\/article>[\/vc_column][\/vc_row][vc_row][vc_column width=&#8221;1\/2&#8243;][vc_column_text]<strong>Templomb\u00facs\u00fa:\u00a0<\/strong><\/p>\n<p><strong>Leg\u00e1tusok:<\/strong>\u00a0Juh\u00e1sz-\u00c1d\u00e1m Katalin<\/p>\n<p><strong>Tud\u00f3s\u00edt\u00f3: <\/strong>Juh\u00e1sz-\u00c1d\u00e1m Katalin<\/p>\n<p><strong>Sekresty\u00e9s:<\/strong><\/p>\n<p><strong>Orgonista:<\/strong><\/p>\n<p><strong>Felolvas\u00f3k: <\/strong>Juh\u00e1sz-\u00c1d\u00e1m Katalin<\/p>\n<p><strong>Minsitr\u00e1nsok:<\/strong>[\/vc_column_text][\/vc_column][vc_column width=&#8221;1\/2&#8243;][vc_single_image image=&#8221;26264&#8243; img_size=&#8221;full&#8221; css_animation=&#8221;appear&#8221;][\/vc_column][\/vc_row][vc_row][vc_column][vc_column_text]\t\n\t<!-- Start Google Routeplanner Plugin Output -->\n<script type=\"text\/javascript\">var destination_16 = '78532 Tuttlingen Guttenbergstrasse 9';\nvar map_width_16 = 500;\nvar map_width_unit_16 = 'px';\nvar map_height_16 = 400;\nvar map_height_unit_16 = 'px';\nvar zoom_16 = 8;\nvar map_type_16 = 'ROADMAP';\nvar zoom_control_16 = 'DEFAULT';\nvar pan_control_16 = 'true';\nvar type_control_16 = 'DEFAULT';\nvar autofill_16 = 0;\n<\/script><script type=\"text\/javascript\" src=\"https:\/\/maps.google.com\/maps\/api\/js?key=AIzaSyBmVkXxjKe2a8kb5bMMLBl9SFVrvttFrU8&amp;language=hu\"><\/script>\n<script type=\"text\/javascript\" src=\"https:\/\/stuttgarti-katolikusok.de\/wp-content\/plugins\/google-routeplaner\/google-routeplaner-main-js.php?plan_id=16\"><\/script>\n<form action=\"#\" onsubmit=\"calcRoute16(); return false\">\n\t <div id=\"map_controls16\" class=\"google_map_controls\"><label for=\"fromAddress16\">Indul\u00e1s helye<\/label> <input type=\"text\" size=\"25\" id=\"fromAddress16\" name=\"from\" value=\"\"\/><input name=\"calc\" type=\"submit\" value=\"\u00datvonal mutat\u00e1sa\" \/><\/div>\n\t <div id=\"map_canvas16\" class=\"google_map_canvas\" style=\"overflow: hidden; width: 500px; height: 400px;\"><\/div>\n\t <div id=\"map_directions16\" class=\"google_map_directions\"><\/div>\n\t<\/form>\n<script type=\"text\/javascript\" src=\"https:\/\/stuttgarti-katolikusok.de\/wp-content\/plugins\/google-routeplaner\/google-routeplaner-js.php?plan_id=16&autofill=0\"><\/script>\n<!-- End Google Routeplanner Plugin Output --><p>\n[\/vc_column_text][\/vc_column][\/vc_row]\n<\/div>","protected":false},"excerpt":{"rendered":"<p>[vc_row][vc_column][\/vc_column][\/vc_row][vc_row][vc_column width=&#8221;1\/2&#8243;][\/vc_column][vc_column width=&#8221;1\/2&#8243;][\/vc_column][\/vc_row][vc_row][vc_column width=&#8221;1\/2&#8243;][vc_column_text]Templomb\u00facs\u00fa:\u00a0 Leg\u00e1tusok:\u00a0Juh\u00e1sz-\u00c1d\u00e1m Katalin Tud\u00f3s\u00edt\u00f3: Juh\u00e1sz-\u00c1d\u00e1m Katalin Sekresty\u00e9s: Orgonista: Felolvas\u00f3k: Juh\u00e1sz-\u00c1d\u00e1m Katalin Minsitr\u00e1nsok:[\/vc_column_text][\/vc_column][vc_column width=&#8221;1\/2&#8243;][vc_single_image image=&#8221;26264&#8243; img_size=&#8221;full&#8221; css_animation=&#8221;appear&#8221;][\/vc_column][\/vc_row][vc_row][vc_column][vc_column_text] Indul\u00e1s helye [\/vc_column_text][\/vc_column][\/vc_row]<\/p>\n","protected":false},"author":3,"featured_media":0,"parent":0,"menu_order":0,"comment_status":"closed","ping_status":"closed","template":"","meta":{"footnotes":""},"class_list":["post-10362","page","type-page","status-publish","hentry"],"yoast_head":"<!-- This site is optimized with the Yoast SEO plugin v27.3 - https:\/\/yoast.com\/product\/yoast-seo-wordpress\/ -->\n<title>Tuttlingen - Stuttgarti Katolikusok<\/title>\n<meta name=\"robots\" content=\"index, follow, max-snippet:-1, max-image-preview:large, max-video-preview:-1\" \/>\n<link rel=\"canonical\" href=\"https:\/\/stuttgarti-katolikusok.de\/index.php\/tuttlingen-2\/\" \/>\n<meta property=\"og:locale\" content=\"hu_HU\" \/>\n<meta property=\"og:type\" content=\"article\" \/>\n<meta property=\"og:title\" content=\"Tuttlingen - Stuttgarti Katolikusok\" \/>\n<meta property=\"og:description\" content=\"[vc_row][vc_column][\/vc_column][\/vc_row][vc_row][vc_column width=&#8221;1\/2&#8243;][\/vc_column][vc_column width=&#8221;1\/2&#8243;][\/vc_column][\/vc_row][vc_row][vc_column width=&#8221;1\/2&#8243;][vc_column_text]Templomb\u00facs\u00fa:\u00a0 Leg\u00e1tusok:\u00a0Juh\u00e1sz-\u00c1d\u00e1m Katalin Tud\u00f3s\u00edt\u00f3: Juh\u00e1sz-\u00c1d\u00e1m Katalin Sekresty\u00e9s: Orgonista: Felolvas\u00f3k: Juh\u00e1sz-\u00c1d\u00e1m Katalin Minsitr\u00e1nsok:[\/vc_column_text][\/vc_column][vc_column width=&#8221;1\/2&#8243;][vc_single_image image=&#8221;26264&#8243; img_size=&#8221;full&#8221; css_animation=&#8221;appear&#8221;][\/vc_column][\/vc_row][vc_row][vc_column][vc_column_text] Indul\u00e1s helye [\/vc_column_text][\/vc_column][\/vc_row]\" \/>\n<meta property=\"og:url\" content=\"https:\/\/stuttgarti-katolikusok.de\/index.php\/tuttlingen-2\/\" \/>\n<meta property=\"og:site_name\" content=\"Stuttgarti Katolikusok\" \/>\n<meta property=\"article:modified_time\" content=\"2026-04-15T17:30:00+00:00\" \/>\n<meta name=\"twitter:card\" content=\"summary_large_image\" \/>\n<meta name=\"twitter:label1\" content=\"Becs\u00fclt olvas\u00e1si id\u0151\" \/>\n\t<meta name=\"twitter:data1\" content=\"1 perc\" \/>\n<script type=\"application\/ld+json\" class=\"yoast-schema-graph\">{\"@context\":\"https:\\\/\\\/schema.org\",\"@graph\":[{\"@type\":\"WebPage\",\"@id\":\"https:\\\/\\\/stuttgarti-katolikusok.de\\\/index.php\\\/tuttlingen-2\\\/\",\"url\":\"https:\\\/\\\/stuttgarti-katolikusok.de\\\/index.php\\\/tuttlingen-2\\\/\",\"name\":\"Tuttlingen - Stuttgarti Katolikusok\",\"isPartOf\":{\"@id\":\"https:\\\/\\\/stuttgarti-katolikusok.de\\\/#website\"},\"datePublished\":\"2016-11-29T21:35:13+00:00\",\"dateModified\":\"2026-04-15T17:30:00+00:00\",\"breadcrumb\":{\"@id\":\"https:\\\/\\\/stuttgarti-katolikusok.de\\\/index.php\\\/tuttlingen-2\\\/#breadcrumb\"},\"inLanguage\":\"hu\",\"potentialAction\":[{\"@type\":\"ReadAction\",\"target\":[\"https:\\\/\\\/stuttgarti-katolikusok.de\\\/index.php\\\/tuttlingen-2\\\/\"]}]},{\"@type\":\"BreadcrumbList\",\"@id\":\"https:\\\/\\\/stuttgarti-katolikusok.de\\\/index.php\\\/tuttlingen-2\\\/#breadcrumb\",\"itemListElement\":[{\"@type\":\"ListItem\",\"position\":1,\"name\":\"Kezd\u0151lap\",\"item\":\"https:\\\/\\\/stuttgarti-katolikusok.de\\\/\"},{\"@type\":\"ListItem\",\"position\":2,\"name\":\"Tuttlingen\"}]},{\"@type\":\"WebSite\",\"@id\":\"https:\\\/\\\/stuttgarti-katolikusok.de\\\/#website\",\"url\":\"https:\\\/\\\/stuttgarti-katolikusok.de\\\/\",\"name\":\"Stuttgarti Katolikusok\",\"description\":\"\",\"potentialAction\":[{\"@type\":\"SearchAction\",\"target\":{\"@type\":\"EntryPoint\",\"urlTemplate\":\"https:\\\/\\\/stuttgarti-katolikusok.de\\\/?s={search_term_string}\"},\"query-input\":{\"@type\":\"PropertyValueSpecification\",\"valueRequired\":true,\"valueName\":\"search_term_string\"}}],\"inLanguage\":\"hu\"}]}<\/script>\n<!-- \/ Yoast SEO plugin. -->","yoast_head_json":{"title":"Tuttlingen - Stuttgarti Katolikusok","robots":{"index":"index","follow":"follow","max-snippet":"max-snippet:-1","max-image-preview":"max-image-preview:large","max-video-preview":"max-video-preview:-1"},"canonical":"https:\/\/stuttgarti-katolikusok.de\/index.php\/tuttlingen-2\/","og_locale":"hu_HU","og_type":"article","og_title":"Tuttlingen - Stuttgarti Katolikusok","og_description":"[vc_row][vc_column][\/vc_column][\/vc_row][vc_row][vc_column width=&#8221;1\/2&#8243;][\/vc_column][vc_column width=&#8221;1\/2&#8243;][\/vc_column][\/vc_row][vc_row][vc_column width=&#8221;1\/2&#8243;][vc_column_text]Templomb\u00facs\u00fa:\u00a0 Leg\u00e1tusok:\u00a0Juh\u00e1sz-\u00c1d\u00e1m Katalin Tud\u00f3s\u00edt\u00f3: Juh\u00e1sz-\u00c1d\u00e1m Katalin Sekresty\u00e9s: Orgonista: Felolvas\u00f3k: Juh\u00e1sz-\u00c1d\u00e1m Katalin Minsitr\u00e1nsok:[\/vc_column_text][\/vc_column][vc_column width=&#8221;1\/2&#8243;][vc_single_image image=&#8221;26264&#8243; img_size=&#8221;full&#8221; css_animation=&#8221;appear&#8221;][\/vc_column][\/vc_row][vc_row][vc_column][vc_column_text] Indul\u00e1s helye [\/vc_column_text][\/vc_column][\/vc_row]","og_url":"https:\/\/stuttgarti-katolikusok.de\/index.php\/tuttlingen-2\/","og_site_name":"Stuttgarti Katolikusok","article_modified_time":"2026-04-15T17:30:00+00:00","twitter_card":"summary_large_image","twitter_misc":{"Becs\u00fclt olvas\u00e1si id\u0151":"1 perc"},"schema":{"@context":"https:\/\/schema.org","@graph":[{"@type":"WebPage","@id":"https:\/\/stuttgarti-katolikusok.de\/index.php\/tuttlingen-2\/","url":"https:\/\/stuttgarti-katolikusok.de\/index.php\/tuttlingen-2\/","name":"Tuttlingen - Stuttgarti Katolikusok","isPartOf":{"@id":"https:\/\/stuttgarti-katolikusok.de\/#website"},"datePublished":"2016-11-29T21:35:13+00:00","dateModified":"2026-04-15T17:30:00+00:00","breadcrumb":{"@id":"https:\/\/stuttgarti-katolikusok.de\/index.php\/tuttlingen-2\/#breadcrumb"},"inLanguage":"hu","potentialAction":[{"@type":"ReadAction","target":["https:\/\/stuttgarti-katolikusok.de\/index.php\/tuttlingen-2\/"]}]},{"@type":"BreadcrumbList","@id":"https:\/\/stuttgarti-katolikusok.de\/index.php\/tuttlingen-2\/#breadcrumb","itemListElement":[{"@type":"ListItem","position":1,"name":"Kezd\u0151lap","item":"https:\/\/stuttgarti-katolikusok.de\/"},{"@type":"ListItem","position":2,"name":"Tuttlingen"}]},{"@type":"WebSite","@id":"https:\/\/stuttgarti-katolikusok.de\/#website","url":"https:\/\/stuttgarti-katolikusok.de\/","name":"Stuttgarti Katolikusok","description":"","potentialAction":[{"@type":"SearchAction","target":{"@type":"EntryPoint","urlTemplate":"https:\/\/stuttgarti-katolikusok.de\/?s={search_term_string}"},"query-input":{"@type":"PropertyValueSpecification","valueRequired":true,"valueName":"search_term_string"}}],"inLanguage":"hu"}]}},"_links":{"self":[{"href":"https:\/\/stuttgarti-katolikusok.de\/index.php\/wp-json\/wp\/v2\/pages\/10362","targetHints":{"allow":["GET"]}}],"collection":[{"href":"https:\/\/stuttgarti-katolikusok.de\/index.php\/wp-json\/wp\/v2\/pages"}],"about":[{"href":"https:\/\/stuttgarti-katolikusok.de\/index.php\/wp-json\/wp\/v2\/types\/page"}],"author":[{"embeddable":true,"href":"https:\/\/stuttgarti-katolikusok.de\/index.php\/wp-json\/wp\/v2\/users\/3"}],"replies":[{"embeddable":true,"href":"https:\/\/stuttgarti-katolikusok.de\/index.php\/wp-json\/wp\/v2\/comments?post=10362"}],"version-history":[{"count":56,"href":"https:\/\/stuttgarti-katolikusok.de\/index.php\/wp-json\/wp\/v2\/pages\/10362\/revisions"}],"predecessor-version":[{"id":33030,"href":"https:\/\/stuttgarti-katolikusok.de\/index.php\/wp-json\/wp\/v2\/pages\/10362\/revisions\/33030"}],"wp:attachment":[{"href":"https:\/\/stuttgarti-katolikusok.de\/index.php\/wp-json\/wp\/v2\/media?parent=10362"}],"curies":[{"name":"wp","href":"https:\/\/api.w.org\/{rel}","templated":true}]}}